{"id":21525,"date":"2025-02-16T17:07:26","date_gmt":"2025-02-16T16:07:26","guid":{"rendered":"https:\/\/herbaltattoo.eu\/produkt\/inschrift\/"},"modified":"2026-02-15T18:09:20","modified_gmt":"2026-02-15T17:09:20","slug":"inschrift","status":"publish","type":"product","link":"https:\/\/herbaltattoo.eu\/de\/produkt\/inschrift\/","title":{"rendered":"Inschrift"},"content":{"rendered":"","protected":false},"excerpt":{"rendered":"<p>Das Tattoo mit der Aufschrift \u201e<strong data-start=\"17\" data-end=\"39\">Choose Happiness<\/strong>\u201d symbolisiert die bewusste Entscheidung f\u00fcr Freude und eine positive Lebenseinstellung. Es erinnert daran, dass Gl\u00fcck eine Entscheidung ist und nicht nur das Ergebnis von Umst\u00e4nden. Es kann motivieren, den Moment zu sch\u00e4tzen, Schwierigkeiten zu \u00fcberwinden und sich vom Optimismus leiten zu lassen. Das Motiv wird oft mit einer zarten Schrift, einem Herzen, einer Sonne oder anderen Gl\u00fcckssymbolen kombiniert.   <\/p>\n","protected":false},"featured_media":21383,"template":"","meta":{"_monsterinsights_skip_tracking":false,"_monsterinsights_sitenote_active":false,"_monsterinsights_sitenote_note":"","_monsterinsights_sitenote_category":0,"_kadence_starter_templates_imported_post":false,"_kad_post_transparent":"","_kad_post_title":"","_kad_post_layout":"","_kad_post_sidebar_id":"","_kad_post_content_style":"","_kad_post_vertical_padding":"","_kad_post_feature":"","_kad_post_feature_position":"","_kad_post_header":false,"_kad_post_footer":false,"_kad_post_classname":""},"product_brand":[],"product_cat":[78,83],"product_tag":[],"class_list":{"0":"post-21525","1":"product","2":"type-product","3":"status-publish","4":"has-post-thumbnail","6":"product_cat-alles","7":"product_cat-minimalistisch","9":"first","10":"instock","11":"taxable","12":"shipping-taxable","13":"purchasable","14":"product-type-simple","15":"entry","16":"content-bg","17":"loop-entry"},"jetpack_sharing_enabled":true,"_links":{"self":[{"href":"https:\/\/herbaltattoo.eu\/de\/wp-json\/wp\/v2\/product\/21525","targetHints":{"allow":["GET"]}}],"collection":[{"href":"https:\/\/herbaltattoo.eu\/de\/wp-json\/wp\/v2\/product"}],"about":[{"href":"https:\/\/herbaltattoo.eu\/de\/wp-json\/wp\/v2\/types\/product"}],"wp:featuredmedia":[{"embeddable":true,"href":"https:\/\/herbaltattoo.eu\/de\/wp-json\/wp\/v2\/media\/21383"}],"wp:attachment":[{"href":"https:\/\/herbaltattoo.eu\/de\/wp-json\/wp\/v2\/media?parent=21525"}],"wp:term":[{"taxonomy":"product_brand","embeddable":true,"href":"https:\/\/herbaltattoo.eu\/de\/wp-json\/wp\/v2\/product_brand?post=21525"},{"taxonomy":"product_cat","embeddable":true,"href":"https:\/\/herbaltattoo.eu\/de\/wp-json\/wp\/v2\/product_cat?post=21525"},{"taxonomy":"product_tag","embeddable":true,"href":"https:\/\/herbaltattoo.eu\/de\/wp-json\/wp\/v2\/product_tag?post=21525"}],"curies":[{"name":"wp","href":"https:\/\/api.w.org\/{rel}","templated":true}]}}