{"id":21507,"date":"2025-02-16T17:10:21","date_gmt":"2025-02-16T16:10:21","guid":{"rendered":"https:\/\/herbaltattoo.eu\/produkt\/schmetterling-3\/"},"modified":"2026-02-15T18:08:53","modified_gmt":"2026-02-15T17:08:53","slug":"schmetterling-3","status":"publish","type":"product","link":"https:\/\/herbaltattoo.eu\/de\/produkt\/schmetterling-3\/","title":{"rendered":"Schmetterling"},"content":{"rendered":"<p>Ein Schmetterlingstattoo symbolisiert Verwandlung, Freiheit und Neuanfang. Es wird mit Ver\u00e4nderung, Wiedergeburt und spiritueller Entwicklung assoziiert. Oft steht es auch f\u00fcr Zartheit, Sch\u00f6nheit und die Verg\u00e4nglichkeit des Lebens. Beliebte Motive sind bunte Schmetterlinge als Symbol f\u00fcr Freude sowie schwarze oder minimalistische Designs, die Eleganz und Subtilit\u00e4t betonen.   <\/p>\n","protected":false},"excerpt":{"rendered":"<p>Ein Schmetterlingstattoo symbolisiert Verwandlung, Freiheit und Neuanfang. Es wird mit Ver\u00e4nderung, Wiedergeburt und spiritueller Entwicklung assoziiert. Oft steht es auch f\u00fcr Zartheit, Sch\u00f6nheit und die Verg\u00e4nglichkeit des Lebens. Beliebte Motive sind bunte Schmetterlinge als Symbol f\u00fcr Freude sowie schwarze oder minimalistische Designs, die Eleganz und Subtilit\u00e4t betonen.<\/p>\n","protected":false},"featured_media":21509,"template":"","meta":{"_monsterinsights_skip_tracking":false,"_monsterinsights_sitenote_active":false,"_monsterinsights_sitenote_note":"","_monsterinsights_sitenote_category":0,"_kadence_starter_templates_imported_post":false,"_kad_post_transparent":"","_kad_post_title":"","_kad_post_layout":"","_kad_post_sidebar_id":"","_kad_post_content_style":"","_kad_post_vertical_padding":"","_kad_post_feature":"","_kad_post_feature_position":"","_kad_post_header":false,"_kad_post_footer":false,"_kad_post_classname":""},"product_brand":[],"product_cat":[78,83],"product_tag":[],"class_list":{"0":"post-21507","1":"product","2":"type-product","3":"status-publish","4":"has-post-thumbnail","6":"product_cat-alles","7":"product_cat-minimalistisch","9":"first","10":"instock","11":"taxable","12":"shipping-taxable","13":"purchasable","14":"product-type-simple","15":"entry","16":"content-bg","17":"loop-entry"},"jetpack_sharing_enabled":true,"_links":{"self":[{"href":"https:\/\/herbaltattoo.eu\/de\/wp-json\/wp\/v2\/product\/21507","targetHints":{"allow":["GET"]}}],"collection":[{"href":"https:\/\/herbaltattoo.eu\/de\/wp-json\/wp\/v2\/product"}],"about":[{"href":"https:\/\/herbaltattoo.eu\/de\/wp-json\/wp\/v2\/types\/product"}],"wp:featuredmedia":[{"embeddable":true,"href":"https:\/\/herbaltattoo.eu\/de\/wp-json\/wp\/v2\/media\/21509"}],"wp:attachment":[{"href":"https:\/\/herbaltattoo.eu\/de\/wp-json\/wp\/v2\/media?parent=21507"}],"wp:term":[{"taxonomy":"product_brand","embeddable":true,"href":"https:\/\/herbaltattoo.eu\/de\/wp-json\/wp\/v2\/product_brand?post=21507"},{"taxonomy":"product_cat","embeddable":true,"href":"https:\/\/herbaltattoo.eu\/de\/wp-json\/wp\/v2\/product_cat?post=21507"},{"taxonomy":"product_tag","embeddable":true,"href":"https:\/\/herbaltattoo.eu\/de\/wp-json\/wp\/v2\/product_tag?post=21507"}],"curies":[{"name":"wp","href":"https:\/\/api.w.org\/{rel}","templated":true}]}}