{"id":21396,"date":"2025-02-16T17:08:38","date_gmt":"2025-02-16T16:08:38","guid":{"rendered":"https:\/\/herbaltattoo.eu\/produkt\/palms\/"},"modified":"2026-02-15T18:09:20","modified_gmt":"2026-02-15T17:09:20","slug":"palms","status":"publish","type":"product","link":"https:\/\/herbaltattoo.eu\/de\/produkt\/palms\/","title":{"rendered":"Palms"},"content":{"rendered":"<p>Tetov\u00e1n\u00ed s palmami symbolizuje dovolenkovou pohodu, svobodu a klid. M\u016f\u017ee znamenat l\u00e1sku k cestov\u00e1n\u00ed, tropick\u00fdm m\u00edst\u016fm nebo bezstarostn\u00e9mu \u017eivotn\u00edmu stylu. Palmy jsou tak\u00e9 symbolem vytrvalosti a odolnosti, proto\u017ee rostou i v n\u00e1ro\u010dn\u00fdch podm\u00ednk\u00e1ch. Motiv se \u010dasto kombinuje s pl\u00e1\u017e\u00ed, sluncem nebo oce\u00e1nem, co\u017e podtrhuje touhu po relaxaci a harmonii.   <\/p>\n","protected":false},"excerpt":{"rendered":"<p>Tetov\u00e1n\u00ed s palmami symbolizuje dovolenkovou pohodu, svobodu a klid. M\u016f\u017ee znamenat l\u00e1sku k cestov\u00e1n\u00ed, tropick\u00fdm m\u00edst\u016fm nebo bezstarostn\u00e9mu \u017eivotn\u00edmu stylu. Palmy jsou tak\u00e9 symbolem vytrvalosti a odolnosti, proto\u017ee rostou i v n\u00e1ro\u010dn\u00fdch podm\u00ednk\u00e1ch. Motiv se \u010dasto kombinuje s pl\u00e1\u017e\u00ed, sluncem nebo oce\u00e1nem, co\u017e podtrhuje touhu po relaxaci a harmonii.<\/p>\n","protected":false},"featured_media":21389,"template":"","meta":{"_monsterinsights_skip_tracking":false,"_monsterinsights_sitenote_active":false,"_monsterinsights_sitenote_note":"","_monsterinsights_sitenote_category":0,"_kadence_starter_templates_imported_post":false,"_kad_post_transparent":"","_kad_post_title":"","_kad_post_layout":"","_kad_post_sidebar_id":"","_kad_post_content_style":"","_kad_post_vertical_padding":"","_kad_post_feature":"","_kad_post_feature_position":"","_kad_post_header":false,"_kad_post_footer":false,"_kad_post_classname":""},"product_brand":[],"product_cat":[78,83],"product_tag":[],"class_list":{"0":"post-21396","1":"product","2":"type-product","3":"status-publish","4":"has-post-thumbnail","6":"product_cat-alles","7":"product_cat-minimalistisch","9":"first","10":"instock","11":"taxable","12":"shipping-taxable","13":"purchasable","14":"product-type-simple","15":"entry","16":"content-bg","17":"loop-entry"},"jetpack_sharing_enabled":true,"_links":{"self":[{"href":"https:\/\/herbaltattoo.eu\/de\/wp-json\/wp\/v2\/product\/21396","targetHints":{"allow":["GET"]}}],"collection":[{"href":"https:\/\/herbaltattoo.eu\/de\/wp-json\/wp\/v2\/product"}],"about":[{"href":"https:\/\/herbaltattoo.eu\/de\/wp-json\/wp\/v2\/types\/product"}],"wp:featuredmedia":[{"embeddable":true,"href":"https:\/\/herbaltattoo.eu\/de\/wp-json\/wp\/v2\/media\/21389"}],"wp:attachment":[{"href":"https:\/\/herbaltattoo.eu\/de\/wp-json\/wp\/v2\/media?parent=21396"}],"wp:term":[{"taxonomy":"product_brand","embeddable":true,"href":"https:\/\/herbaltattoo.eu\/de\/wp-json\/wp\/v2\/product_brand?post=21396"},{"taxonomy":"product_cat","embeddable":true,"href":"https:\/\/herbaltattoo.eu\/de\/wp-json\/wp\/v2\/product_cat?post=21396"},{"taxonomy":"product_tag","embeddable":true,"href":"https:\/\/herbaltattoo.eu\/de\/wp-json\/wp\/v2\/product_tag?post=21396"}],"curies":[{"name":"wp","href":"https:\/\/api.w.org\/{rel}","templated":true}]}}