{"id":21386,"date":"2025-02-16T17:06:55","date_gmt":"2025-02-16T16:06:55","guid":{"rendered":"https:\/\/herbaltattoo.eu\/produkt\/samolot\/"},"modified":"2026-02-15T18:09:20","modified_gmt":"2026-02-15T17:09:20","slug":"samolot","status":"publish","type":"product","link":"https:\/\/herbaltattoo.eu\/de\/produkt\/samolot\/","title":{"rendered":"Flugzeug"},"content":{"rendered":"<p>Tetov\u00e1n\u00ed s letadlem a srdcem symbolizuje l\u00e1sku k cestov\u00e1n\u00ed, touhu po bl\u00edzk\u00fdch nebo vztah na d\u00e1lku. M\u016f\u017ee tak\u00e9 znamenat v\u00e1\u0161e\u0148 pro objevov\u00e1n\u00ed sv\u011bta a touhu po svobod\u011b. Tento vzor \u010dasto p\u0159edstavuje stopu letu ve tvaru srdce, co\u017e zd\u016fraz\u0148uje emocion\u00e1ln\u00ed rozm\u011br cestov\u00e1n\u00ed a v\u00fdznam m\u00edst nebo osob v \u017eivot\u011b nositele.  <\/p>\n","protected":false},"excerpt":{"rendered":"<p>Tetov\u00e1n\u00ed s letadlem a srdcem symbolizuje l\u00e1sku k cestov\u00e1n\u00ed, touhu po bl\u00edzk\u00fdch nebo vztah na d\u00e1lku. M\u016f\u017ee tak\u00e9 znamenat v\u00e1\u0161e\u0148 pro objevov\u00e1n\u00ed sv\u011bta a touhu po svobod\u011b. Tento vzor \u010dasto p\u0159edstavuje stopu letu ve tvaru srdce, co\u017e zd\u016fraz\u0148uje emocion\u00e1ln\u00ed rozm\u011br cestov\u00e1n\u00ed a v\u00fdznam m\u00edst nebo osob v \u017eivot\u011b nositele.<\/p>\n","protected":false},"featured_media":21377,"template":"","meta":{"_monsterinsights_skip_tracking":false,"_monsterinsights_sitenote_active":false,"_monsterinsights_sitenote_note":"","_monsterinsights_sitenote_category":0,"_kadence_starter_templates_imported_post":false,"_kad_post_transparent":"","_kad_post_title":"","_kad_post_layout":"","_kad_post_sidebar_id":"","_kad_post_content_style":"","_kad_post_vertical_padding":"","_kad_post_feature":"","_kad_post_feature_position":"","_kad_post_header":false,"_kad_post_footer":false,"_kad_post_classname":""},"product_brand":[],"product_cat":[78,83],"product_tag":[],"class_list":{"0":"post-21386","1":"product","2":"type-product","3":"status-publish","4":"has-post-thumbnail","6":"product_cat-alles","7":"product_cat-minimalistisch","9":"first","10":"instock","11":"taxable","12":"shipping-taxable","13":"purchasable","14":"product-type-simple","15":"entry","16":"content-bg","17":"loop-entry"},"jetpack_sharing_enabled":true,"_links":{"self":[{"href":"https:\/\/herbaltattoo.eu\/de\/wp-json\/wp\/v2\/product\/21386","targetHints":{"allow":["GET"]}}],"collection":[{"href":"https:\/\/herbaltattoo.eu\/de\/wp-json\/wp\/v2\/product"}],"about":[{"href":"https:\/\/herbaltattoo.eu\/de\/wp-json\/wp\/v2\/types\/product"}],"wp:featuredmedia":[{"embeddable":true,"href":"https:\/\/herbaltattoo.eu\/de\/wp-json\/wp\/v2\/media\/21377"}],"wp:attachment":[{"href":"https:\/\/herbaltattoo.eu\/de\/wp-json\/wp\/v2\/media?parent=21386"}],"wp:term":[{"taxonomy":"product_brand","embeddable":true,"href":"https:\/\/herbaltattoo.eu\/de\/wp-json\/wp\/v2\/product_brand?post=21386"},{"taxonomy":"product_cat","embeddable":true,"href":"https:\/\/herbaltattoo.eu\/de\/wp-json\/wp\/v2\/product_cat?post=21386"},{"taxonomy":"product_tag","embeddable":true,"href":"https:\/\/herbaltattoo.eu\/de\/wp-json\/wp\/v2\/product_tag?post=21386"}],"curies":[{"name":"wp","href":"https:\/\/api.w.org\/{rel}","templated":true}]}}