{"id":21380,"date":"2025-02-16T17:05:57","date_gmt":"2025-02-16T16:05:57","guid":{"rendered":"https:\/\/herbaltattoo.eu\/produkt\/papirove-letadlo\/"},"modified":"2026-02-15T18:09:20","modified_gmt":"2026-02-15T17:09:20","slug":"papirove-letadlo","status":"publish","type":"product","link":"https:\/\/herbaltattoo.eu\/de\/produkt\/papirove-letadlo\/","title":{"rendered":"Papierflieger"},"content":{"rendered":"<p>Ein Papierflieger-Tattoo symbolisiert Freiheit, Tr\u00e4ume und Unbeschwertheit. Es kann den Wunsch nach neuen M\u00f6glichkeiten, Spontaneit\u00e4t und eine entspannte Lebenseinstellung ausdr\u00fccken. Oft wird es auch mit Reisen, der Kindheit oder unkonventionellen Wegen zur Zielerreichung in Verbindung gebracht.<\/p>\n","protected":false},"excerpt":{"rendered":"<p>Ein Papierflieger-Tattoo symbolisiert Freiheit, Tr\u00e4ume und Unbeschwertheit. Es kann den Wunsch nach neuen M\u00f6glichkeiten, Spontaneit\u00e4t und eine entspannte Lebenseinstellung ausdr\u00fccken. Oft wird es auch mit Reisen, der Kindheit oder unkonventionellen Wegen zur Zielerreichung in Verbindung gebracht.<\/p>\n","protected":false},"featured_media":21371,"template":"","meta":{"_monsterinsights_skip_tracking":false,"_monsterinsights_sitenote_active":false,"_monsterinsights_sitenote_note":"","_monsterinsights_sitenote_category":0,"_kadence_starter_templates_imported_post":false,"_kad_post_transparent":"default","_kad_post_title":"","_kad_post_layout":"default","_kad_post_sidebar_id":"","_kad_post_content_style":"default","_kad_post_vertical_padding":"default","_kad_post_feature":"","_kad_post_feature_position":"","_kad_post_header":false,"_kad_post_footer":false,"_kad_post_classname":""},"product_brand":[],"product_cat":[78,83],"product_tag":[],"class_list":{"0":"post-21380","1":"product","2":"type-product","3":"status-publish","4":"has-post-thumbnail","6":"product_cat-alles","7":"product_cat-minimalistisch","9":"first","10":"instock","11":"taxable","12":"shipping-taxable","13":"purchasable","14":"product-type-simple","15":"entry","16":"content-bg","17":"loop-entry"},"jetpack_sharing_enabled":true,"_links":{"self":[{"href":"https:\/\/herbaltattoo.eu\/de\/wp-json\/wp\/v2\/product\/21380","targetHints":{"allow":["GET"]}}],"collection":[{"href":"https:\/\/herbaltattoo.eu\/de\/wp-json\/wp\/v2\/product"}],"about":[{"href":"https:\/\/herbaltattoo.eu\/de\/wp-json\/wp\/v2\/types\/product"}],"wp:featuredmedia":[{"embeddable":true,"href":"https:\/\/herbaltattoo.eu\/de\/wp-json\/wp\/v2\/media\/21371"}],"wp:attachment":[{"href":"https:\/\/herbaltattoo.eu\/de\/wp-json\/wp\/v2\/media?parent=21380"}],"wp:term":[{"taxonomy":"product_brand","embeddable":true,"href":"https:\/\/herbaltattoo.eu\/de\/wp-json\/wp\/v2\/product_brand?post=21380"},{"taxonomy":"product_cat","embeddable":true,"href":"https:\/\/herbaltattoo.eu\/de\/wp-json\/wp\/v2\/product_cat?post=21380"},{"taxonomy":"product_tag","embeddable":true,"href":"https:\/\/herbaltattoo.eu\/de\/wp-json\/wp\/v2\/product_tag?post=21380"}],"curies":[{"name":"wp","href":"https:\/\/api.w.org\/{rel}","templated":true}]}}