{"id":21356,"date":"2025-02-16T17:01:28","date_gmt":"2025-02-16T16:01:28","guid":{"rendered":"https:\/\/herbaltattoo.eu\/produkt\/rose-2\/"},"modified":"2026-02-15T18:09:20","modified_gmt":"2026-02-15T17:09:20","slug":"rose-2","status":"publish","type":"product","link":"https:\/\/herbaltattoo.eu\/de\/produkt\/rose-2\/","title":{"rendered":"Rose"},"content":{"rendered":"<p>Tetov\u00e1n\u00ed s r\u016f\u017e\u00ed bez trn\u016f symbolizuje \u010distou l\u00e1sku, jemnost a nevinnost. Takov\u00e1 r\u016f\u017ee m\u016f\u017ee znamenat kr\u00e1su bez p\u0159ek\u00e1\u017eek a obt\u00ed\u017e\u00ed a zd\u016fraz\u0148uje jej\u00ed jemnost a eleganci. M\u016f\u017ee tak\u00e9 symbolizovat harmonii a klid, a absence trn\u016f nazna\u010duje absence utrpen\u00ed a bolesti v l\u00e1sce nebo \u017eivot\u011b. Je to vzor, kter\u00fd \u010dasto vol\u00ed lid\u00e9 hledaj\u00edc\u00ed pozitivn\u00ed, klidn\u00e9 a l\u00e1skypln\u00e9 hodnoty.   <\/p>\n","protected":false},"excerpt":{"rendered":"<p>Tetov\u00e1n\u00ed s r\u016f\u017e\u00ed bez trn\u016f symbolizuje \u010distou l\u00e1sku, jemnost a nevinnost. Takov\u00e1 r\u016f\u017ee m\u016f\u017ee znamenat kr\u00e1su bez p\u0159ek\u00e1\u017eek a obt\u00ed\u017e\u00ed a zd\u016fraz\u0148uje jej\u00ed jemnost a eleganci. M\u016f\u017ee tak\u00e9 symbolizovat harmonii a klid, a absence trn\u016f nazna\u010duje absence utrpen\u00ed a bolesti v l\u00e1sce nebo \u017eivot\u011b. Je to vzor, kter\u00fd \u010dasto vol\u00ed lid\u00e9 hledaj\u00edc\u00ed pozitivn\u00ed, klidn\u00e9 a&#8230;<\/p>\n","protected":false},"featured_media":21347,"template":"","meta":{"_monsterinsights_skip_tracking":false,"_monsterinsights_sitenote_active":false,"_monsterinsights_sitenote_note":"","_monsterinsights_sitenote_category":0,"_kadence_starter_templates_imported_post":false,"_kad_post_transparent":"","_kad_post_title":"","_kad_post_layout":"","_kad_post_sidebar_id":"","_kad_post_content_style":"","_kad_post_vertical_padding":"","_kad_post_feature":"","_kad_post_feature_position":"","_kad_post_header":false,"_kad_post_footer":false,"_kad_post_classname":""},"product_brand":[],"product_cat":[78,83],"product_tag":[],"class_list":{"0":"post-21356","1":"product","2":"type-product","3":"status-publish","4":"has-post-thumbnail","6":"product_cat-alles","7":"product_cat-minimalistisch","9":"first","10":"outofstock","11":"taxable","12":"shipping-taxable","13":"purchasable","14":"product-type-simple","15":"entry","16":"content-bg","17":"loop-entry"},"jetpack_sharing_enabled":true,"_links":{"self":[{"href":"https:\/\/herbaltattoo.eu\/de\/wp-json\/wp\/v2\/product\/21356","targetHints":{"allow":["GET"]}}],"collection":[{"href":"https:\/\/herbaltattoo.eu\/de\/wp-json\/wp\/v2\/product"}],"about":[{"href":"https:\/\/herbaltattoo.eu\/de\/wp-json\/wp\/v2\/types\/product"}],"wp:featuredmedia":[{"embeddable":true,"href":"https:\/\/herbaltattoo.eu\/de\/wp-json\/wp\/v2\/media\/21347"}],"wp:attachment":[{"href":"https:\/\/herbaltattoo.eu\/de\/wp-json\/wp\/v2\/media?parent=21356"}],"wp:term":[{"taxonomy":"product_brand","embeddable":true,"href":"https:\/\/herbaltattoo.eu\/de\/wp-json\/wp\/v2\/product_brand?post=21356"},{"taxonomy":"product_cat","embeddable":true,"href":"https:\/\/herbaltattoo.eu\/de\/wp-json\/wp\/v2\/product_cat?post=21356"},{"taxonomy":"product_tag","embeddable":true,"href":"https:\/\/herbaltattoo.eu\/de\/wp-json\/wp\/v2\/product_tag?post=21356"}],"curies":[{"name":"wp","href":"https:\/\/api.w.org\/{rel}","templated":true}]}}