{"id":21350,"date":"2025-02-16T17:00:53","date_gmt":"2025-02-16T16:00:53","guid":{"rendered":"https:\/\/herbaltattoo.eu\/produkt\/kompas\/"},"modified":"2026-02-15T18:09:20","modified_gmt":"2026-02-15T17:09:20","slug":"kompas","status":"publish","type":"product","link":"https:\/\/herbaltattoo.eu\/de\/produkt\/kompas\/","title":{"rendered":"Kompass"},"content":{"rendered":"<p>Ein Kompass-Tattoo symbolisiert Richtung, Orientierung und die Suche nach dem Lebensweg. Es kann sowohl physische als auch spirituelle Reisen bedeuten und den Wunsch, den eigenen Weg im Leben zu finden. Der Kompass ist auch ein Symbol f\u00fcr Entscheidungen, F\u00fchrung und innere St\u00e4rke, die dabei helfen, Schwierigkeiten zu \u00fcberwinden. Er wird oft von Menschen gew\u00e4hlt, die sich an ihre Unabh\u00e4ngigkeit und ihr Ziel erinnern m\u00f6chten.<\/p>\n","protected":false},"excerpt":{"rendered":"<p>Ein Kompass-Tattoo symbolisiert Richtung, Orientierung und die Suche nach dem Lebensweg. Es kann sowohl physische als auch spirituelle Reisen bedeuten und den Wunsch, den eigenen Weg im Leben zu finden. Der Kompass ist auch ein Symbol f\u00fcr Entscheidungen, F\u00fchrung und innere St\u00e4rke, die dabei helfen, Schwierigkeiten zu \u00fcberwinden. Er wird oft von Menschen gew\u00e4hlt, die&#8230;<\/p>\n","protected":false},"featured_media":21341,"template":"","meta":{"_monsterinsights_skip_tracking":false,"_monsterinsights_sitenote_active":false,"_monsterinsights_sitenote_note":"","_monsterinsights_sitenote_category":0,"_kadence_starter_templates_imported_post":false,"_kad_post_transparent":"default","_kad_post_title":"","_kad_post_layout":"default","_kad_post_sidebar_id":"","_kad_post_content_style":"default","_kad_post_vertical_padding":"default","_kad_post_feature":"","_kad_post_feature_position":"","_kad_post_header":false,"_kad_post_footer":false,"_kad_post_classname":""},"product_brand":[],"product_cat":[78,83],"product_tag":[],"class_list":{"0":"post-21350","1":"product","2":"type-product","3":"status-publish","4":"has-post-thumbnail","6":"product_cat-alles","7":"product_cat-minimalistisch","9":"first","10":"instock","11":"taxable","12":"shipping-taxable","13":"purchasable","14":"product-type-simple","15":"entry","16":"content-bg","17":"loop-entry"},"jetpack_sharing_enabled":true,"_links":{"self":[{"href":"https:\/\/herbaltattoo.eu\/de\/wp-json\/wp\/v2\/product\/21350","targetHints":{"allow":["GET"]}}],"collection":[{"href":"https:\/\/herbaltattoo.eu\/de\/wp-json\/wp\/v2\/product"}],"about":[{"href":"https:\/\/herbaltattoo.eu\/de\/wp-json\/wp\/v2\/types\/product"}],"wp:featuredmedia":[{"embeddable":true,"href":"https:\/\/herbaltattoo.eu\/de\/wp-json\/wp\/v2\/media\/21341"}],"wp:attachment":[{"href":"https:\/\/herbaltattoo.eu\/de\/wp-json\/wp\/v2\/media?parent=21350"}],"wp:term":[{"taxonomy":"product_brand","embeddable":true,"href":"https:\/\/herbaltattoo.eu\/de\/wp-json\/wp\/v2\/product_brand?post=21350"},{"taxonomy":"product_cat","embeddable":true,"href":"https:\/\/herbaltattoo.eu\/de\/wp-json\/wp\/v2\/product_cat?post=21350"},{"taxonomy":"product_tag","embeddable":true,"href":"https:\/\/herbaltattoo.eu\/de\/wp-json\/wp\/v2\/product_tag?post=21350"}],"curies":[{"name":"wp","href":"https:\/\/api.w.org\/{rel}","templated":true}]}}