{"id":21344,"date":"2025-02-16T17:00:21","date_gmt":"2025-02-16T16:00:21","guid":{"rendered":"https:\/\/herbaltattoo.eu\/produkt\/die-sonne\/"},"modified":"2026-02-15T18:09:21","modified_gmt":"2026-02-15T17:09:21","slug":"die-sonne","status":"publish","type":"product","link":"https:\/\/herbaltattoo.eu\/de\/produkt\/die-sonne\/","title":{"rendered":"Die Sonne"},"content":{"rendered":"<p>Ein Sonnen-Tattoo symbolisiert Leben, Energie, Freude und Hoffnung. Die Sonne wird oft als Quelle der Kraft, W\u00e4rme und positiven Energie angesehen, und ihre Pr\u00e4senz in einem Tattoo kann Optimismus und einen Neuanfang symbolisieren. Sie kann auch f\u00fcr spirituelle Erleuchtung, die Kraft, Schwierigkeiten zu \u00fcberwinden, und inneres Gleichgewicht stehen. Dieses Motiv ist beliebt bei Menschen, die sich an die Kraft und das Licht erinnern m\u00f6chten, die sie in sich tragen.   <\/p>\n","protected":false},"excerpt":{"rendered":"<p>Ein Sonnen-Tattoo symbolisiert Leben, Energie, Freude und Hoffnung. Die Sonne wird oft als Quelle der Kraft, W\u00e4rme und positiven Energie angesehen, und ihre Pr\u00e4senz in einem Tattoo kann Optimismus und einen Neuanfang symbolisieren. Sie kann auch f\u00fcr spirituelle Erleuchtung, die Kraft, Schwierigkeiten zu \u00fcberwinden, und inneres Gleichgewicht stehen. Dieses Motiv ist beliebt bei Menschen, die&#8230;<\/p>\n","protected":false},"featured_media":21335,"template":"","meta":{"_monsterinsights_skip_tracking":false,"_monsterinsights_sitenote_active":false,"_monsterinsights_sitenote_note":"","_monsterinsights_sitenote_category":0,"_kadence_starter_templates_imported_post":false,"_kad_post_transparent":"","_kad_post_title":"","_kad_post_layout":"","_kad_post_sidebar_id":"","_kad_post_content_style":"","_kad_post_vertical_padding":"","_kad_post_feature":"","_kad_post_feature_position":"","_kad_post_header":false,"_kad_post_footer":false,"_kad_post_classname":""},"product_brand":[],"product_cat":[78,83],"product_tag":[],"class_list":{"0":"post-21344","1":"product","2":"type-product","3":"status-publish","4":"has-post-thumbnail","6":"product_cat-alles","7":"product_cat-minimalistisch","9":"first","10":"instock","11":"taxable","12":"shipping-taxable","13":"purchasable","14":"product-type-simple","15":"entry","16":"content-bg","17":"loop-entry"},"jetpack_sharing_enabled":true,"_links":{"self":[{"href":"https:\/\/herbaltattoo.eu\/de\/wp-json\/wp\/v2\/product\/21344","targetHints":{"allow":["GET"]}}],"collection":[{"href":"https:\/\/herbaltattoo.eu\/de\/wp-json\/wp\/v2\/product"}],"about":[{"href":"https:\/\/herbaltattoo.eu\/de\/wp-json\/wp\/v2\/types\/product"}],"wp:featuredmedia":[{"embeddable":true,"href":"https:\/\/herbaltattoo.eu\/de\/wp-json\/wp\/v2\/media\/21335"}],"wp:attachment":[{"href":"https:\/\/herbaltattoo.eu\/de\/wp-json\/wp\/v2\/media?parent=21344"}],"wp:term":[{"taxonomy":"product_brand","embeddable":true,"href":"https:\/\/herbaltattoo.eu\/de\/wp-json\/wp\/v2\/product_brand?post=21344"},{"taxonomy":"product_cat","embeddable":true,"href":"https:\/\/herbaltattoo.eu\/de\/wp-json\/wp\/v2\/product_cat?post=21344"},{"taxonomy":"product_tag","embeddable":true,"href":"https:\/\/herbaltattoo.eu\/de\/wp-json\/wp\/v2\/product_tag?post=21344"}],"curies":[{"name":"wp","href":"https:\/\/api.w.org\/{rel}","templated":true}]}}