{"id":21338,"date":"2025-02-16T16:59:52","date_gmt":"2025-02-16T15:59:52","guid":{"rendered":"https:\/\/herbaltattoo.eu\/produkt\/mond-2\/"},"modified":"2026-02-15T18:09:21","modified_gmt":"2026-02-15T17:09:21","slug":"mond-2","status":"publish","type":"product","link":"https:\/\/herbaltattoo.eu\/de\/produkt\/mond-2\/","title":{"rendered":"Mond"},"content":{"rendered":"<p>Ein Tattoo mit einem Neumond symbolisiert Neuanf\u00e4nge, Potenzial und die M\u00f6glichkeit, etwas Neues zu beginnen. Der Neumond ist eine Phase, in der der Mond nicht sichtbar ist, was eine Zeit der Selbstbeobachtung, Reflexion und Vorbereitung auf zuk\u00fcnftige Ver\u00e4nderungen symbolisieren kann. Ein solches Tattoo kann die Bereitschaft f\u00fcr neue Herausforderungen, eine spirituelle Wiedergeburt oder den Wunsch nach einem neuen Lebensabschnitt bedeuten. Es ist ein Symbol f\u00fcr Hoffnung und unbegrenzte M\u00f6glichkeiten.   <\/p>\n","protected":false},"excerpt":{"rendered":"<p>Ein Tattoo mit einem Neumond symbolisiert Neuanf\u00e4nge, Potenzial und die M\u00f6glichkeit, etwas Neues zu beginnen. Der Neumond ist eine Phase, in der der Mond nicht sichtbar ist, was eine Zeit der Selbstbeobachtung, Reflexion und Vorbereitung auf zuk\u00fcnftige Ver\u00e4nderungen symbolisieren kann. Ein solches Tattoo kann die Bereitschaft f\u00fcr neue Herausforderungen, eine spirituelle Wiedergeburt oder den Wunsch&#8230;<\/p>\n","protected":false},"featured_media":21329,"template":"","meta":{"_monsterinsights_skip_tracking":false,"_monsterinsights_sitenote_active":false,"_monsterinsights_sitenote_note":"","_monsterinsights_sitenote_category":0,"_kadence_starter_templates_imported_post":false,"_kad_post_transparent":"","_kad_post_title":"","_kad_post_layout":"","_kad_post_sidebar_id":"","_kad_post_content_style":"","_kad_post_vertical_padding":"","_kad_post_feature":"","_kad_post_feature_position":"","_kad_post_header":false,"_kad_post_footer":false,"_kad_post_classname":""},"product_brand":[],"product_cat":[78,83],"product_tag":[],"class_list":{"0":"post-21338","1":"product","2":"type-product","3":"status-publish","4":"has-post-thumbnail","6":"product_cat-alles","7":"product_cat-minimalistisch","9":"first","10":"instock","11":"taxable","12":"shipping-taxable","13":"purchasable","14":"product-type-simple","15":"entry","16":"content-bg","17":"loop-entry"},"jetpack_sharing_enabled":true,"_links":{"self":[{"href":"https:\/\/herbaltattoo.eu\/de\/wp-json\/wp\/v2\/product\/21338","targetHints":{"allow":["GET"]}}],"collection":[{"href":"https:\/\/herbaltattoo.eu\/de\/wp-json\/wp\/v2\/product"}],"about":[{"href":"https:\/\/herbaltattoo.eu\/de\/wp-json\/wp\/v2\/types\/product"}],"wp:featuredmedia":[{"embeddable":true,"href":"https:\/\/herbaltattoo.eu\/de\/wp-json\/wp\/v2\/media\/21329"}],"wp:attachment":[{"href":"https:\/\/herbaltattoo.eu\/de\/wp-json\/wp\/v2\/media?parent=21338"}],"wp:term":[{"taxonomy":"product_brand","embeddable":true,"href":"https:\/\/herbaltattoo.eu\/de\/wp-json\/wp\/v2\/product_brand?post=21338"},{"taxonomy":"product_cat","embeddable":true,"href":"https:\/\/herbaltattoo.eu\/de\/wp-json\/wp\/v2\/product_cat?post=21338"},{"taxonomy":"product_tag","embeddable":true,"href":"https:\/\/herbaltattoo.eu\/de\/wp-json\/wp\/v2\/product_tag?post=21338"}],"curies":[{"name":"wp","href":"https:\/\/api.w.org\/{rel}","templated":true}]}}