{"id":21332,"date":"2025-02-16T16:59:08","date_gmt":"2025-02-16T15:59:08","guid":{"rendered":"https:\/\/herbaltattoo.eu\/produkt\/lorbeerornament\/"},"modified":"2026-02-15T18:09:21","modified_gmt":"2026-02-15T17:09:21","slug":"lorbeerornament","status":"publish","type":"product","link":"https:\/\/herbaltattoo.eu\/de\/produkt\/lorbeerornament\/","title":{"rendered":"Lorbeerornament"},"content":{"rendered":"<p>Ein Tattoo mit einem Lorbeerornament symbolisiert Sieg, Erfolg und Ehre. Im antiken Griechenland und Rom wurde der Lorbeerkranz verwendet, um Krieger, Dichter und andere herausragende Pers\u00f6nlichkeiten zu ehren und ihre Leistungen und ihr Ansehen zu w\u00fcrdigen. In einem Tattoo kann das Lorbeerornament auch f\u00fcr St\u00e4rke, Ausdauer und Zielstrebigkeit stehen. Es wird oft von Menschen gew\u00e4hlt, die ihre Triumphe, Leidenschaften oder Lebensziele feiern m\u00f6chten.   <\/p>\n","protected":false},"excerpt":{"rendered":"<p>Ein Tattoo mit einem Lorbeerornament symbolisiert Sieg, Erfolg und Ehre. Im antiken Griechenland und Rom wurde der Lorbeerkranz verwendet, um Krieger, Dichter und andere herausragende Pers\u00f6nlichkeiten zu ehren und ihre Leistungen und ihr Ansehen zu w\u00fcrdigen. In einem Tattoo kann das Lorbeerornament auch f\u00fcr St\u00e4rke, Ausdauer und Zielstrebigkeit stehen. Es wird oft von Menschen gew\u00e4hlt,&#8230;<\/p>\n","protected":false},"featured_media":21323,"template":"","meta":{"_monsterinsights_skip_tracking":false,"_monsterinsights_sitenote_active":false,"_monsterinsights_sitenote_note":"","_monsterinsights_sitenote_category":0,"_kadence_starter_templates_imported_post":false,"_kad_post_transparent":"","_kad_post_title":"","_kad_post_layout":"","_kad_post_sidebar_id":"","_kad_post_content_style":"","_kad_post_vertical_padding":"","_kad_post_feature":"","_kad_post_feature_position":"","_kad_post_header":false,"_kad_post_footer":false,"_kad_post_classname":""},"product_brand":[],"product_cat":[78,83],"product_tag":[],"class_list":{"0":"post-21332","1":"product","2":"type-product","3":"status-publish","4":"has-post-thumbnail","6":"product_cat-alles","7":"product_cat-minimalistisch","9":"first","10":"instock","11":"taxable","12":"shipping-taxable","13":"purchasable","14":"product-type-simple","15":"entry","16":"content-bg","17":"loop-entry"},"jetpack_sharing_enabled":true,"_links":{"self":[{"href":"https:\/\/herbaltattoo.eu\/de\/wp-json\/wp\/v2\/product\/21332","targetHints":{"allow":["GET"]}}],"collection":[{"href":"https:\/\/herbaltattoo.eu\/de\/wp-json\/wp\/v2\/product"}],"about":[{"href":"https:\/\/herbaltattoo.eu\/de\/wp-json\/wp\/v2\/types\/product"}],"wp:featuredmedia":[{"embeddable":true,"href":"https:\/\/herbaltattoo.eu\/de\/wp-json\/wp\/v2\/media\/21323"}],"wp:attachment":[{"href":"https:\/\/herbaltattoo.eu\/de\/wp-json\/wp\/v2\/media?parent=21332"}],"wp:term":[{"taxonomy":"product_brand","embeddable":true,"href":"https:\/\/herbaltattoo.eu\/de\/wp-json\/wp\/v2\/product_brand?post=21332"},{"taxonomy":"product_cat","embeddable":true,"href":"https:\/\/herbaltattoo.eu\/de\/wp-json\/wp\/v2\/product_cat?post=21332"},{"taxonomy":"product_tag","embeddable":true,"href":"https:\/\/herbaltattoo.eu\/de\/wp-json\/wp\/v2\/product_tag?post=21332"}],"curies":[{"name":"wp","href":"https:\/\/api.w.org\/{rel}","templated":true}]}}