{"id":21290,"date":"2025-02-16T16:52:21","date_gmt":"2025-02-16T15:52:21","guid":{"rendered":"https:\/\/herbaltattoo.eu\/produkt\/schlange-2\/"},"modified":"2026-02-15T18:09:21","modified_gmt":"2026-02-15T17:09:21","slug":"schlange-2","status":"publish","type":"product","link":"https:\/\/herbaltattoo.eu\/de\/produkt\/schlange-2\/","title":{"rendered":"Schlange"},"content":{"rendered":"<p>Ein Schlangentattoo symbolisiert Transformation, Regeneration und verborgene Kraft. Die Schlange wird oft mit dem Kreislauf des Lebens, der Wiedergeburt und Ver\u00e4nderungen in Verbindung gebracht, da sie ihre Haut abstreift, was Reinigung und Neuanfang symbolisiert. Sie kann auch f\u00fcr Weisheit, Geheimnisvolles und Kraft stehen, und in vielen Kulturen ist die Schlange ein Symbol f\u00fcr Schutz oder Heilung. Das Schlangenmotiv wird auch oft mit Ausgeglichenheit, Dualismus (z. B. als Symbol f\u00fcr Gut und B\u00f6se) und Gefahr in Verbindung gebracht, die ebenfalls als Teil des Entwicklungsprozesses angesehen werden kann.   <\/p>\n","protected":false},"excerpt":{"rendered":"<p>Ein Schlangentattoo symbolisiert Transformation, Regeneration und verborgene Kraft. Die Schlange wird oft mit dem Kreislauf des Lebens, der Wiedergeburt und Ver\u00e4nderungen in Verbindung gebracht, da sie ihre Haut abstreift, was Reinigung und Neuanfang symbolisiert. Sie kann auch f\u00fcr Weisheit, Geheimnisvolles und Kraft stehen, und in vielen Kulturen ist die Schlange ein Symbol f\u00fcr Schutz oder&#8230;<\/p>\n","protected":false},"featured_media":21284,"template":"","meta":{"_monsterinsights_skip_tracking":false,"_monsterinsights_sitenote_active":false,"_monsterinsights_sitenote_note":"","_monsterinsights_sitenote_category":0,"_kadence_starter_templates_imported_post":false,"_kad_post_transparent":"","_kad_post_title":"","_kad_post_layout":"","_kad_post_sidebar_id":"","_kad_post_content_style":"","_kad_post_vertical_padding":"","_kad_post_feature":"","_kad_post_feature_position":"","_kad_post_header":false,"_kad_post_footer":false,"_kad_post_classname":""},"product_brand":[],"product_cat":[78,83],"product_tag":[],"class_list":{"0":"post-21290","1":"product","2":"type-product","3":"status-publish","4":"has-post-thumbnail","6":"product_cat-alles","7":"product_cat-minimalistisch","9":"first","10":"instock","11":"taxable","12":"shipping-taxable","13":"purchasable","14":"product-type-simple","15":"entry","16":"content-bg","17":"loop-entry"},"jetpack_sharing_enabled":true,"_links":{"self":[{"href":"https:\/\/herbaltattoo.eu\/de\/wp-json\/wp\/v2\/product\/21290","targetHints":{"allow":["GET"]}}],"collection":[{"href":"https:\/\/herbaltattoo.eu\/de\/wp-json\/wp\/v2\/product"}],"about":[{"href":"https:\/\/herbaltattoo.eu\/de\/wp-json\/wp\/v2\/types\/product"}],"wp:featuredmedia":[{"embeddable":true,"href":"https:\/\/herbaltattoo.eu\/de\/wp-json\/wp\/v2\/media\/21284"}],"wp:attachment":[{"href":"https:\/\/herbaltattoo.eu\/de\/wp-json\/wp\/v2\/media?parent=21290"}],"wp:term":[{"taxonomy":"product_brand","embeddable":true,"href":"https:\/\/herbaltattoo.eu\/de\/wp-json\/wp\/v2\/product_brand?post=21290"},{"taxonomy":"product_cat","embeddable":true,"href":"https:\/\/herbaltattoo.eu\/de\/wp-json\/wp\/v2\/product_cat?post=21290"},{"taxonomy":"product_tag","embeddable":true,"href":"https:\/\/herbaltattoo.eu\/de\/wp-json\/wp\/v2\/product_tag?post=21290"}],"curies":[{"name":"wp","href":"https:\/\/api.w.org\/{rel}","templated":true}]}}