{"id":21267,"date":"2025-02-16T16:49:59","date_gmt":"2025-02-16T15:49:59","guid":{"rendered":"https:\/\/herbaltattoo.eu\/produkt\/nekonecno\/"},"modified":"2026-02-15T18:09:46","modified_gmt":"2026-02-15T17:09:46","slug":"nekonecno","status":"publish","type":"product","link":"https:\/\/herbaltattoo.eu\/de\/produkt\/nekonecno\/","title":{"rendered":"das Unendliche"},"content":{"rendered":"<p>Ein Unendlichkeitssymbol mit dem Wort \u201eLiebe\u201c steht f\u00fcr ewige Liebe, best\u00e4ndige Gef\u00fchle und eine unaufl\u00f6sliche Verbundenheit. Es kann romantische Liebe, Familienliebe oder Selbstliebe symbolisieren. Es ist ein beliebtes Motiv, das zeitlose Emotionen und Hingabe ausdr\u00fcckt.<\/p>\n","protected":false},"excerpt":{"rendered":"<p>Ein Unendlichkeitssymbol mit dem Wort \u201eLiebe\u201c steht f\u00fcr ewige Liebe, best\u00e4ndige Gef\u00fchle und eine unaufl\u00f6sliche Verbundenheit. Es kann romantische Liebe, Familienliebe oder Selbstliebe symbolisieren. Es ist ein beliebtes Motiv, das zeitlose Emotionen und Hingabe ausdr\u00fcckt.<\/p>\n","protected":false},"featured_media":21258,"template":"","meta":{"_monsterinsights_skip_tracking":false,"_monsterinsights_sitenote_active":false,"_monsterinsights_sitenote_note":"","_monsterinsights_sitenote_category":0,"_kadence_starter_templates_imported_post":false,"_kad_post_transparent":"default","_kad_post_title":"","_kad_post_layout":"default","_kad_post_sidebar_id":"","_kad_post_content_style":"default","_kad_post_vertical_padding":"default","_kad_post_feature":"","_kad_post_feature_position":"","_kad_post_header":false,"_kad_post_footer":false,"_kad_post_classname":""},"product_brand":[],"product_cat":[78,83],"product_tag":[],"class_list":{"0":"post-21267","1":"product","2":"type-product","3":"status-publish","4":"has-post-thumbnail","6":"product_cat-alles","7":"product_cat-minimalistisch","9":"first","10":"instock","11":"taxable","12":"shipping-taxable","13":"purchasable","14":"product-type-simple","15":"entry","16":"content-bg","17":"loop-entry"},"jetpack_sharing_enabled":true,"_links":{"self":[{"href":"https:\/\/herbaltattoo.eu\/de\/wp-json\/wp\/v2\/product\/21267","targetHints":{"allow":["GET"]}}],"collection":[{"href":"https:\/\/herbaltattoo.eu\/de\/wp-json\/wp\/v2\/product"}],"about":[{"href":"https:\/\/herbaltattoo.eu\/de\/wp-json\/wp\/v2\/types\/product"}],"wp:featuredmedia":[{"embeddable":true,"href":"https:\/\/herbaltattoo.eu\/de\/wp-json\/wp\/v2\/media\/21258"}],"wp:attachment":[{"href":"https:\/\/herbaltattoo.eu\/de\/wp-json\/wp\/v2\/media?parent=21267"}],"wp:term":[{"taxonomy":"product_brand","embeddable":true,"href":"https:\/\/herbaltattoo.eu\/de\/wp-json\/wp\/v2\/product_brand?post=21267"},{"taxonomy":"product_cat","embeddable":true,"href":"https:\/\/herbaltattoo.eu\/de\/wp-json\/wp\/v2\/product_cat?post=21267"},{"taxonomy":"product_tag","embeddable":true,"href":"https:\/\/herbaltattoo.eu\/de\/wp-json\/wp\/v2\/product_tag?post=21267"}],"curies":[{"name":"wp","href":"https:\/\/api.w.org\/{rel}","templated":true}]}}