{"id":21243,"date":"2025-02-16T16:43:58","date_gmt":"2025-02-16T15:43:58","guid":{"rendered":"https:\/\/herbaltattoo.eu\/produkt\/drzewo\/"},"modified":"2026-02-15T18:09:47","modified_gmt":"2026-02-15T17:09:47","slug":"drzewo","status":"publish","type":"product","link":"https:\/\/herbaltattoo.eu\/de\/produkt\/drzewo\/","title":{"rendered":"Baum"},"content":{"rendered":"<p>Ein Tattoo mit einem Baummotiv symbolisiert Leben, Kraft, Stabilit\u00e4t und Wachstum. Es wird oft mit famili\u00e4ren Bindungen (Stammbaum) sowie mit dem Lebenszyklus und der Wiedergeburt (Wechsel der Jahreszeiten) in Verbindung gebracht. Ein Baum mit tiefen Wurzeln kann Bodenst\u00e4ndigkeit und Verbundenheit mit der Vergangenheit ausdr\u00fccken, w\u00e4hrend ausladende \u00c4ste f\u00fcr Entwicklung und Zukunftsorientierung stehen.  <\/p>\n","protected":false},"excerpt":{"rendered":"<p>Ein Tattoo mit einem Baummotiv symbolisiert Leben, Kraft, Stabilit\u00e4t und Wachstum. Es wird oft mit famili\u00e4ren Bindungen (Stammbaum) sowie mit dem Lebenszyklus und der Wiedergeburt (Wechsel der Jahreszeiten) in Verbindung gebracht. Ein Baum mit tiefen Wurzeln kann Bodenst\u00e4ndigkeit und Verbundenheit mit der Vergangenheit ausdr\u00fccken, w\u00e4hrend ausladende \u00c4ste f\u00fcr Entwicklung und Zukunftsorientierung stehen.<\/p>\n","protected":false},"featured_media":21234,"template":"","meta":{"_monsterinsights_skip_tracking":false,"_monsterinsights_sitenote_active":false,"_monsterinsights_sitenote_note":"","_monsterinsights_sitenote_category":0,"_kadence_starter_templates_imported_post":false,"_kad_post_transparent":"","_kad_post_title":"","_kad_post_layout":"","_kad_post_sidebar_id":"","_kad_post_content_style":"","_kad_post_vertical_padding":"","_kad_post_feature":"","_kad_post_feature_position":"","_kad_post_header":false,"_kad_post_footer":false,"_kad_post_classname":""},"product_brand":[],"product_cat":[78,83],"product_tag":[],"class_list":{"0":"post-21243","1":"product","2":"type-product","3":"status-publish","4":"has-post-thumbnail","6":"product_cat-alles","7":"product_cat-minimalistisch","9":"first","10":"instock","11":"taxable","12":"shipping-taxable","13":"purchasable","14":"product-type-simple","15":"entry","16":"content-bg","17":"loop-entry"},"jetpack_sharing_enabled":true,"_links":{"self":[{"href":"https:\/\/herbaltattoo.eu\/de\/wp-json\/wp\/v2\/product\/21243","targetHints":{"allow":["GET"]}}],"collection":[{"href":"https:\/\/herbaltattoo.eu\/de\/wp-json\/wp\/v2\/product"}],"about":[{"href":"https:\/\/herbaltattoo.eu\/de\/wp-json\/wp\/v2\/types\/product"}],"wp:featuredmedia":[{"embeddable":true,"href":"https:\/\/herbaltattoo.eu\/de\/wp-json\/wp\/v2\/media\/21234"}],"wp:attachment":[{"href":"https:\/\/herbaltattoo.eu\/de\/wp-json\/wp\/v2\/media?parent=21243"}],"wp:term":[{"taxonomy":"product_brand","embeddable":true,"href":"https:\/\/herbaltattoo.eu\/de\/wp-json\/wp\/v2\/product_brand?post=21243"},{"taxonomy":"product_cat","embeddable":true,"href":"https:\/\/herbaltattoo.eu\/de\/wp-json\/wp\/v2\/product_cat?post=21243"},{"taxonomy":"product_tag","embeddable":true,"href":"https:\/\/herbaltattoo.eu\/de\/wp-json\/wp\/v2\/product_tag?post=21243"}],"curies":[{"name":"wp","href":"https:\/\/api.w.org\/{rel}","templated":true}]}}