{"id":21237,"date":"2025-02-16T16:39:26","date_gmt":"2025-02-16T15:39:26","guid":{"rendered":"https:\/\/herbaltattoo.eu\/produkt\/xoxo\/"},"modified":"2026-02-15T18:09:47","modified_gmt":"2026-02-15T17:09:47","slug":"xoxo","status":"publish","type":"product","link":"https:\/\/herbaltattoo.eu\/de\/produkt\/xoxo\/","title":{"rendered":"XOXO"},"content":{"rendered":"<p>Ein Tattoo mit dem Motiv \u201exoxo\u201d (was \u201eK\u00fcsse und Umarmungen\u201d bedeutet) symbolisiert Liebe, Z\u00e4rtlichkeit und N\u00e4he. Es ist ein leichtes, positives Zeichen, das die Zuneigung zu einer nahestehenden Person, Lebensfreude oder einfach nur Charme und Energie ausdr\u00fccken kann. Es eignet sich ideal f\u00fcr einen minimalistischen Stil und wird oft als zartes Tattoo am Handgelenk, Finger oder hinter dem Ohr gew\u00e4hlt.  <\/p>\n","protected":false},"excerpt":{"rendered":"<p>Ein Tattoo mit dem Motiv \u201exoxo\u201d (was \u201eK\u00fcsse und Umarmungen\u201d bedeutet) symbolisiert Liebe, Z\u00e4rtlichkeit und N\u00e4he. Es ist ein leichtes, positives Zeichen, das die Zuneigung zu einer nahestehenden Person, Lebensfreude oder einfach nur Charme und Energie ausdr\u00fccken kann. Es eignet sich ideal f\u00fcr einen minimalistischen Stil und wird oft als zartes Tattoo am Handgelenk, Finger&#8230;<\/p>\n","protected":false},"featured_media":21228,"template":"","meta":{"_monsterinsights_skip_tracking":false,"_monsterinsights_sitenote_active":false,"_monsterinsights_sitenote_note":"","_monsterinsights_sitenote_category":0,"_kadence_starter_templates_imported_post":false,"_kad_post_transparent":"","_kad_post_title":"","_kad_post_layout":"","_kad_post_sidebar_id":"","_kad_post_content_style":"","_kad_post_vertical_padding":"","_kad_post_feature":"","_kad_post_feature_position":"","_kad_post_header":false,"_kad_post_footer":false,"_kad_post_classname":""},"product_brand":[],"product_cat":[78,83],"product_tag":[],"class_list":{"0":"post-21237","1":"product","2":"type-product","3":"status-publish","4":"has-post-thumbnail","6":"product_cat-alles","7":"product_cat-minimalistisch","9":"first","10":"instock","11":"taxable","12":"shipping-taxable","13":"purchasable","14":"product-type-simple","15":"entry","16":"content-bg","17":"loop-entry"},"jetpack_sharing_enabled":true,"_links":{"self":[{"href":"https:\/\/herbaltattoo.eu\/de\/wp-json\/wp\/v2\/product\/21237","targetHints":{"allow":["GET"]}}],"collection":[{"href":"https:\/\/herbaltattoo.eu\/de\/wp-json\/wp\/v2\/product"}],"about":[{"href":"https:\/\/herbaltattoo.eu\/de\/wp-json\/wp\/v2\/types\/product"}],"wp:featuredmedia":[{"embeddable":true,"href":"https:\/\/herbaltattoo.eu\/de\/wp-json\/wp\/v2\/media\/21228"}],"wp:attachment":[{"href":"https:\/\/herbaltattoo.eu\/de\/wp-json\/wp\/v2\/media?parent=21237"}],"wp:term":[{"taxonomy":"product_brand","embeddable":true,"href":"https:\/\/herbaltattoo.eu\/de\/wp-json\/wp\/v2\/product_brand?post=21237"},{"taxonomy":"product_cat","embeddable":true,"href":"https:\/\/herbaltattoo.eu\/de\/wp-json\/wp\/v2\/product_cat?post=21237"},{"taxonomy":"product_tag","embeddable":true,"href":"https:\/\/herbaltattoo.eu\/de\/wp-json\/wp\/v2\/product_tag?post=21237"}],"curies":[{"name":"wp","href":"https:\/\/api.w.org\/{rel}","templated":true}]}}