{"id":21225,"date":"2025-02-16T16:34:06","date_gmt":"2025-02-16T15:34:06","guid":{"rendered":"https:\/\/herbaltattoo.eu\/produkt\/panda\/"},"modified":"2026-02-15T18:09:47","modified_gmt":"2026-02-15T17:09:47","slug":"panda","status":"publish","type":"product","link":"https:\/\/herbaltattoo.eu\/de\/produkt\/panda\/","title":{"rendered":"Panda"},"content":{"rendered":"<p>Ein Tattoo mit einem Panda-Motiv symbolisiert Ausgeglichenheit, Ruhe und Harmonie. Die schwarz-wei\u00dfe F\u00e4rbung des Pandas kann sich auf den Dualismus des Lebens beziehen und das Gleichgewicht zwischen Gegens\u00e4tzen (z. B. Gut und B\u00f6se, Yin und Yang) symbolisieren. Der Panda ist auch ein Symbol f\u00fcr Sanftmut, Unschuld und Liebe zur Natur. Er wird oft von Menschen gew\u00e4hlt, die Ruhe und positive Energie sch\u00e4tzen.   <\/p>\n","protected":false},"excerpt":{"rendered":"<p>Ein Tattoo mit einem Panda-Motiv symbolisiert Ausgeglichenheit, Ruhe und Harmonie. Die schwarz-wei\u00dfe F\u00e4rbung des Pandas kann sich auf den Dualismus des Lebens beziehen und das Gleichgewicht zwischen Gegens\u00e4tzen (z. B. Gut und B\u00f6se, Yin und Yang) symbolisieren. Der Panda ist auch ein Symbol f\u00fcr Sanftmut, Unschuld und Liebe zur Natur. Er wird oft von Menschen&#8230;<\/p>\n","protected":false},"featured_media":21218,"template":"","meta":{"_monsterinsights_skip_tracking":false,"_monsterinsights_sitenote_active":false,"_monsterinsights_sitenote_note":"","_monsterinsights_sitenote_category":0,"_kadence_starter_templates_imported_post":false,"_kad_post_transparent":"","_kad_post_title":"","_kad_post_layout":"","_kad_post_sidebar_id":"","_kad_post_content_style":"","_kad_post_vertical_padding":"","_kad_post_feature":"","_kad_post_feature_position":"","_kad_post_header":false,"_kad_post_footer":false,"_kad_post_classname":""},"product_brand":[],"product_cat":[78,83],"product_tag":[],"class_list":{"0":"post-21225","1":"product","2":"type-product","3":"status-publish","4":"has-post-thumbnail","6":"product_cat-alles","7":"product_cat-minimalistisch","9":"first","10":"instock","11":"taxable","12":"shipping-taxable","13":"purchasable","14":"product-type-simple","15":"entry","16":"content-bg","17":"loop-entry"},"jetpack_sharing_enabled":true,"_links":{"self":[{"href":"https:\/\/herbaltattoo.eu\/de\/wp-json\/wp\/v2\/product\/21225","targetHints":{"allow":["GET"]}}],"collection":[{"href":"https:\/\/herbaltattoo.eu\/de\/wp-json\/wp\/v2\/product"}],"about":[{"href":"https:\/\/herbaltattoo.eu\/de\/wp-json\/wp\/v2\/types\/product"}],"wp:featuredmedia":[{"embeddable":true,"href":"https:\/\/herbaltattoo.eu\/de\/wp-json\/wp\/v2\/media\/21218"}],"wp:attachment":[{"href":"https:\/\/herbaltattoo.eu\/de\/wp-json\/wp\/v2\/media?parent=21225"}],"wp:term":[{"taxonomy":"product_brand","embeddable":true,"href":"https:\/\/herbaltattoo.eu\/de\/wp-json\/wp\/v2\/product_brand?post=21225"},{"taxonomy":"product_cat","embeddable":true,"href":"https:\/\/herbaltattoo.eu\/de\/wp-json\/wp\/v2\/product_cat?post=21225"},{"taxonomy":"product_tag","embeddable":true,"href":"https:\/\/herbaltattoo.eu\/de\/wp-json\/wp\/v2\/product_tag?post=21225"}],"curies":[{"name":"wp","href":"https:\/\/api.w.org\/{rel}","templated":true}]}}