{"id":21195,"date":"2025-02-16T16:30:32","date_gmt":"2025-02-16T15:30:32","guid":{"rendered":"https:\/\/herbaltattoo.eu\/produkt\/der-drache-2\/"},"modified":"2026-02-15T18:09:47","modified_gmt":"2026-02-15T17:09:47","slug":"der-drache-2","status":"publish","type":"product","link":"https:\/\/herbaltattoo.eu\/de\/produkt\/der-drache-2\/","title":{"rendered":"Der Drache"},"content":{"rendered":"<p>Ein Drachen-Tattoo symbolisiert Kraft, Weisheit und Schutz. Der Drache wird auch mit Magie, Geheimnis und Verwandlung in Verbindung gebracht und steht f\u00fcr m\u00e4chtige Energie und die F\u00e4higkeit, Hindernisse zu \u00fcberwinden. In vielen Kulturen kann der Drache auch das Gleichgewicht zwischen Licht und Dunkelheit sowie den Mut, seine Ziele zu verfolgen, symbolisieren.  <\/p>\n","protected":false},"excerpt":{"rendered":"<p>Ein Drachen-Tattoo symbolisiert Kraft, Weisheit und Schutz. Der Drache wird auch mit Magie, Geheimnis und Verwandlung in Verbindung gebracht und steht f\u00fcr m\u00e4chtige Energie und die F\u00e4higkeit, Hindernisse zu \u00fcberwinden. In vielen Kulturen kann der Drache auch das Gleichgewicht zwischen Licht und Dunkelheit sowie den Mut, seine Ziele zu verfolgen, symbolisieren.<\/p>\n","protected":false},"featured_media":21188,"template":"","meta":{"_monsterinsights_skip_tracking":false,"_monsterinsights_sitenote_active":false,"_monsterinsights_sitenote_note":"","_monsterinsights_sitenote_category":0,"_kadence_starter_templates_imported_post":false,"_kad_post_transparent":"","_kad_post_title":"","_kad_post_layout":"","_kad_post_sidebar_id":"","_kad_post_content_style":"","_kad_post_vertical_padding":"","_kad_post_feature":"","_kad_post_feature_position":"","_kad_post_header":false,"_kad_post_footer":false,"_kad_post_classname":""},"product_brand":[],"product_cat":[78,83],"product_tag":[],"class_list":{"0":"post-21195","1":"product","2":"type-product","3":"status-publish","4":"has-post-thumbnail","6":"product_cat-alles","7":"product_cat-minimalistisch","9":"first","10":"instock","11":"taxable","12":"shipping-taxable","13":"purchasable","14":"product-type-simple","15":"entry","16":"content-bg","17":"loop-entry"},"jetpack_sharing_enabled":true,"_links":{"self":[{"href":"https:\/\/herbaltattoo.eu\/de\/wp-json\/wp\/v2\/product\/21195","targetHints":{"allow":["GET"]}}],"collection":[{"href":"https:\/\/herbaltattoo.eu\/de\/wp-json\/wp\/v2\/product"}],"about":[{"href":"https:\/\/herbaltattoo.eu\/de\/wp-json\/wp\/v2\/types\/product"}],"wp:featuredmedia":[{"embeddable":true,"href":"https:\/\/herbaltattoo.eu\/de\/wp-json\/wp\/v2\/media\/21188"}],"wp:attachment":[{"href":"https:\/\/herbaltattoo.eu\/de\/wp-json\/wp\/v2\/media?parent=21195"}],"wp:term":[{"taxonomy":"product_brand","embeddable":true,"href":"https:\/\/herbaltattoo.eu\/de\/wp-json\/wp\/v2\/product_brand?post=21195"},{"taxonomy":"product_cat","embeddable":true,"href":"https:\/\/herbaltattoo.eu\/de\/wp-json\/wp\/v2\/product_cat?post=21195"},{"taxonomy":"product_tag","embeddable":true,"href":"https:\/\/herbaltattoo.eu\/de\/wp-json\/wp\/v2\/product_tag?post=21195"}],"curies":[{"name":"wp","href":"https:\/\/api.w.org\/{rel}","templated":true}]}}