{"id":21173,"date":"2025-02-16T16:28:18","date_gmt":"2025-02-16T15:28:18","guid":{"rendered":"https:\/\/herbaltattoo.eu\/produkt\/ein-gehirn-aus-blumen\/"},"modified":"2026-02-15T18:09:47","modified_gmt":"2026-02-15T17:09:47","slug":"ein-gehirn-aus-blumen","status":"publish","type":"product","link":"https:\/\/herbaltattoo.eu\/de\/produkt\/ein-gehirn-aus-blumen\/","title":{"rendered":"Ein Gehirn aus Blumen"},"content":{"rendered":"<p>Ein Tattoo mit einem Motiv aus Blumen und einem Gehirn symbolisiert die Verbindung zwischen Verstand und Emotionen. Es kann Harmonie zwischen Vernunft und Gef\u00fchlen, Kreativit\u00e4t sowie intellektuelle und spirituelle Entwicklung bedeuten. Blumen verleihen ihm Zartheit und Sch\u00f6nheit und stehen f\u00fcr Wachstum, Wiedergeburt und positives Denken, w\u00e4hrend das Gehirn Intelligenz und Denkprozesse repr\u00e4sentiert. Ein solches Tattoo kann auch ein Manifest der kreativen Kraft des Geistes sein.   <\/p>\n","protected":false},"excerpt":{"rendered":"<p>Ein Tattoo mit einem Motiv aus Blumen und einem Gehirn symbolisiert die Verbindung zwischen Verstand und Emotionen. Es kann Harmonie zwischen Vernunft und Gef\u00fchlen, Kreativit\u00e4t sowie intellektuelle und spirituelle Entwicklung bedeuten. Blumen verleihen ihm Zartheit und Sch\u00f6nheit und stehen f\u00fcr Wachstum, Wiedergeburt und positives Denken, w\u00e4hrend das Gehirn Intelligenz und Denkprozesse repr\u00e4sentiert. Ein solches Tattoo&#8230;<\/p>\n","protected":false},"featured_media":21168,"template":"","meta":{"_monsterinsights_skip_tracking":false,"_monsterinsights_sitenote_active":false,"_monsterinsights_sitenote_note":"","_monsterinsights_sitenote_category":0,"_kadence_starter_templates_imported_post":false,"_kad_post_transparent":"","_kad_post_title":"","_kad_post_layout":"","_kad_post_sidebar_id":"","_kad_post_content_style":"","_kad_post_vertical_padding":"","_kad_post_feature":"","_kad_post_feature_position":"","_kad_post_header":false,"_kad_post_footer":false,"_kad_post_classname":""},"product_brand":[],"product_cat":[78,83],"product_tag":[],"class_list":{"0":"post-21173","1":"product","2":"type-product","3":"status-publish","4":"has-post-thumbnail","6":"product_cat-alles","7":"product_cat-minimalistisch","9":"first","10":"outofstock","11":"taxable","12":"shipping-taxable","13":"purchasable","14":"product-type-simple","15":"entry","16":"content-bg","17":"loop-entry"},"jetpack_sharing_enabled":true,"_links":{"self":[{"href":"https:\/\/herbaltattoo.eu\/de\/wp-json\/wp\/v2\/product\/21173","targetHints":{"allow":["GET"]}}],"collection":[{"href":"https:\/\/herbaltattoo.eu\/de\/wp-json\/wp\/v2\/product"}],"about":[{"href":"https:\/\/herbaltattoo.eu\/de\/wp-json\/wp\/v2\/types\/product"}],"wp:featuredmedia":[{"embeddable":true,"href":"https:\/\/herbaltattoo.eu\/de\/wp-json\/wp\/v2\/media\/21168"}],"wp:attachment":[{"href":"https:\/\/herbaltattoo.eu\/de\/wp-json\/wp\/v2\/media?parent=21173"}],"wp:term":[{"taxonomy":"product_brand","embeddable":true,"href":"https:\/\/herbaltattoo.eu\/de\/wp-json\/wp\/v2\/product_brand?post=21173"},{"taxonomy":"product_cat","embeddable":true,"href":"https:\/\/herbaltattoo.eu\/de\/wp-json\/wp\/v2\/product_cat?post=21173"},{"taxonomy":"product_tag","embeddable":true,"href":"https:\/\/herbaltattoo.eu\/de\/wp-json\/wp\/v2\/product_tag?post=21173"}],"curies":[{"name":"wp","href":"https:\/\/api.w.org\/{rel}","templated":true}]}}