{"id":21171,"date":"2025-02-16T16:27:22","date_gmt":"2025-02-16T15:27:22","guid":{"rendered":"https:\/\/herbaltattoo.eu\/produkt\/wildblumen\/"},"modified":"2026-02-15T18:09:47","modified_gmt":"2026-02-15T17:09:47","slug":"wildblumen","status":"publish","type":"product","link":"https:\/\/herbaltattoo.eu\/de\/produkt\/wildblumen\/","title":{"rendered":"Wildblumen"},"content":{"rendered":"<p>Ein Tattoo mit einem Feldblumenmotiv symbolisiert Nat\u00fcrlichkeit, Freiheit und Einfachheit. Es kann die Verbundenheit mit der Natur, die Freude an kleinen Momenten und die Sch\u00f6nheit der uns umgebenden Welt zum Ausdruck bringen. Feldblumen werden oft mit Unbeschwertheit, Frische und Vitalit\u00e4t sowie mit Individualit\u00e4t und Authentizit\u00e4t assoziiert.  <\/p>\n","protected":false},"excerpt":{"rendered":"<p>Ein Tattoo mit einem Feldblumenmotiv symbolisiert Nat\u00fcrlichkeit, Freiheit und Einfachheit. Es kann die Verbundenheit mit der Natur, die Freude an kleinen Momenten und die Sch\u00f6nheit der uns umgebenden Welt zum Ausdruck bringen. Feldblumen werden oft mit Unbeschwertheit, Frische und Vitalit\u00e4t sowie mit Individualit\u00e4t und Authentizit\u00e4t assoziiert.<\/p>\n","protected":false},"featured_media":21164,"template":"","meta":{"_monsterinsights_skip_tracking":false,"_monsterinsights_sitenote_active":false,"_monsterinsights_sitenote_note":"","_monsterinsights_sitenote_category":0,"_kadence_starter_templates_imported_post":false,"_kad_post_transparent":"","_kad_post_title":"","_kad_post_layout":"","_kad_post_sidebar_id":"","_kad_post_content_style":"","_kad_post_vertical_padding":"","_kad_post_feature":"","_kad_post_feature_position":"","_kad_post_header":false,"_kad_post_footer":false,"_kad_post_classname":""},"product_brand":[],"product_cat":[78,83],"product_tag":[],"class_list":{"0":"post-21171","1":"product","2":"type-product","3":"status-publish","4":"has-post-thumbnail","6":"product_cat-alles","7":"product_cat-minimalistisch","9":"first","10":"instock","11":"taxable","12":"shipping-taxable","13":"purchasable","14":"product-type-simple","15":"entry","16":"content-bg","17":"loop-entry"},"jetpack_sharing_enabled":true,"_links":{"self":[{"href":"https:\/\/herbaltattoo.eu\/de\/wp-json\/wp\/v2\/product\/21171","targetHints":{"allow":["GET"]}}],"collection":[{"href":"https:\/\/herbaltattoo.eu\/de\/wp-json\/wp\/v2\/product"}],"about":[{"href":"https:\/\/herbaltattoo.eu\/de\/wp-json\/wp\/v2\/types\/product"}],"wp:featuredmedia":[{"embeddable":true,"href":"https:\/\/herbaltattoo.eu\/de\/wp-json\/wp\/v2\/media\/21164"}],"wp:attachment":[{"href":"https:\/\/herbaltattoo.eu\/de\/wp-json\/wp\/v2\/media?parent=21171"}],"wp:term":[{"taxonomy":"product_brand","embeddable":true,"href":"https:\/\/herbaltattoo.eu\/de\/wp-json\/wp\/v2\/product_brand?post=21171"},{"taxonomy":"product_cat","embeddable":true,"href":"https:\/\/herbaltattoo.eu\/de\/wp-json\/wp\/v2\/product_cat?post=21171"},{"taxonomy":"product_tag","embeddable":true,"href":"https:\/\/herbaltattoo.eu\/de\/wp-json\/wp\/v2\/product_tag?post=21171"}],"curies":[{"name":"wp","href":"https:\/\/api.w.org\/{rel}","templated":true}]}}