{"id":21142,"date":"2025-02-15T21:01:44","date_gmt":"2025-02-15T20:01:44","guid":{"rendered":"https:\/\/herbaltattoo.eu\/produkt\/memento-mori\/"},"modified":"2026-02-15T18:10:14","modified_gmt":"2026-02-15T17:10:14","slug":"memento-mori","status":"publish","type":"product","link":"https:\/\/herbaltattoo.eu\/de\/produkt\/memento-mori\/","title":{"rendered":"Memento Mori"},"content":{"rendered":"<p>Ein Tattoo mit der Aufschrift \u201eMemento Mori\u201d (lat. \u201eGedenke des Todes\u201d) erinnert an die Verg\u00e4nglichkeit des Lebens und die Unausweichlichkeit des Todes. Es ist ein Symbol f\u00fcr die Reflexion \u00fcber die Verg\u00e4nglichkeit der Zeit, das dazu anregt, die Gegenwart zu sch\u00e4tzen und ein sinnvolles Leben zu f\u00fchren. Es kann auch Demut gegen\u00fcber dem Tod bedeuten und daran erinnern, unabh\u00e4ngig von Schwierigkeiten ein Leben im Einklang mit den eigenen Werten zu f\u00fchren.  <\/p>\n","protected":false},"excerpt":{"rendered":"<p>Ein Tattoo mit der Aufschrift \u201eMemento Mori\u201d (lat. \u201eGedenke des Todes\u201d) erinnert an die Verg\u00e4nglichkeit des Lebens und die Unausweichlichkeit des Todes. Es ist ein Symbol f\u00fcr die Reflexion \u00fcber die Verg\u00e4nglichkeit der Zeit, das dazu anregt, die Gegenwart zu sch\u00e4tzen und ein sinnvolles Leben zu f\u00fchren. Es kann auch Demut gegen\u00fcber dem Tod bedeuten&#8230;<\/p>\n","protected":false},"featured_media":21136,"template":"","meta":{"_monsterinsights_skip_tracking":false,"_monsterinsights_sitenote_active":false,"_monsterinsights_sitenote_note":"","_monsterinsights_sitenote_category":0,"_kadence_starter_templates_imported_post":false,"_kad_post_transparent":"","_kad_post_title":"","_kad_post_layout":"","_kad_post_sidebar_id":"","_kad_post_content_style":"","_kad_post_vertical_padding":"","_kad_post_feature":"","_kad_post_feature_position":"","_kad_post_header":false,"_kad_post_footer":false,"_kad_post_classname":""},"product_brand":[],"product_cat":[78,82],"product_tag":[],"class_list":{"0":"post-21142","1":"product","2":"type-product","3":"status-publish","4":"has-post-thumbnail","6":"product_cat-alles","7":"product_cat-volle-tattoos","9":"first","10":"instock","11":"taxable","12":"shipping-taxable","13":"purchasable","14":"product-type-simple","15":"entry","16":"content-bg","17":"loop-entry"},"jetpack_sharing_enabled":true,"_links":{"self":[{"href":"https:\/\/herbaltattoo.eu\/de\/wp-json\/wp\/v2\/product\/21142","targetHints":{"allow":["GET"]}}],"collection":[{"href":"https:\/\/herbaltattoo.eu\/de\/wp-json\/wp\/v2\/product"}],"about":[{"href":"https:\/\/herbaltattoo.eu\/de\/wp-json\/wp\/v2\/types\/product"}],"wp:featuredmedia":[{"embeddable":true,"href":"https:\/\/herbaltattoo.eu\/de\/wp-json\/wp\/v2\/media\/21136"}],"wp:attachment":[{"href":"https:\/\/herbaltattoo.eu\/de\/wp-json\/wp\/v2\/media?parent=21142"}],"wp:term":[{"taxonomy":"product_brand","embeddable":true,"href":"https:\/\/herbaltattoo.eu\/de\/wp-json\/wp\/v2\/product_brand?post=21142"},{"taxonomy":"product_cat","embeddable":true,"href":"https:\/\/herbaltattoo.eu\/de\/wp-json\/wp\/v2\/product_cat?post=21142"},{"taxonomy":"product_tag","embeddable":true,"href":"https:\/\/herbaltattoo.eu\/de\/wp-json\/wp\/v2\/product_tag?post=21142"}],"curies":[{"name":"wp","href":"https:\/\/api.w.org\/{rel}","templated":true}]}}