{"id":21135,"date":"2025-02-15T21:00:49","date_gmt":"2025-02-15T20:00:49","guid":{"rendered":"https:\/\/herbaltattoo.eu\/produkt\/casino-royal\/"},"modified":"2026-02-15T18:10:14","modified_gmt":"2026-02-15T17:10:14","slug":"casino-royal","status":"publish","type":"product","link":"https:\/\/herbaltattoo.eu\/de\/produkt\/casino-royal\/","title":{"rendered":"Casino Royal"},"content":{"rendered":"<p>Ein Tattoo mit einem Casino-Motiv kann Risiko, Zuf\u00e4lligkeit und das Streben nach mutigen Entscheidungen im Leben symbolisieren. Es kann auch auf die Leidenschaft f\u00fcr Gl\u00fccksspiele, die Emotionen des Gewinnens und Verlierens verweisen und daran erinnern, dass das Leben wie ein Spiel ist \u2013 voller unvorhersehbarer Wendungen. Ein solches Tattoo kann eine Lebenseinstellung ausdr\u00fccken, bei der man Risiken eingeht und die volle Verantwortung f\u00fcr seine eigenen Entscheidungen \u00fcbernimmt.  <\/p>\n","protected":false},"excerpt":{"rendered":"<p>Ein Tattoo mit einem Casino-Motiv kann Risiko, Zuf\u00e4lligkeit und das Streben nach mutigen Entscheidungen im Leben symbolisieren. Es kann auch auf die Leidenschaft f\u00fcr Gl\u00fccksspiele, die Emotionen des Gewinnens und Verlierens verweisen und daran erinnern, dass das Leben wie ein Spiel ist \u2013 voller unvorhersehbarer Wendungen. Ein solches Tattoo kann eine Lebenseinstellung ausdr\u00fccken, bei der&#8230;<\/p>\n","protected":false},"featured_media":21130,"template":"","meta":{"_monsterinsights_skip_tracking":false,"_monsterinsights_sitenote_active":false,"_monsterinsights_sitenote_note":"","_monsterinsights_sitenote_category":0,"_kadence_starter_templates_imported_post":false,"_kad_post_transparent":"","_kad_post_title":"","_kad_post_layout":"","_kad_post_sidebar_id":"","_kad_post_content_style":"","_kad_post_vertical_padding":"","_kad_post_feature":"","_kad_post_feature_position":"","_kad_post_header":false,"_kad_post_footer":false,"_kad_post_classname":""},"product_brand":[],"product_cat":[78,82],"product_tag":[],"class_list":{"0":"post-21135","1":"product","2":"type-product","3":"status-publish","4":"has-post-thumbnail","6":"product_cat-alles","7":"product_cat-volle-tattoos","9":"first","10":"instock","11":"taxable","12":"shipping-taxable","13":"purchasable","14":"product-type-simple","15":"entry","16":"content-bg","17":"loop-entry"},"jetpack_sharing_enabled":true,"_links":{"self":[{"href":"https:\/\/herbaltattoo.eu\/de\/wp-json\/wp\/v2\/product\/21135","targetHints":{"allow":["GET"]}}],"collection":[{"href":"https:\/\/herbaltattoo.eu\/de\/wp-json\/wp\/v2\/product"}],"about":[{"href":"https:\/\/herbaltattoo.eu\/de\/wp-json\/wp\/v2\/types\/product"}],"wp:featuredmedia":[{"embeddable":true,"href":"https:\/\/herbaltattoo.eu\/de\/wp-json\/wp\/v2\/media\/21130"}],"wp:attachment":[{"href":"https:\/\/herbaltattoo.eu\/de\/wp-json\/wp\/v2\/media?parent=21135"}],"wp:term":[{"taxonomy":"product_brand","embeddable":true,"href":"https:\/\/herbaltattoo.eu\/de\/wp-json\/wp\/v2\/product_brand?post=21135"},{"taxonomy":"product_cat","embeddable":true,"href":"https:\/\/herbaltattoo.eu\/de\/wp-json\/wp\/v2\/product_cat?post=21135"},{"taxonomy":"product_tag","embeddable":true,"href":"https:\/\/herbaltattoo.eu\/de\/wp-json\/wp\/v2\/product_tag?post=21135"}],"curies":[{"name":"wp","href":"https:\/\/api.w.org\/{rel}","templated":true}]}}