{"id":21111,"date":"2025-02-15T19:34:49","date_gmt":"2025-02-15T18:34:49","guid":{"rendered":"https:\/\/herbaltattoo.eu\/produkt\/engelchen\/"},"modified":"2026-02-15T18:10:14","modified_gmt":"2026-02-15T17:10:14","slug":"engelchen","status":"publish","type":"product","link":"https:\/\/herbaltattoo.eu\/de\/produkt\/engelchen\/","title":{"rendered":"Engelchen"},"content":{"rendered":"<p>Ein Tattoo mit drei Engeln kann Schutz, Ausgeglichenheit und spirituelle F\u00fchrung symbolisieren. Die drei Engel k\u00f6nnen verschiedene Aspekte des Lebens darstellen, wie Vergangenheit, Gegenwart und Zukunft oder Geist, Seele und K\u00f6rper. In einigen Interpretationen sind die drei Engel auch ein Symbol f\u00fcr die F\u00fcrsorge f\u00fcr eine Person und stehen f\u00fcr Unterst\u00fctzung in schwierigen Zeiten. Ein solches Tattoo kann den Glauben an spirituelle Kraft, Harmonie und Schutz im Leben zum Ausdruck bringen.   <\/p>\n","protected":false},"excerpt":{"rendered":"<p>Ein Tattoo mit drei Engeln kann Schutz, Ausgeglichenheit und spirituelle F\u00fchrung symbolisieren. Die drei Engel k\u00f6nnen verschiedene Aspekte des Lebens darstellen, wie Vergangenheit, Gegenwart und Zukunft oder Geist, Seele und K\u00f6rper. In einigen Interpretationen sind die drei Engel auch ein Symbol f\u00fcr die F\u00fcrsorge f\u00fcr eine Person und stehen f\u00fcr Unterst\u00fctzung in schwierigen Zeiten. Ein&#8230;<\/p>\n","protected":false},"featured_media":21105,"template":"","meta":{"_monsterinsights_skip_tracking":false,"_monsterinsights_sitenote_active":false,"_monsterinsights_sitenote_note":"","_monsterinsights_sitenote_category":0,"_kadence_starter_templates_imported_post":false,"_kad_post_transparent":"","_kad_post_title":"","_kad_post_layout":"","_kad_post_sidebar_id":"","_kad_post_content_style":"","_kad_post_vertical_padding":"","_kad_post_feature":"","_kad_post_feature_position":"","_kad_post_header":false,"_kad_post_footer":false,"_kad_post_classname":""},"product_brand":[],"product_cat":[78,82],"product_tag":[],"class_list":{"0":"post-21111","1":"product","2":"type-product","3":"status-publish","4":"has-post-thumbnail","6":"product_cat-alles","7":"product_cat-volle-tattoos","9":"first","10":"instock","11":"taxable","12":"shipping-taxable","13":"purchasable","14":"product-type-simple","15":"entry","16":"content-bg","17":"loop-entry"},"jetpack_sharing_enabled":true,"_links":{"self":[{"href":"https:\/\/herbaltattoo.eu\/de\/wp-json\/wp\/v2\/product\/21111","targetHints":{"allow":["GET"]}}],"collection":[{"href":"https:\/\/herbaltattoo.eu\/de\/wp-json\/wp\/v2\/product"}],"about":[{"href":"https:\/\/herbaltattoo.eu\/de\/wp-json\/wp\/v2\/types\/product"}],"wp:featuredmedia":[{"embeddable":true,"href":"https:\/\/herbaltattoo.eu\/de\/wp-json\/wp\/v2\/media\/21105"}],"wp:attachment":[{"href":"https:\/\/herbaltattoo.eu\/de\/wp-json\/wp\/v2\/media?parent=21111"}],"wp:term":[{"taxonomy":"product_brand","embeddable":true,"href":"https:\/\/herbaltattoo.eu\/de\/wp-json\/wp\/v2\/product_brand?post=21111"},{"taxonomy":"product_cat","embeddable":true,"href":"https:\/\/herbaltattoo.eu\/de\/wp-json\/wp\/v2\/product_cat?post=21111"},{"taxonomy":"product_tag","embeddable":true,"href":"https:\/\/herbaltattoo.eu\/de\/wp-json\/wp\/v2\/product_tag?post=21111"}],"curies":[{"name":"wp","href":"https:\/\/api.w.org\/{rel}","templated":true}]}}