{"id":21107,"date":"2025-02-15T19:30:27","date_gmt":"2025-02-15T18:30:27","guid":{"rendered":"https:\/\/herbaltattoo.eu\/produkt\/ein-schoener-vogel\/"},"modified":"2026-02-15T18:10:14","modified_gmt":"2026-02-15T17:10:14","slug":"ein-schoener-vogel","status":"publish","type":"product","link":"https:\/\/herbaltattoo.eu\/de\/produkt\/ein-schoener-vogel\/","title":{"rendered":"Ein sch\u00f6ner Vogel"},"content":{"rendered":"<p>Ein Tattoo mit einem langschw\u00e4nzigen Vogel symbolisiert Eleganz, Freiheit und Sch\u00f6nheit. V\u00f6gel mit langen Schw\u00e4nzen, wie Pfauen oder bestimmte Arten von Paradiesv\u00f6geln, sind auch ein Symbol f\u00fcr W\u00fcrde, Sinnlichkeit und majest\u00e4tisches Aussehen. Ein solches Tattoo kann Individualismus, das Streben nach Besonderheit und Harmonie mit der Natur ausdr\u00fccken. Es kann auch innere St\u00e4rke und das Streben nach der Verwirklichung seiner Tr\u00e4ume symbolisieren.   <\/p>\n","protected":false},"excerpt":{"rendered":"<p>Ein Tattoo mit einem langschw\u00e4nzigen Vogel symbolisiert Eleganz, Freiheit und Sch\u00f6nheit. V\u00f6gel mit langen Schw\u00e4nzen, wie Pfauen oder bestimmte Arten von Paradiesv\u00f6geln, sind auch ein Symbol f\u00fcr W\u00fcrde, Sinnlichkeit und majest\u00e4tisches Aussehen. Ein solches Tattoo kann Individualismus, das Streben nach Besonderheit und Harmonie mit der Natur ausdr\u00fccken. Es kann auch innere St\u00e4rke und das Streben&#8230;<\/p>\n","protected":false},"featured_media":21097,"template":"","meta":{"_monsterinsights_skip_tracking":false,"_monsterinsights_sitenote_active":false,"_monsterinsights_sitenote_note":"","_monsterinsights_sitenote_category":0,"_kadence_starter_templates_imported_post":false,"_kad_post_transparent":"","_kad_post_title":"","_kad_post_layout":"","_kad_post_sidebar_id":"","_kad_post_content_style":"","_kad_post_vertical_padding":"","_kad_post_feature":"","_kad_post_feature_position":"","_kad_post_header":false,"_kad_post_footer":false,"_kad_post_classname":""},"product_brand":[],"product_cat":[78,82],"product_tag":[],"class_list":{"0":"post-21107","1":"product","2":"type-product","3":"status-publish","4":"has-post-thumbnail","6":"product_cat-alles","7":"product_cat-volle-tattoos","9":"first","10":"instock","11":"taxable","12":"shipping-taxable","13":"purchasable","14":"product-type-simple","15":"entry","16":"content-bg","17":"loop-entry"},"jetpack_sharing_enabled":true,"_links":{"self":[{"href":"https:\/\/herbaltattoo.eu\/de\/wp-json\/wp\/v2\/product\/21107","targetHints":{"allow":["GET"]}}],"collection":[{"href":"https:\/\/herbaltattoo.eu\/de\/wp-json\/wp\/v2\/product"}],"about":[{"href":"https:\/\/herbaltattoo.eu\/de\/wp-json\/wp\/v2\/types\/product"}],"wp:featuredmedia":[{"embeddable":true,"href":"https:\/\/herbaltattoo.eu\/de\/wp-json\/wp\/v2\/media\/21097"}],"wp:attachment":[{"href":"https:\/\/herbaltattoo.eu\/de\/wp-json\/wp\/v2\/media?parent=21107"}],"wp:term":[{"taxonomy":"product_brand","embeddable":true,"href":"https:\/\/herbaltattoo.eu\/de\/wp-json\/wp\/v2\/product_brand?post=21107"},{"taxonomy":"product_cat","embeddable":true,"href":"https:\/\/herbaltattoo.eu\/de\/wp-json\/wp\/v2\/product_cat?post=21107"},{"taxonomy":"product_tag","embeddable":true,"href":"https:\/\/herbaltattoo.eu\/de\/wp-json\/wp\/v2\/product_tag?post=21107"}],"curies":[{"name":"wp","href":"https:\/\/api.w.org\/{rel}","templated":true}]}}