{"id":21082,"date":"2025-02-13T20:32:26","date_gmt":"2025-02-13T19:32:26","guid":{"rendered":"https:\/\/herbaltattoo.eu\/produkt\/blitzschlag\/"},"modified":"2026-02-15T18:10:15","modified_gmt":"2026-02-15T17:10:15","slug":"blitzschlag","status":"publish","type":"product","link":"https:\/\/herbaltattoo.eu\/de\/produkt\/blitzschlag\/","title":{"rendered":"Blitzschlag"},"content":{"rendered":"<p>Ein Tattoo mit einem Blitzmotiv symbolisiert Kraft, Energie, schnelle Ver\u00e4nderungen und Transformation. Ein Blitz kann auch ein pl\u00f6tzliches Erwachen, Erleuchtung oder Inspiration bedeuten. Er wird oft mit der Kraft der Natur und der F\u00e4higkeit, Hindernisse zu \u00fcberwinden, sowie mit intensiven Emotionen und Momenten gro\u00dfer Kraft im Leben assoziiert.  <\/p>\n","protected":false},"excerpt":{"rendered":"<p>Ein Tattoo mit einem Blitzmotiv symbolisiert Kraft, Energie, schnelle Ver\u00e4nderungen und Transformation. Ein Blitz kann auch ein pl\u00f6tzliches Erwachen, Erleuchtung oder Inspiration bedeuten. Er wird oft mit der Kraft der Natur und der F\u00e4higkeit, Hindernisse zu \u00fcberwinden, sowie mit intensiven Emotionen und Momenten gro\u00dfer Kraft im Leben assoziiert.<\/p>\n","protected":false},"featured_media":21077,"template":"","meta":{"_monsterinsights_skip_tracking":false,"_monsterinsights_sitenote_active":false,"_monsterinsights_sitenote_note":"","_monsterinsights_sitenote_category":0,"_kadence_starter_templates_imported_post":false,"_kad_post_transparent":"","_kad_post_title":"","_kad_post_layout":"","_kad_post_sidebar_id":"","_kad_post_content_style":"","_kad_post_vertical_padding":"","_kad_post_feature":"","_kad_post_feature_position":"","_kad_post_header":false,"_kad_post_footer":false,"_kad_post_classname":""},"product_brand":[],"product_cat":[78,82],"product_tag":[],"class_list":{"0":"post-21082","1":"product","2":"type-product","3":"status-publish","4":"has-post-thumbnail","6":"product_cat-alles","7":"product_cat-volle-tattoos","9":"first","10":"instock","11":"taxable","12":"shipping-taxable","13":"purchasable","14":"product-type-simple","15":"entry","16":"content-bg","17":"loop-entry"},"jetpack_sharing_enabled":true,"_links":{"self":[{"href":"https:\/\/herbaltattoo.eu\/de\/wp-json\/wp\/v2\/product\/21082","targetHints":{"allow":["GET"]}}],"collection":[{"href":"https:\/\/herbaltattoo.eu\/de\/wp-json\/wp\/v2\/product"}],"about":[{"href":"https:\/\/herbaltattoo.eu\/de\/wp-json\/wp\/v2\/types\/product"}],"wp:featuredmedia":[{"embeddable":true,"href":"https:\/\/herbaltattoo.eu\/de\/wp-json\/wp\/v2\/media\/21077"}],"wp:attachment":[{"href":"https:\/\/herbaltattoo.eu\/de\/wp-json\/wp\/v2\/media?parent=21082"}],"wp:term":[{"taxonomy":"product_brand","embeddable":true,"href":"https:\/\/herbaltattoo.eu\/de\/wp-json\/wp\/v2\/product_brand?post=21082"},{"taxonomy":"product_cat","embeddable":true,"href":"https:\/\/herbaltattoo.eu\/de\/wp-json\/wp\/v2\/product_cat?post=21082"},{"taxonomy":"product_tag","embeddable":true,"href":"https:\/\/herbaltattoo.eu\/de\/wp-json\/wp\/v2\/product_tag?post=21082"}],"curies":[{"name":"wp","href":"https:\/\/api.w.org\/{rel}","templated":true}]}}