{"id":20980,"date":"2025-04-20T11:37:31","date_gmt":"2025-04-20T09:37:31","guid":{"rendered":"https:\/\/herbaltattoo.eu\/produkt\/adler-2\/"},"modified":"2026-02-15T18:08:53","modified_gmt":"2026-02-15T17:08:53","slug":"adler-2","status":"publish","type":"product","link":"https:\/\/herbaltattoo.eu\/de\/produkt\/adler-2\/","title":{"rendered":"Adler"},"content":{"rendered":"<p>Das Adlertattoo symbolisiert St\u00e4rke, Freiheit, Mut und Unabh\u00e4ngigkeit \u2013 ein majest\u00e4tischer Vogel, der sich \u00fcber Widrigkeiten erhebt, mit Klarheit und Zuversicht auf die Welt blickt und ein Zeichen f\u00fcr Geisteskraft, innere Freiheit sowie das unerm\u00fcdliche Streben nach h\u00f6heren Zielen ist.<\/p>\n","protected":false},"excerpt":{"rendered":"<p>Das Adlertattoo symbolisiert St\u00e4rke, Freiheit, Mut und Unabh\u00e4ngigkeit \u2013 ein majest\u00e4tischer Vogel, der sich \u00fcber Widrigkeiten erhebt, mit Klarheit und Zuversicht auf die Welt blickt und ein Zeichen f\u00fcr Geisteskraft, innere Freiheit sowie das unerm\u00fcdliche Streben nach h\u00f6heren Zielen ist.<\/p>\n","protected":false},"featured_media":20981,"template":"","meta":{"_monsterinsights_skip_tracking":false,"_monsterinsights_sitenote_active":false,"_monsterinsights_sitenote_note":"","_monsterinsights_sitenote_category":0,"_kadence_starter_templates_imported_post":false,"_kad_post_transparent":"","_kad_post_title":"","_kad_post_layout":"","_kad_post_sidebar_id":"","_kad_post_content_style":"","_kad_post_vertical_padding":"","_kad_post_feature":"","_kad_post_feature_position":"","_kad_post_header":false,"_kad_post_footer":false,"_kad_post_classname":""},"product_brand":[],"product_cat":[78,82],"product_tag":[],"class_list":{"0":"post-20980","1":"product","2":"type-product","3":"status-publish","4":"has-post-thumbnail","6":"product_cat-alles","7":"product_cat-volle-tattoos","9":"first","10":"instock","11":"taxable","12":"shipping-taxable","13":"purchasable","14":"product-type-simple","15":"entry","16":"content-bg","17":"loop-entry"},"jetpack_sharing_enabled":true,"_links":{"self":[{"href":"https:\/\/herbaltattoo.eu\/de\/wp-json\/wp\/v2\/product\/20980","targetHints":{"allow":["GET"]}}],"collection":[{"href":"https:\/\/herbaltattoo.eu\/de\/wp-json\/wp\/v2\/product"}],"about":[{"href":"https:\/\/herbaltattoo.eu\/de\/wp-json\/wp\/v2\/types\/product"}],"wp:featuredmedia":[{"embeddable":true,"href":"https:\/\/herbaltattoo.eu\/de\/wp-json\/wp\/v2\/media\/20981"}],"wp:attachment":[{"href":"https:\/\/herbaltattoo.eu\/de\/wp-json\/wp\/v2\/media?parent=20980"}],"wp:term":[{"taxonomy":"product_brand","embeddable":true,"href":"https:\/\/herbaltattoo.eu\/de\/wp-json\/wp\/v2\/product_brand?post=20980"},{"taxonomy":"product_cat","embeddable":true,"href":"https:\/\/herbaltattoo.eu\/de\/wp-json\/wp\/v2\/product_cat?post=20980"},{"taxonomy":"product_tag","embeddable":true,"href":"https:\/\/herbaltattoo.eu\/de\/wp-json\/wp\/v2\/product_tag?post=20980"}],"curies":[{"name":"wp","href":"https:\/\/api.w.org\/{rel}","templated":true}]}}