{"id":20976,"date":"2025-04-20T11:32:01","date_gmt":"2025-04-20T09:32:01","guid":{"rendered":"https:\/\/herbaltattoo.eu\/produkt\/kompass\/"},"modified":"2026-02-15T18:08:53","modified_gmt":"2026-02-15T17:08:53","slug":"kompass","status":"publish","type":"product","link":"https:\/\/herbaltattoo.eu\/de\/produkt\/kompass\/","title":{"rendered":"Kompass"},"content":{"rendered":"<p>Ein Kompass-Tattoo symbolisiert das Finden des richtigen Weges im Leben, einen inneren moralischen Kompass, Treue zu deinen Werten und Schutz vor dem Verlorengehen. Es ist ein Zeichen f\u00fcr Richtung, Reise und Sinnsuche, das dich daran erinnert, immer deinem eigenen Weg zu folgen, unabh\u00e4ngig von St\u00fcrmen und Wendungen des Schicksals.<\/p>\n","protected":false},"excerpt":{"rendered":"<p>Ein Kompass-Tattoo symbolisiert das Finden des richtigen Weges im Leben, einen inneren moralischen Kompass, Treue zu deinen Werten und Schutz vor dem Verlorengehen. Es ist ein Zeichen f\u00fcr Richtung, Reise und Sinnsuche, das dich daran erinnert, immer deinem eigenen Weg zu folgen, unabh\u00e4ngig von St\u00fcrmen und Wendungen des Schicksals.<\/p>\n","protected":false},"featured_media":20977,"template":"","meta":{"_monsterinsights_skip_tracking":false,"_monsterinsights_sitenote_active":false,"_monsterinsights_sitenote_note":"","_monsterinsights_sitenote_category":0,"_kadence_starter_templates_imported_post":false,"_kad_post_transparent":"","_kad_post_title":"","_kad_post_layout":"","_kad_post_sidebar_id":"","_kad_post_content_style":"","_kad_post_vertical_padding":"","_kad_post_feature":"","_kad_post_feature_position":"","_kad_post_header":false,"_kad_post_footer":false,"_kad_post_classname":""},"product_brand":[],"product_cat":[78,82],"product_tag":[],"class_list":{"0":"post-20976","1":"product","2":"type-product","3":"status-publish","4":"has-post-thumbnail","6":"product_cat-alles","7":"product_cat-volle-tattoos","9":"first","10":"instock","11":"taxable","12":"shipping-taxable","13":"purchasable","14":"product-type-simple","15":"entry","16":"content-bg","17":"loop-entry"},"jetpack_sharing_enabled":true,"_links":{"self":[{"href":"https:\/\/herbaltattoo.eu\/de\/wp-json\/wp\/v2\/product\/20976","targetHints":{"allow":["GET"]}}],"collection":[{"href":"https:\/\/herbaltattoo.eu\/de\/wp-json\/wp\/v2\/product"}],"about":[{"href":"https:\/\/herbaltattoo.eu\/de\/wp-json\/wp\/v2\/types\/product"}],"wp:featuredmedia":[{"embeddable":true,"href":"https:\/\/herbaltattoo.eu\/de\/wp-json\/wp\/v2\/media\/20977"}],"wp:attachment":[{"href":"https:\/\/herbaltattoo.eu\/de\/wp-json\/wp\/v2\/media?parent=20976"}],"wp:term":[{"taxonomy":"product_brand","embeddable":true,"href":"https:\/\/herbaltattoo.eu\/de\/wp-json\/wp\/v2\/product_brand?post=20976"},{"taxonomy":"product_cat","embeddable":true,"href":"https:\/\/herbaltattoo.eu\/de\/wp-json\/wp\/v2\/product_cat?post=20976"},{"taxonomy":"product_tag","embeddable":true,"href":"https:\/\/herbaltattoo.eu\/de\/wp-json\/wp\/v2\/product_tag?post=20976"}],"curies":[{"name":"wp","href":"https:\/\/api.w.org\/{rel}","templated":true}]}}