{"id":20971,"date":"2025-04-20T12:24:11","date_gmt":"2025-04-20T10:24:11","guid":{"rendered":"https:\/\/herbaltattoo.eu\/produkt\/dragon-ball\/"},"modified":"2026-02-15T18:08:52","modified_gmt":"2026-02-15T17:08:52","slug":"dragon-ball","status":"publish","type":"product","link":"https:\/\/herbaltattoo.eu\/de\/produkt\/dragon-ball\/","title":{"rendered":"Dragon Ball"},"content":{"rendered":"<p>Ein Dragon Ball Tattoo symbolisiert St\u00e4rke, Entschlossenheit und Entwicklung \u2013 physisch wie spirituell. Es steht f\u00fcr das \u00dcberwinden von Schw\u00e4chen, den Kampf um Tr\u00e4ume und das st\u00e4ndige Streben nach Verbesserung. Charaktere wie Goku oder Vegeta erinnern an Mut, Loyalit\u00e4t und Ausdauer, und die Dragon Balls sind ein Zeichen der Hoffnung und des Glaubens an die Erf\u00fcllung von W\u00fcnschen. Dieses Tattoo ist f\u00fcr alle, die Herausforderungen nicht scheuen und an ihre innere St\u00e4rke glauben.   <\/p>\n","protected":false},"excerpt":{"rendered":"<p>Ein Dragon Ball Tattoo symbolisiert St\u00e4rke, Entschlossenheit und Entwicklung \u2013 physisch wie spirituell. Es steht f\u00fcr das \u00dcberwinden von Schw\u00e4chen, den Kampf um Tr\u00e4ume und das st\u00e4ndige Streben nach Verbesserung. Charaktere wie Goku oder Vegeta erinnern an Mut, Loyalit\u00e4t und Ausdauer, und die Dragon Balls sind ein Zeichen der Hoffnung und des Glaubens an die&#8230;<\/p>\n","protected":false},"featured_media":20972,"template":"","meta":{"_monsterinsights_skip_tracking":false,"_monsterinsights_sitenote_active":false,"_monsterinsights_sitenote_note":"","_monsterinsights_sitenote_category":0,"_kadence_starter_templates_imported_post":false,"_kad_post_transparent":"","_kad_post_title":"","_kad_post_layout":"","_kad_post_sidebar_id":"","_kad_post_content_style":"","_kad_post_vertical_padding":"","_kad_post_feature":"","_kad_post_feature_position":"","_kad_post_header":false,"_kad_post_footer":false,"_kad_post_classname":""},"product_brand":[],"product_cat":[78,83],"product_tag":[],"class_list":{"0":"post-20971","1":"product","2":"type-product","3":"status-publish","4":"has-post-thumbnail","6":"product_cat-alles","7":"product_cat-minimalistisch","9":"first","10":"instock","11":"taxable","12":"shipping-taxable","13":"purchasable","14":"product-type-simple","15":"entry","16":"content-bg","17":"loop-entry"},"jetpack_sharing_enabled":true,"_links":{"self":[{"href":"https:\/\/herbaltattoo.eu\/de\/wp-json\/wp\/v2\/product\/20971","targetHints":{"allow":["GET"]}}],"collection":[{"href":"https:\/\/herbaltattoo.eu\/de\/wp-json\/wp\/v2\/product"}],"about":[{"href":"https:\/\/herbaltattoo.eu\/de\/wp-json\/wp\/v2\/types\/product"}],"wp:featuredmedia":[{"embeddable":true,"href":"https:\/\/herbaltattoo.eu\/de\/wp-json\/wp\/v2\/media\/20972"}],"wp:attachment":[{"href":"https:\/\/herbaltattoo.eu\/de\/wp-json\/wp\/v2\/media?parent=20971"}],"wp:term":[{"taxonomy":"product_brand","embeddable":true,"href":"https:\/\/herbaltattoo.eu\/de\/wp-json\/wp\/v2\/product_brand?post=20971"},{"taxonomy":"product_cat","embeddable":true,"href":"https:\/\/herbaltattoo.eu\/de\/wp-json\/wp\/v2\/product_cat?post=20971"},{"taxonomy":"product_tag","embeddable":true,"href":"https:\/\/herbaltattoo.eu\/de\/wp-json\/wp\/v2\/product_tag?post=20971"}],"curies":[{"name":"wp","href":"https:\/\/api.w.org\/{rel}","templated":true}]}}