{"id":20963,"date":"2025-04-20T12:17:50","date_gmt":"2025-04-20T10:17:50","guid":{"rendered":"https:\/\/herbaltattoo.eu\/produkt\/schmetterling-in-flammen\/"},"modified":"2026-02-15T18:08:52","modified_gmt":"2026-02-15T17:08:52","slug":"schmetterling-in-flammen","status":"publish","type":"product","link":"https:\/\/herbaltattoo.eu\/de\/produkt\/schmetterling-in-flammen\/","title":{"rendered":"Schmetterling in Flammen"},"content":{"rendered":"<p>Das Schmetterling-in-Flammen-Tattoo symbolisiert Transformation durch schwierige Erfahrungen. Es vereint die Zartheit des Schmetterlings mit der zerst\u00f6rerischen, doch reinigenden Kraft des Feuers. Es steht f\u00fcr Wiedergeburt nach Schmerz, innere St\u00e4rke aus Leid oder einen lebensver\u00e4ndernden Wendepunkt. Zudem ist es ein Zeichen erk\u00e4mpfter Freiheit und erinnert daran, dass man selbst im Feuer seine wahre Form finden kann.  <\/p>\n","protected":false},"excerpt":{"rendered":"<p>Das Schmetterling-in-Flammen-Tattoo symbolisiert Transformation durch schwierige Erfahrungen. Es vereint die Zartheit des Schmetterlings mit der zerst\u00f6rerischen, doch reinigenden Kraft des Feuers. Es steht f\u00fcr Wiedergeburt nach Schmerz, innere St\u00e4rke aus Leid oder einen lebensver\u00e4ndernden Wendepunkt. Zudem ist es ein Zeichen erk\u00e4mpfter Freiheit und erinnert daran, dass man selbst im Feuer seine wahre Form finden kann.<\/p>\n","protected":false},"featured_media":20964,"template":"","meta":{"_monsterinsights_skip_tracking":false,"_monsterinsights_sitenote_active":false,"_monsterinsights_sitenote_note":"","_monsterinsights_sitenote_category":0,"_kadence_starter_templates_imported_post":false,"_kad_post_transparent":"","_kad_post_title":"","_kad_post_layout":"","_kad_post_sidebar_id":"","_kad_post_content_style":"","_kad_post_vertical_padding":"","_kad_post_feature":"","_kad_post_feature_position":"","_kad_post_header":false,"_kad_post_footer":false,"_kad_post_classname":""},"product_brand":[],"product_cat":[78,83],"product_tag":[],"class_list":{"0":"post-20963","1":"product","2":"type-product","3":"status-publish","4":"has-post-thumbnail","6":"product_cat-alles","7":"product_cat-minimalistisch","9":"first","10":"instock","11":"taxable","12":"shipping-taxable","13":"purchasable","14":"product-type-simple","15":"entry","16":"content-bg","17":"loop-entry"},"jetpack_sharing_enabled":true,"_links":{"self":[{"href":"https:\/\/herbaltattoo.eu\/de\/wp-json\/wp\/v2\/product\/20963","targetHints":{"allow":["GET"]}}],"collection":[{"href":"https:\/\/herbaltattoo.eu\/de\/wp-json\/wp\/v2\/product"}],"about":[{"href":"https:\/\/herbaltattoo.eu\/de\/wp-json\/wp\/v2\/types\/product"}],"wp:featuredmedia":[{"embeddable":true,"href":"https:\/\/herbaltattoo.eu\/de\/wp-json\/wp\/v2\/media\/20964"}],"wp:attachment":[{"href":"https:\/\/herbaltattoo.eu\/de\/wp-json\/wp\/v2\/media?parent=20963"}],"wp:term":[{"taxonomy":"product_brand","embeddable":true,"href":"https:\/\/herbaltattoo.eu\/de\/wp-json\/wp\/v2\/product_brand?post=20963"},{"taxonomy":"product_cat","embeddable":true,"href":"https:\/\/herbaltattoo.eu\/de\/wp-json\/wp\/v2\/product_cat?post=20963"},{"taxonomy":"product_tag","embeddable":true,"href":"https:\/\/herbaltattoo.eu\/de\/wp-json\/wp\/v2\/product_tag?post=20963"}],"curies":[{"name":"wp","href":"https:\/\/api.w.org\/{rel}","templated":true}]}}