{"id":20955,"date":"2025-04-20T12:08:02","date_gmt":"2025-04-20T10:08:02","guid":{"rendered":"https:\/\/herbaltattoo.eu\/produkt\/wuerfel\/"},"modified":"2026-02-15T18:08:52","modified_gmt":"2026-02-15T17:08:52","slug":"wuerfel","status":"publish","type":"product","link":"https:\/\/herbaltattoo.eu\/de\/produkt\/wuerfel\/","title":{"rendered":"W\u00fcrfel"},"content":{"rendered":"<p>Das W\u00fcrfeltattoo: Symbol f\u00fcr Risiko, Zufall, Gl\u00fcck und das Spiel des Lebens. Ein Zeichen f\u00fcr Schicksalsgl\u00e4ubige oder jene, die alles auf eine Karte setzen. Es steht f\u00fcr Mut, die Bereitschaft zur Unvorhersehbarkeit des Lebens, aber auch f\u00fcr Freiheit, Gl\u00fccksspiel und Unabh\u00e4ngigkeit. F\u00fcr viele ist es zudem ein Gl\u00fcckssymbol \u2013 besonders bei gl\u00fccklichen W\u00fcrfen wie einer doppelten Sechs.  <\/p>\n","protected":false},"excerpt":{"rendered":"<p>Das W\u00fcrfeltattoo: Symbol f\u00fcr Risiko, Zufall, Gl\u00fcck und das Spiel des Lebens. Ein Zeichen f\u00fcr Schicksalsgl\u00e4ubige oder jene, die alles auf eine Karte setzen. Es steht f\u00fcr Mut, die Bereitschaft zur Unvorhersehbarkeit des Lebens, aber auch f\u00fcr Freiheit, Gl\u00fccksspiel und Unabh\u00e4ngigkeit. F\u00fcr viele ist es zudem ein Gl\u00fcckssymbol \u2013 besonders bei gl\u00fccklichen W\u00fcrfen wie einer&#8230;<\/p>\n","protected":false},"featured_media":20956,"template":"","meta":{"_monsterinsights_skip_tracking":false,"_monsterinsights_sitenote_active":false,"_monsterinsights_sitenote_note":"","_monsterinsights_sitenote_category":0,"_kadence_starter_templates_imported_post":false,"_kad_post_transparent":"","_kad_post_title":"","_kad_post_layout":"","_kad_post_sidebar_id":"","_kad_post_content_style":"","_kad_post_vertical_padding":"","_kad_post_feature":"","_kad_post_feature_position":"","_kad_post_header":false,"_kad_post_footer":false,"_kad_post_classname":""},"product_brand":[],"product_cat":[78,83],"product_tag":[],"class_list":{"0":"post-20955","1":"product","2":"type-product","3":"status-publish","4":"has-post-thumbnail","6":"product_cat-alles","7":"product_cat-minimalistisch","9":"first","10":"instock","11":"taxable","12":"shipping-taxable","13":"purchasable","14":"product-type-simple","15":"entry","16":"content-bg","17":"loop-entry"},"jetpack_sharing_enabled":true,"_links":{"self":[{"href":"https:\/\/herbaltattoo.eu\/de\/wp-json\/wp\/v2\/product\/20955","targetHints":{"allow":["GET"]}}],"collection":[{"href":"https:\/\/herbaltattoo.eu\/de\/wp-json\/wp\/v2\/product"}],"about":[{"href":"https:\/\/herbaltattoo.eu\/de\/wp-json\/wp\/v2\/types\/product"}],"wp:featuredmedia":[{"embeddable":true,"href":"https:\/\/herbaltattoo.eu\/de\/wp-json\/wp\/v2\/media\/20956"}],"wp:attachment":[{"href":"https:\/\/herbaltattoo.eu\/de\/wp-json\/wp\/v2\/media?parent=20955"}],"wp:term":[{"taxonomy":"product_brand","embeddable":true,"href":"https:\/\/herbaltattoo.eu\/de\/wp-json\/wp\/v2\/product_brand?post=20955"},{"taxonomy":"product_cat","embeddable":true,"href":"https:\/\/herbaltattoo.eu\/de\/wp-json\/wp\/v2\/product_cat?post=20955"},{"taxonomy":"product_tag","embeddable":true,"href":"https:\/\/herbaltattoo.eu\/de\/wp-json\/wp\/v2\/product_tag?post=20955"}],"curies":[{"name":"wp","href":"https:\/\/api.w.org\/{rel}","templated":true}]}}