{"id":20932,"date":"2025-05-26T14:02:56","date_gmt":"2025-05-26T12:02:56","guid":{"rendered":"https:\/\/herbaltattoo.eu\/produkt\/ak47\/"},"modified":"2026-02-15T18:08:32","modified_gmt":"2026-02-15T17:08:32","slug":"ak47","status":"publish","type":"product","link":"https:\/\/herbaltattoo.eu\/de\/produkt\/ak47\/","title":{"rendered":"AK47"},"content":{"rendered":"","protected":false},"excerpt":{"rendered":"<p>Das AK-47 Tattoo symbolisiert St\u00e4rke, Kampf und \u00dcberleben, doch seine Bedeutung variiert je nach Kontext. Es kann ein Zeichen von Rebellion, Widerstand gegen das System oder Faszination f\u00fcr Krieg und Milit\u00e4r sein. In kriminellen Kreisen wird es oft mit Gewalt, Gangs und Status assoziiert. F\u00fcr manche ist es ein pers\u00f6nliches Symbol f\u00fcr das \u00dcberwinden schwieriger Erfahrungen oder ein Ausdruck eines starken Charakters. Manchmal wird es einfach wegen seines markanten, bedrohlichen Aussehens gew\u00e4hlt.    <\/p>\n","protected":false},"featured_media":20933,"template":"","meta":{"_monsterinsights_skip_tracking":false,"_monsterinsights_sitenote_active":false,"_monsterinsights_sitenote_note":"","_monsterinsights_sitenote_category":0,"_kadence_starter_templates_imported_post":false,"_kad_post_transparent":"","_kad_post_title":"","_kad_post_layout":"","_kad_post_sidebar_id":"","_kad_post_content_style":"","_kad_post_vertical_padding":"","_kad_post_feature":"","_kad_post_feature_position":"","_kad_post_header":false,"_kad_post_footer":false,"_kad_post_classname":""},"product_brand":[],"product_cat":[78,82],"product_tag":[],"class_list":{"0":"post-20932","1":"product","2":"type-product","3":"status-publish","4":"has-post-thumbnail","6":"product_cat-alles","7":"product_cat-volle-tattoos","9":"first","10":"instock","11":"taxable","12":"shipping-taxable","13":"purchasable","14":"product-type-simple","15":"entry","16":"content-bg","17":"loop-entry"},"jetpack_sharing_enabled":true,"_links":{"self":[{"href":"https:\/\/herbaltattoo.eu\/de\/wp-json\/wp\/v2\/product\/20932","targetHints":{"allow":["GET"]}}],"collection":[{"href":"https:\/\/herbaltattoo.eu\/de\/wp-json\/wp\/v2\/product"}],"about":[{"href":"https:\/\/herbaltattoo.eu\/de\/wp-json\/wp\/v2\/types\/product"}],"wp:featuredmedia":[{"embeddable":true,"href":"https:\/\/herbaltattoo.eu\/de\/wp-json\/wp\/v2\/media\/20933"}],"wp:attachment":[{"href":"https:\/\/herbaltattoo.eu\/de\/wp-json\/wp\/v2\/media?parent=20932"}],"wp:term":[{"taxonomy":"product_brand","embeddable":true,"href":"https:\/\/herbaltattoo.eu\/de\/wp-json\/wp\/v2\/product_brand?post=20932"},{"taxonomy":"product_cat","embeddable":true,"href":"https:\/\/herbaltattoo.eu\/de\/wp-json\/wp\/v2\/product_cat?post=20932"},{"taxonomy":"product_tag","embeddable":true,"href":"https:\/\/herbaltattoo.eu\/de\/wp-json\/wp\/v2\/product_tag?post=20932"}],"curies":[{"name":"wp","href":"https:\/\/api.w.org\/{rel}","templated":true}]}}