{"id":20914,"date":"2025-05-26T14:13:07","date_gmt":"2025-05-26T12:13:07","guid":{"rendered":"https:\/\/herbaltattoo.eu\/produkt\/blumen-2\/"},"modified":"2026-02-15T18:08:31","modified_gmt":"2026-02-15T17:08:31","slug":"blumen-2","status":"publish","type":"product","link":"https:\/\/herbaltattoo.eu\/de\/produkt\/blumen-2\/","title":{"rendered":"Blumen"},"content":{"rendered":"<p>Ein Blumentattoo symbolisiert Sch\u00f6nheit, Natur und Zartheit, doch seine Bedeutung h\u00e4ngt von der jeweiligen Art ab. Eine Rose kann Liebe und Leidenschaft bedeuten, ein Lotus Spiritualit\u00e4t und Wiedergeburt, und ein Mohn \u2013 Erinnerung oder Frieden. Blumen werden oft mit Weiblichkeit, Leben und Verg\u00e4nglichkeit verbunden. Sie k\u00f6nnen auch pers\u00f6nliche Erinnerungen oder Emotionen ausdr\u00fccken. Es ist ein universelles Motiv, das \u00c4sthetik mit einer tieferen Botschaft verbindet.    <\/p>\n","protected":false},"excerpt":{"rendered":"<p>Ein Blumentattoo symbolisiert Sch\u00f6nheit, Natur und Zartheit, doch seine Bedeutung h\u00e4ngt von der jeweiligen Art ab. Eine Rose kann Liebe und Leidenschaft bedeuten, ein Lotus Spiritualit\u00e4t und Wiedergeburt, und ein Mohn \u2013 Erinnerung oder Frieden. Blumen werden oft mit Weiblichkeit, Leben und Verg\u00e4nglichkeit verbunden. Sie k\u00f6nnen auch pers\u00f6nliche Erinnerungen oder Emotionen ausdr\u00fccken. Es ist ein&#8230;<\/p>\n","protected":false},"featured_media":20916,"template":"","meta":{"_monsterinsights_skip_tracking":false,"_monsterinsights_sitenote_active":false,"_monsterinsights_sitenote_note":"","_monsterinsights_sitenote_category":0,"_kadence_starter_templates_imported_post":false,"_kad_post_transparent":"","_kad_post_title":"","_kad_post_layout":"","_kad_post_sidebar_id":"","_kad_post_content_style":"","_kad_post_vertical_padding":"","_kad_post_feature":"","_kad_post_feature_position":"","_kad_post_header":false,"_kad_post_footer":false,"_kad_post_classname":""},"product_brand":[],"product_cat":[78,82],"product_tag":[],"class_list":{"0":"post-20914","1":"product","2":"type-product","3":"status-publish","4":"has-post-thumbnail","6":"product_cat-alles","7":"product_cat-volle-tattoos","9":"first","10":"instock","11":"featured","12":"taxable","13":"shipping-taxable","14":"purchasable","15":"product-type-simple","16":"entry","17":"content-bg","18":"loop-entry"},"jetpack_sharing_enabled":true,"_links":{"self":[{"href":"https:\/\/herbaltattoo.eu\/de\/wp-json\/wp\/v2\/product\/20914","targetHints":{"allow":["GET"]}}],"collection":[{"href":"https:\/\/herbaltattoo.eu\/de\/wp-json\/wp\/v2\/product"}],"about":[{"href":"https:\/\/herbaltattoo.eu\/de\/wp-json\/wp\/v2\/types\/product"}],"wp:featuredmedia":[{"embeddable":true,"href":"https:\/\/herbaltattoo.eu\/de\/wp-json\/wp\/v2\/media\/20916"}],"wp:attachment":[{"href":"https:\/\/herbaltattoo.eu\/de\/wp-json\/wp\/v2\/media?parent=20914"}],"wp:term":[{"taxonomy":"product_brand","embeddable":true,"href":"https:\/\/herbaltattoo.eu\/de\/wp-json\/wp\/v2\/product_brand?post=20914"},{"taxonomy":"product_cat","embeddable":true,"href":"https:\/\/herbaltattoo.eu\/de\/wp-json\/wp\/v2\/product_cat?post=20914"},{"taxonomy":"product_tag","embeddable":true,"href":"https:\/\/herbaltattoo.eu\/de\/wp-json\/wp\/v2\/product_tag?post=20914"}],"curies":[{"name":"wp","href":"https:\/\/api.w.org\/{rel}","templated":true}]}}