{"id":20898,"date":"2025-04-20T13:26:56","date_gmt":"2025-04-20T11:26:56","guid":{"rendered":"https:\/\/herbaltattoo.eu\/produkt\/loewen-aermel\/"},"modified":"2026-02-15T18:08:52","modified_gmt":"2026-02-15T17:08:52","slug":"loewen-aermel","status":"publish","type":"product","link":"https:\/\/herbaltattoo.eu\/de\/produkt\/loewen-aermel\/","title":{"rendered":"L\u00f6wen \u00c4RMEL"},"content":{"rendered":"<p>Ein L\u00f6wen-\u00c4rmeltattoo symbolisiert St\u00e4rke, Mut und unbezwingbaren Geist. Der L\u00f6we, als K\u00f6nig der Tiere, verk\u00f6rpert F\u00fchrung, Selbstvertrauen und nat\u00fcrliche Autorit\u00e4t. Oft wird er von einer Krone begleitet, die Stolz, Macht und Selbstwertgef\u00fchl unterstreicht. Ein solches Design kann auch Loyalit\u00e4t gegen\u00fcber deinen Liebsten und die Bereitschaft, sie zu besch\u00fctzen, bedeuten. Das Ganze ist eine visuelle Geschichte von Kraft, Ehre und dem pers\u00f6nlichen Weg eines Kriegers.    <\/p>\n","protected":false},"excerpt":{"rendered":"<p>Ein L\u00f6wen-\u00c4rmeltattoo symbolisiert St\u00e4rke, Mut und unbezwingbaren Geist. Der L\u00f6we, als K\u00f6nig der Tiere, verk\u00f6rpert F\u00fchrung, Selbstvertrauen und nat\u00fcrliche Autorit\u00e4t. Oft wird er von einer Krone begleitet, die Stolz, Macht und Selbstwertgef\u00fchl unterstreicht. Ein solches Design kann auch Loyalit\u00e4t gegen\u00fcber deinen Liebsten und die Bereitschaft, sie zu besch\u00fctzen, bedeuten. Das Ganze ist eine visuelle Geschichte&#8230;<\/p>\n","protected":false},"featured_media":20899,"template":"","meta":{"_monsterinsights_skip_tracking":false,"_monsterinsights_sitenote_active":false,"_monsterinsights_sitenote_note":"","_monsterinsights_sitenote_category":0,"_kadence_starter_templates_imported_post":false,"_kad_post_transparent":"","_kad_post_title":"","_kad_post_layout":"","_kad_post_sidebar_id":"","_kad_post_content_style":"","_kad_post_vertical_padding":"","_kad_post_feature":"","_kad_post_feature_position":"","_kad_post_header":false,"_kad_post_footer":false,"_kad_post_classname":""},"product_brand":[],"product_cat":[78,87],"product_tag":[],"class_list":{"0":"post-20898","1":"product","2":"type-product","3":"status-publish","4":"has-post-thumbnail","6":"product_cat-alles","7":"product_cat-sleeves","9":"first","10":"instock","11":"taxable","12":"shipping-taxable","13":"purchasable","14":"product-type-simple","15":"entry","16":"content-bg","17":"loop-entry"},"jetpack_sharing_enabled":true,"_links":{"self":[{"href":"https:\/\/herbaltattoo.eu\/de\/wp-json\/wp\/v2\/product\/20898","targetHints":{"allow":["GET"]}}],"collection":[{"href":"https:\/\/herbaltattoo.eu\/de\/wp-json\/wp\/v2\/product"}],"about":[{"href":"https:\/\/herbaltattoo.eu\/de\/wp-json\/wp\/v2\/types\/product"}],"wp:featuredmedia":[{"embeddable":true,"href":"https:\/\/herbaltattoo.eu\/de\/wp-json\/wp\/v2\/media\/20899"}],"wp:attachment":[{"href":"https:\/\/herbaltattoo.eu\/de\/wp-json\/wp\/v2\/media?parent=20898"}],"wp:term":[{"taxonomy":"product_brand","embeddable":true,"href":"https:\/\/herbaltattoo.eu\/de\/wp-json\/wp\/v2\/product_brand?post=20898"},{"taxonomy":"product_cat","embeddable":true,"href":"https:\/\/herbaltattoo.eu\/de\/wp-json\/wp\/v2\/product_cat?post=20898"},{"taxonomy":"product_tag","embeddable":true,"href":"https:\/\/herbaltattoo.eu\/de\/wp-json\/wp\/v2\/product_tag?post=20898"}],"curies":[{"name":"wp","href":"https:\/\/api.w.org\/{rel}","templated":true}]}}