{"id":20896,"date":"2025-04-20T13:38:42","date_gmt":"2025-04-20T11:38:42","guid":{"rendered":"https:\/\/herbaltattoo.eu\/produkt\/wolf-aermel\/"},"modified":"2026-02-15T18:08:52","modified_gmt":"2026-02-15T17:08:52","slug":"wolf-aermel","status":"publish","type":"product","link":"https:\/\/herbaltattoo.eu\/de\/produkt\/wolf-aermel\/","title":{"rendered":"Wolf \u00c4RMEL"},"content":{"rendered":"<p class=\"\" data-start=\"79\" data-end=\"547\">Ein Wolfs-\u00c4rmeltattoo symbolisiert Unabh\u00e4ngigkeit, Instinkt und \u00dcberlebenskraft. Der Wolf ist ein Tier, das seinem Rudel treu ist, daher wird er oft mit Familie, Schutz und Hingabe assoziiert. Gleichzeitig repr\u00e4sentiert er auch den Einzelg\u00e4nger \u2013 jemanden, der seinen eigenen Weg geht und sich von seiner Intuition leiten l\u00e4sst. Auf dem \u00c4rmel wird der Wolf oft vor dem Hintergrund eines Waldes, des Mondes oder der Berge dargestellt, was seine wilde, freie Natur unterstreicht. Ein solches Tattoo ist ein Manifest pers\u00f6nlicher St\u00e4rke, Mut und Treue zu deinen Werten.    <\/p>\n","protected":false},"excerpt":{"rendered":"<p>Ein Wolfs-\u00c4rmeltattoo symbolisiert Unabh\u00e4ngigkeit, Instinkt und \u00dcberlebenskraft. Der Wolf ist ein Tier, das seinem Rudel treu ist, daher wird er oft mit Familie, Schutz und Hingabe assoziiert. Gleichzeitig repr\u00e4sentiert er auch den Einzelg\u00e4nger \u2013 jemanden, der seinen eigenen Weg geht und sich von seiner Intuition leiten l\u00e4sst. Auf dem \u00c4rmel wird der Wolf oft vor&#8230;<\/p>\n","protected":false},"featured_media":20897,"template":"","meta":{"_monsterinsights_skip_tracking":false,"_monsterinsights_sitenote_active":false,"_monsterinsights_sitenote_note":"","_monsterinsights_sitenote_category":0,"_kadence_starter_templates_imported_post":false,"_kad_post_transparent":"","_kad_post_title":"","_kad_post_layout":"","_kad_post_sidebar_id":"","_kad_post_content_style":"","_kad_post_vertical_padding":"","_kad_post_feature":"","_kad_post_feature_position":"","_kad_post_header":false,"_kad_post_footer":false,"_kad_post_classname":""},"product_brand":[],"product_cat":[78,87],"product_tag":[],"class_list":{"0":"post-20896","1":"product","2":"type-product","3":"status-publish","4":"has-post-thumbnail","6":"product_cat-alles","7":"product_cat-sleeves","9":"first","10":"outofstock","11":"taxable","12":"shipping-taxable","13":"purchasable","14":"product-type-simple","15":"entry","16":"content-bg","17":"loop-entry"},"jetpack_sharing_enabled":true,"_links":{"self":[{"href":"https:\/\/herbaltattoo.eu\/de\/wp-json\/wp\/v2\/product\/20896","targetHints":{"allow":["GET"]}}],"collection":[{"href":"https:\/\/herbaltattoo.eu\/de\/wp-json\/wp\/v2\/product"}],"about":[{"href":"https:\/\/herbaltattoo.eu\/de\/wp-json\/wp\/v2\/types\/product"}],"wp:featuredmedia":[{"embeddable":true,"href":"https:\/\/herbaltattoo.eu\/de\/wp-json\/wp\/v2\/media\/20897"}],"wp:attachment":[{"href":"https:\/\/herbaltattoo.eu\/de\/wp-json\/wp\/v2\/media?parent=20896"}],"wp:term":[{"taxonomy":"product_brand","embeddable":true,"href":"https:\/\/herbaltattoo.eu\/de\/wp-json\/wp\/v2\/product_brand?post=20896"},{"taxonomy":"product_cat","embeddable":true,"href":"https:\/\/herbaltattoo.eu\/de\/wp-json\/wp\/v2\/product_cat?post=20896"},{"taxonomy":"product_tag","embeddable":true,"href":"https:\/\/herbaltattoo.eu\/de\/wp-json\/wp\/v2\/product_tag?post=20896"}],"curies":[{"name":"wp","href":"https:\/\/api.w.org\/{rel}","templated":true}]}}