{"id":20892,"date":"2025-04-20T12:28:29","date_gmt":"2025-04-20T10:28:29","guid":{"rendered":"https:\/\/herbaltattoo.eu\/produkt\/laecheln\/"},"modified":"2026-02-15T18:08:52","modified_gmt":"2026-02-15T17:08:52","slug":"laecheln","status":"publish","type":"product","link":"https:\/\/herbaltattoo.eu\/de\/produkt\/laecheln\/","title":{"rendered":"L\u00e4cheln"},"content":{"rendered":"<p>Ein L\u00e4cheln-Tattoo symbolisiert Freude, eine positive Lebenseinstellung und die innere St\u00e4rke, Schwierigkeiten mit einem L\u00e4cheln zu meistern. Es dr\u00fcckt Optimismus, Selbstvertrauen und die \u00dcberzeugung aus, dass es sich selbst in den schwierigsten Zeiten lohnt, etwas zu finden, das dich zum L\u00e4cheln bringt. F\u00fcr viele ist es auch eine Erinnerung an die Kraft einfacher, aber wichtiger Gl\u00fccksmomente und daran, dass ein L\u00e4cheln die Welt um uns herum ver\u00e4ndern kann.  <\/p>\n","protected":false},"excerpt":{"rendered":"<p>Ein L\u00e4cheln-Tattoo symbolisiert Freude, eine positive Lebenseinstellung und die innere St\u00e4rke, Schwierigkeiten mit einem L\u00e4cheln zu meistern. Es dr\u00fcckt Optimismus, Selbstvertrauen und die \u00dcberzeugung aus, dass es sich selbst in den schwierigsten Zeiten lohnt, etwas zu finden, das dich zum L\u00e4cheln bringt. F\u00fcr viele ist es auch eine Erinnerung an die Kraft einfacher, aber wichtiger&#8230;<\/p>\n","protected":false},"featured_media":20893,"template":"","meta":{"_monsterinsights_skip_tracking":false,"_monsterinsights_sitenote_active":false,"_monsterinsights_sitenote_note":"","_monsterinsights_sitenote_category":0,"_kadence_starter_templates_imported_post":false,"_kad_post_transparent":"","_kad_post_title":"","_kad_post_layout":"","_kad_post_sidebar_id":"","_kad_post_content_style":"","_kad_post_vertical_padding":"","_kad_post_feature":"","_kad_post_feature_position":"","_kad_post_header":false,"_kad_post_footer":false,"_kad_post_classname":""},"product_brand":[],"product_cat":[78,83],"product_tag":[],"class_list":{"0":"post-20892","1":"product","2":"type-product","3":"status-publish","4":"has-post-thumbnail","6":"product_cat-alles","7":"product_cat-minimalistisch","9":"first","10":"instock","11":"taxable","12":"shipping-taxable","13":"purchasable","14":"product-type-simple","15":"entry","16":"content-bg","17":"loop-entry"},"jetpack_sharing_enabled":true,"_links":{"self":[{"href":"https:\/\/herbaltattoo.eu\/de\/wp-json\/wp\/v2\/product\/20892","targetHints":{"allow":["GET"]}}],"collection":[{"href":"https:\/\/herbaltattoo.eu\/de\/wp-json\/wp\/v2\/product"}],"about":[{"href":"https:\/\/herbaltattoo.eu\/de\/wp-json\/wp\/v2\/types\/product"}],"wp:featuredmedia":[{"embeddable":true,"href":"https:\/\/herbaltattoo.eu\/de\/wp-json\/wp\/v2\/media\/20893"}],"wp:attachment":[{"href":"https:\/\/herbaltattoo.eu\/de\/wp-json\/wp\/v2\/media?parent=20892"}],"wp:term":[{"taxonomy":"product_brand","embeddable":true,"href":"https:\/\/herbaltattoo.eu\/de\/wp-json\/wp\/v2\/product_brand?post=20892"},{"taxonomy":"product_cat","embeddable":true,"href":"https:\/\/herbaltattoo.eu\/de\/wp-json\/wp\/v2\/product_cat?post=20892"},{"taxonomy":"product_tag","embeddable":true,"href":"https:\/\/herbaltattoo.eu\/de\/wp-json\/wp\/v2\/product_tag?post=20892"}],"curies":[{"name":"wp","href":"https:\/\/api.w.org\/{rel}","templated":true}]}}