{"id":20888,"date":"2025-04-20T13:51:56","date_gmt":"2025-04-20T11:51:56","guid":{"rendered":"https:\/\/herbaltattoo.eu\/produkt\/goettliches-auge-aermel\/"},"modified":"2026-02-15T18:08:52","modified_gmt":"2026-02-15T17:08:52","slug":"goettliches-auge-aermel","status":"publish","type":"product","link":"https:\/\/herbaltattoo.eu\/de\/produkt\/goettliches-auge-aermel\/","title":{"rendered":"G\u00f6ttliches Auge \u00c4RMEL"},"content":{"rendered":"<p>Das g\u00f6ttliche Auge als \u00c4rmel-Tattoo symbolisiert spirituelle Wachsamkeit, Schutz und die Pr\u00e4senz einer h\u00f6heren Macht, die \u00fcber dich wacht. Das im Dreieck platzierte, oft von Strahlen umgebene Auge steht f\u00fcr g\u00f6ttliche Weisheit, Intuition und die unverborgene Wahrheit. Als Full-Sleeve wird dieses Motiv oft mit Uhren, Sch\u00e4deln, sakralen Elementen, Geometrie oder dem Universum kombiniert, um eine Komposition mit tief philosophischer Botschaft zu schaffen. Es ist ein Zeichen von Schutz und Bewusstsein, aber auch ein Symbol f\u00fcr inneres Erwachen und die Suche nach Sinn.   <\/p>\n","protected":false},"excerpt":{"rendered":"<p>Das g\u00f6ttliche Auge als \u00c4rmel-Tattoo symbolisiert spirituelle Wachsamkeit, Schutz und die Pr\u00e4senz einer h\u00f6heren Macht, die \u00fcber dich wacht. Das im Dreieck platzierte, oft von Strahlen umgebene Auge steht f\u00fcr g\u00f6ttliche Weisheit, Intuition und die unverborgene Wahrheit. Als Full-Sleeve wird dieses Motiv oft mit Uhren, Sch\u00e4deln, sakralen Elementen, Geometrie oder dem Universum kombiniert, um eine&#8230;<\/p>\n","protected":false},"featured_media":20889,"template":"","meta":{"_monsterinsights_skip_tracking":false,"_monsterinsights_sitenote_active":false,"_monsterinsights_sitenote_note":"","_monsterinsights_sitenote_category":0,"_kadence_starter_templates_imported_post":false,"_kad_post_transparent":"","_kad_post_title":"","_kad_post_layout":"","_kad_post_sidebar_id":"","_kad_post_content_style":"","_kad_post_vertical_padding":"","_kad_post_feature":"","_kad_post_feature_position":"","_kad_post_header":false,"_kad_post_footer":false,"_kad_post_classname":""},"product_brand":[],"product_cat":[78,87],"product_tag":[],"class_list":{"0":"post-20888","1":"product","2":"type-product","3":"status-publish","4":"has-post-thumbnail","6":"product_cat-alles","7":"product_cat-sleeves","9":"first","10":"instock","11":"taxable","12":"shipping-taxable","13":"purchasable","14":"product-type-simple","15":"entry","16":"content-bg","17":"loop-entry"},"jetpack_sharing_enabled":true,"_links":{"self":[{"href":"https:\/\/herbaltattoo.eu\/de\/wp-json\/wp\/v2\/product\/20888","targetHints":{"allow":["GET"]}}],"collection":[{"href":"https:\/\/herbaltattoo.eu\/de\/wp-json\/wp\/v2\/product"}],"about":[{"href":"https:\/\/herbaltattoo.eu\/de\/wp-json\/wp\/v2\/types\/product"}],"wp:featuredmedia":[{"embeddable":true,"href":"https:\/\/herbaltattoo.eu\/de\/wp-json\/wp\/v2\/media\/20889"}],"wp:attachment":[{"href":"https:\/\/herbaltattoo.eu\/de\/wp-json\/wp\/v2\/media?parent=20888"}],"wp:term":[{"taxonomy":"product_brand","embeddable":true,"href":"https:\/\/herbaltattoo.eu\/de\/wp-json\/wp\/v2\/product_brand?post=20888"},{"taxonomy":"product_cat","embeddable":true,"href":"https:\/\/herbaltattoo.eu\/de\/wp-json\/wp\/v2\/product_cat?post=20888"},{"taxonomy":"product_tag","embeddable":true,"href":"https:\/\/herbaltattoo.eu\/de\/wp-json\/wp\/v2\/product_tag?post=20888"}],"curies":[{"name":"wp","href":"https:\/\/api.w.org\/{rel}","templated":true}]}}