{"id":20861,"date":"2025-06-06T22:26:22","date_gmt":"2025-06-06T20:26:22","guid":{"rendered":"https:\/\/herbaltattoo.eu\/produkt\/sternzeichen-zwillinge\/"},"modified":"2026-02-15T18:08:11","modified_gmt":"2026-02-15T17:08:11","slug":"sternzeichen-zwillinge","status":"publish","type":"product","link":"https:\/\/herbaltattoo.eu\/de\/produkt\/sternzeichen-zwillinge\/","title":{"rendered":"STERNZEICHEN Zwillinge"},"content":{"rendered":"<p>Ein Zwillinge-Tattoo symbolisiert die zwei Seiten einer Pers\u00f6nlichkeit \u2013 Dualismus, Wandelbarkeit und Vielseitigkeit. Menschen dieses Zeichens sind meist neugierig, gesellig und voller Energie. Zwillinge stehen f\u00fcr Kommunikation, Intellekt und die F\u00e4higkeit, sich anzupassen. Das Tattoo kann das Gleichgewicht zwischen Herz und Verstand oder das Bed\u00fcrfnis nach Freiheit und Vielfalt ausdr\u00fccken. Es ist auch ein Zeichen f\u00fcr kreative, offene Menschen, die st\u00e4ndig neue Erfahrungen suchen.    <\/p>\n","protected":false},"excerpt":{"rendered":"<p>Ein Zwillinge-Tattoo symbolisiert die zwei Seiten einer Pers\u00f6nlichkeit \u2013 Dualismus, Wandelbarkeit und Vielseitigkeit. Menschen dieses Zeichens sind meist neugierig, gesellig und voller Energie. Zwillinge stehen f\u00fcr Kommunikation, Intellekt und die F\u00e4higkeit, sich anzupassen. Das Tattoo kann das Gleichgewicht zwischen Herz und Verstand oder das Bed\u00fcrfnis nach Freiheit und Vielfalt ausdr\u00fccken. Es ist auch ein Zeichen&#8230;<\/p>\n","protected":false},"featured_media":20862,"template":"","meta":{"_monsterinsights_skip_tracking":false,"_monsterinsights_sitenote_active":false,"_monsterinsights_sitenote_note":"","_monsterinsights_sitenote_category":0,"_kadence_starter_templates_imported_post":false,"_kad_post_transparent":"","_kad_post_title":"","_kad_post_layout":"","_kad_post_sidebar_id":"","_kad_post_content_style":"","_kad_post_vertical_padding":"","_kad_post_feature":"","_kad_post_feature_position":"","_kad_post_header":false,"_kad_post_footer":false,"_kad_post_classname":""},"product_brand":[],"product_cat":[78,83,90],"product_tag":[],"class_list":{"0":"post-20861","1":"product","2":"type-product","3":"status-publish","4":"has-post-thumbnail","6":"product_cat-alles","7":"product_cat-minimalistisch","8":"product_cat-sternzeichen","10":"first","11":"instock","12":"taxable","13":"shipping-taxable","14":"purchasable","15":"product-type-simple","16":"entry","17":"content-bg","18":"loop-entry"},"jetpack_sharing_enabled":true,"_links":{"self":[{"href":"https:\/\/herbaltattoo.eu\/de\/wp-json\/wp\/v2\/product\/20861","targetHints":{"allow":["GET"]}}],"collection":[{"href":"https:\/\/herbaltattoo.eu\/de\/wp-json\/wp\/v2\/product"}],"about":[{"href":"https:\/\/herbaltattoo.eu\/de\/wp-json\/wp\/v2\/types\/product"}],"wp:featuredmedia":[{"embeddable":true,"href":"https:\/\/herbaltattoo.eu\/de\/wp-json\/wp\/v2\/media\/20862"}],"wp:attachment":[{"href":"https:\/\/herbaltattoo.eu\/de\/wp-json\/wp\/v2\/media?parent=20861"}],"wp:term":[{"taxonomy":"product_brand","embeddable":true,"href":"https:\/\/herbaltattoo.eu\/de\/wp-json\/wp\/v2\/product_brand?post=20861"},{"taxonomy":"product_cat","embeddable":true,"href":"https:\/\/herbaltattoo.eu\/de\/wp-json\/wp\/v2\/product_cat?post=20861"},{"taxonomy":"product_tag","embeddable":true,"href":"https:\/\/herbaltattoo.eu\/de\/wp-json\/wp\/v2\/product_tag?post=20861"}],"curies":[{"name":"wp","href":"https:\/\/api.w.org\/{rel}","templated":true}]}}