{"id":20845,"date":"2025-04-20T14:59:17","date_gmt":"2025-04-20T12:59:17","guid":{"rendered":"https:\/\/herbaltattoo.eu\/produkt\/blitz-aermel\/"},"modified":"2026-02-15T18:08:32","modified_gmt":"2026-02-15T17:08:32","slug":"blitz-aermel","status":"publish","type":"product","link":"https:\/\/herbaltattoo.eu\/de\/produkt\/blitz-aermel\/","title":{"rendered":"Blitz-\u00c4rmel"},"content":{"rendered":"<p>Ein Blitz-Sleeve-Tattoo ist ein starkes und dynamisches Motiv, das St\u00e4rke, Energie, Transformation und die ungez\u00e4hmte Kraft der Natur symbolisiert. Du kannst den Blitz als Hauptelement platzieren, das sich \u00fcber den gesamten Arm erstreckt, oder ihn in einen Hintergrund mit Naturelementen wie Sturm, Wolken, B\u00e4umen oder Bergen integrieren. Du kannst ihn mit abstrakten Linien, geometrischen Formen oder dem Blackwork-Stil kombinieren, um ihm einen modernen Look zu verleihen. Diese Art von Tattoo hat eine intensive Symbolik und ist ein echter Blickfang.<\/p>\n","protected":false},"excerpt":{"rendered":"<p>Ein Blitz-Sleeve-Tattoo ist ein starkes und dynamisches Motiv, das St\u00e4rke, Energie, Transformation und die ungez\u00e4hmte Kraft der Natur symbolisiert. Du kannst den Blitz als Hauptelement platzieren, das sich \u00fcber den gesamten Arm erstreckt, oder ihn in einen Hintergrund mit Naturelementen wie Sturm, Wolken, B\u00e4umen oder Bergen integrieren. Du kannst ihn mit abstrakten Linien, geometrischen Formen&#8230;<\/p>\n","protected":false},"featured_media":20846,"template":"","meta":{"_monsterinsights_skip_tracking":false,"_monsterinsights_sitenote_active":false,"_monsterinsights_sitenote_note":"","_monsterinsights_sitenote_category":0,"_kadence_starter_templates_imported_post":false,"_kad_post_transparent":"","_kad_post_title":"","_kad_post_layout":"","_kad_post_sidebar_id":"","_kad_post_content_style":"","_kad_post_vertical_padding":"","_kad_post_feature":"","_kad_post_feature_position":"","_kad_post_header":false,"_kad_post_footer":false,"_kad_post_classname":""},"product_brand":[],"product_cat":[78,87],"product_tag":[],"class_list":{"0":"post-20845","1":"product","2":"type-product","3":"status-publish","4":"has-post-thumbnail","6":"product_cat-alles","7":"product_cat-sleeves","9":"first","10":"instock","11":"taxable","12":"shipping-taxable","13":"purchasable","14":"product-type-simple","15":"entry","16":"content-bg","17":"loop-entry"},"jetpack_sharing_enabled":true,"_links":{"self":[{"href":"https:\/\/herbaltattoo.eu\/de\/wp-json\/wp\/v2\/product\/20845","targetHints":{"allow":["GET"]}}],"collection":[{"href":"https:\/\/herbaltattoo.eu\/de\/wp-json\/wp\/v2\/product"}],"about":[{"href":"https:\/\/herbaltattoo.eu\/de\/wp-json\/wp\/v2\/types\/product"}],"wp:featuredmedia":[{"embeddable":true,"href":"https:\/\/herbaltattoo.eu\/de\/wp-json\/wp\/v2\/media\/20846"}],"wp:attachment":[{"href":"https:\/\/herbaltattoo.eu\/de\/wp-json\/wp\/v2\/media?parent=20845"}],"wp:term":[{"taxonomy":"product_brand","embeddable":true,"href":"https:\/\/herbaltattoo.eu\/de\/wp-json\/wp\/v2\/product_brand?post=20845"},{"taxonomy":"product_cat","embeddable":true,"href":"https:\/\/herbaltattoo.eu\/de\/wp-json\/wp\/v2\/product_cat?post=20845"},{"taxonomy":"product_tag","embeddable":true,"href":"https:\/\/herbaltattoo.eu\/de\/wp-json\/wp\/v2\/product_tag?post=20845"}],"curies":[{"name":"wp","href":"https:\/\/api.w.org\/{rel}","templated":true}]}}