{"id":20841,"date":"2025-05-26T14:08:37","date_gmt":"2025-05-26T12:08:37","guid":{"rendered":"https:\/\/herbaltattoo.eu\/produkt\/mond\/"},"modified":"2026-02-15T18:08:32","modified_gmt":"2026-02-15T17:08:32","slug":"mond","status":"publish","type":"product","link":"https:\/\/herbaltattoo.eu\/de\/produkt\/mond\/","title":{"rendered":"Mond"},"content":{"rendered":"","protected":false},"excerpt":{"rendered":"<p>Das Mond-Tattoo symbolisiert den Kreislauf des Lebens, Wandel und weibliche Energie. Es wird mit Intuition, Emotionen und dem Unterbewusstsein in Verbindung gebracht. Je nach Phase kann es Neuanf\u00e4nge (Neumond) oder die F\u00fclle der M\u00f6glichkeiten (Vollmond) darstellen. Oft w\u00e4hlen es Menschen, die spirituelle Entwicklung und Naturverbundenheit sch\u00e4tzen. Ein subtiles Zeichen innerer St\u00e4rke und Transformation.    <\/p>\n","protected":false},"featured_media":20842,"template":"","meta":{"_monsterinsights_skip_tracking":false,"_monsterinsights_sitenote_active":false,"_monsterinsights_sitenote_note":"","_monsterinsights_sitenote_category":0,"_kadence_starter_templates_imported_post":false,"_kad_post_transparent":"","_kad_post_title":"","_kad_post_layout":"","_kad_post_sidebar_id":"","_kad_post_content_style":"","_kad_post_vertical_padding":"","_kad_post_feature":"","_kad_post_feature_position":"","_kad_post_header":false,"_kad_post_footer":false,"_kad_post_classname":""},"product_brand":[],"product_cat":[78,82],"product_tag":[],"class_list":{"0":"post-20841","1":"product","2":"type-product","3":"status-publish","4":"has-post-thumbnail","6":"product_cat-alles","7":"product_cat-volle-tattoos","9":"first","10":"instock","11":"taxable","12":"shipping-taxable","13":"purchasable","14":"product-type-simple","15":"entry","16":"content-bg","17":"loop-entry"},"jetpack_sharing_enabled":true,"_links":{"self":[{"href":"https:\/\/herbaltattoo.eu\/de\/wp-json\/wp\/v2\/product\/20841","targetHints":{"allow":["GET"]}}],"collection":[{"href":"https:\/\/herbaltattoo.eu\/de\/wp-json\/wp\/v2\/product"}],"about":[{"href":"https:\/\/herbaltattoo.eu\/de\/wp-json\/wp\/v2\/types\/product"}],"wp:featuredmedia":[{"embeddable":true,"href":"https:\/\/herbaltattoo.eu\/de\/wp-json\/wp\/v2\/media\/20842"}],"wp:attachment":[{"href":"https:\/\/herbaltattoo.eu\/de\/wp-json\/wp\/v2\/media?parent=20841"}],"wp:term":[{"taxonomy":"product_brand","embeddable":true,"href":"https:\/\/herbaltattoo.eu\/de\/wp-json\/wp\/v2\/product_brand?post=20841"},{"taxonomy":"product_cat","embeddable":true,"href":"https:\/\/herbaltattoo.eu\/de\/wp-json\/wp\/v2\/product_cat?post=20841"},{"taxonomy":"product_tag","embeddable":true,"href":"https:\/\/herbaltattoo.eu\/de\/wp-json\/wp\/v2\/product_tag?post=20841"}],"curies":[{"name":"wp","href":"https:\/\/api.w.org\/{rel}","templated":true}]}}