{"id":20833,"date":"2025-05-26T14:07:09","date_gmt":"2025-05-26T12:07:09","guid":{"rendered":"https:\/\/herbaltattoo.eu\/produkt\/aegyptische-katze\/"},"modified":"2026-02-15T18:08:32","modified_gmt":"2026-02-15T17:08:32","slug":"aegyptische-katze","status":"publish","type":"product","link":"https:\/\/herbaltattoo.eu\/de\/produkt\/aegyptische-katze\/","title":{"rendered":"\u00c4gyptische Katze"},"content":{"rendered":"","protected":false},"excerpt":{"rendered":"<p>Das \u00e4gyptische Katzentattoo erinnert an das alte \u00c4gypten, wo Katzen als heilige Tiere verehrt wurden. Es symbolisiert Mystik, Intuition, Unabh\u00e4ngigkeit und Schutz vor b\u00f6sen Geistern. Oft mit der G\u00f6ttin Bastet \u2013 der Besch\u00fctzerin von Heim, Frauen und Fruchtbarkeit \u2013 verbunden, steht es auch f\u00fcr innere St\u00e4rke und Sinnlichkeit. Ein elegantes Motiv f\u00fcr alle, die Spiritualit\u00e4t, Geschichte und Freiheit sch\u00e4tzen.    <\/p>\n","protected":false},"featured_media":20834,"template":"","meta":{"_monsterinsights_skip_tracking":false,"_monsterinsights_sitenote_active":false,"_monsterinsights_sitenote_note":"","_monsterinsights_sitenote_category":0,"_kadence_starter_templates_imported_post":false,"_kad_post_transparent":"","_kad_post_title":"","_kad_post_layout":"","_kad_post_sidebar_id":"","_kad_post_content_style":"","_kad_post_vertical_padding":"","_kad_post_feature":"","_kad_post_feature_position":"","_kad_post_header":false,"_kad_post_footer":false,"_kad_post_classname":""},"product_brand":[],"product_cat":[78,82],"product_tag":[],"class_list":{"0":"post-20833","1":"product","2":"type-product","3":"status-publish","4":"has-post-thumbnail","6":"product_cat-alles","7":"product_cat-volle-tattoos","9":"first","10":"instock","11":"taxable","12":"shipping-taxable","13":"purchasable","14":"product-type-simple","15":"entry","16":"content-bg","17":"loop-entry"},"jetpack_sharing_enabled":true,"_links":{"self":[{"href":"https:\/\/herbaltattoo.eu\/de\/wp-json\/wp\/v2\/product\/20833","targetHints":{"allow":["GET"]}}],"collection":[{"href":"https:\/\/herbaltattoo.eu\/de\/wp-json\/wp\/v2\/product"}],"about":[{"href":"https:\/\/herbaltattoo.eu\/de\/wp-json\/wp\/v2\/types\/product"}],"wp:featuredmedia":[{"embeddable":true,"href":"https:\/\/herbaltattoo.eu\/de\/wp-json\/wp\/v2\/media\/20834"}],"wp:attachment":[{"href":"https:\/\/herbaltattoo.eu\/de\/wp-json\/wp\/v2\/media?parent=20833"}],"wp:term":[{"taxonomy":"product_brand","embeddable":true,"href":"https:\/\/herbaltattoo.eu\/de\/wp-json\/wp\/v2\/product_brand?post=20833"},{"taxonomy":"product_cat","embeddable":true,"href":"https:\/\/herbaltattoo.eu\/de\/wp-json\/wp\/v2\/product_cat?post=20833"},{"taxonomy":"product_tag","embeddable":true,"href":"https:\/\/herbaltattoo.eu\/de\/wp-json\/wp\/v2\/product_tag?post=20833"}],"curies":[{"name":"wp","href":"https:\/\/api.w.org\/{rel}","templated":true}]}}