{"id":20761,"date":"2025-06-07T01:15:34","date_gmt":"2025-06-06T23:15:34","guid":{"rendered":"https:\/\/herbaltattoo.eu\/produkt\/sanduhr\/"},"modified":"2026-02-15T18:07:34","modified_gmt":"2026-02-15T17:07:34","slug":"sanduhr","status":"publish","type":"product","link":"https:\/\/herbaltattoo.eu\/de\/produkt\/sanduhr\/","title":{"rendered":"Sanduhr"},"content":{"rendered":"<article class=\"text-token-text-primary w-full\" dir=\"auto\" data-testid=\"conversation-turn-14\" data-scroll-anchor=\"true\">\n<div class=\"text-base my-auto mx-auto py-5 [--thread-content-margin:--spacing(4)] @[37rem]:[--thread-content-margin:--spacing(6)] @[72rem]:[--thread-content-margin:--spacing(16)] px-(--thread-content-margin)\">\n<div class=\"[--thread-content-max-width:32rem] @[34rem]:[--thread-content-max-width:40rem] @[64rem]:[--thread-content-max-width:48rem] mx-auto flex max-w-(--thread-content-max-width) flex-1 text-base gap-4 md:gap-5 lg:gap-6 group\/turn-messages focus-visible:outline-hidden\" tabindex=\"-1\">\n<div class=\"group\/conversation-turn relative flex w-full min-w-0 flex-col agent-turn\">\n<div class=\"relative flex-col gap-1 md:gap-3\">\n<div class=\"flex max-w-full flex-col grow\">\n<div class=\"min-h-8 text-message relative flex w-full flex-col items-end gap-2 text-start break-words whitespace-normal [.text-message+&amp;]:mt-5\" dir=\"auto\" data-message-author-role=\"assistant\" data-message-id=\"2e364f2f-223e-419f-afe0-5e238e1bc413\" data-message-model-slug=\"gpt-4o\">\n<div class=\"flex w-full flex-col gap-1 empty:hidden first:pt-[3px]\">\n<div class=\"markdown prose dark:prose-invert w-full break-words light\">\n<p data-start=\"0\" data-end=\"302\" data-is-last-node=\"\" data-is-only-node=\"\">Ein Sanduhr-Tattoo symbolisiert den Fluss der Zeit, die Zerbrechlichkeit des Lebens und das Bewusstsein der Verg\u00e4nglichkeit. Es erinnert daran, dass jeder Moment kostbar und unwiederbringlich ist. Es kann auch eine Reflexion \u00fcber den Tod, Ver\u00e4nderungen oder die Notwendigkeit ausdr\u00fccken, die gegebene Zeit weise zu nutzen. F\u00fcr viele ist es ein Zeichen, im Hier und Jetzt zu leben und eine Motivation zum Handeln.   <\/p>\n<\/div>\n<\/div>\n<\/div>\n<\/div>\n<div class=\"flex min-h-[46px] justify-start\">\n<div class=\"touch:-me-2 touch:-ms-3.5 -ms-2.5 -me-1 flex items-center p-1 select-none -mt-1 w-full duration-[1.5s] focus-within:transition-none hover:transition-none pointer-events-none [mask-image:linear-gradient(to_right,black_33%,transparent_66%)] [mask-size:300%_100%] [mask-position:100%_0%] motion-safe:transition-[mask-position] group-hover\/turn-messages:pointer-events-auto group-hover\/turn-messages:[mask-position:0_0] group-focus-within\/turn-messages:pointer-events-auto group-focus-within\/turn-messages:[mask-position:0_0] has-data-[state=open]:pointer-events-auto has-data-[state=open]:[mask-position:0_0]\"><\/div>\n<\/div>\n<\/div>\n<div class=\"absolute\">\n<div class=\"flex items-center justify-center\"><\/div>\n<\/div>\n<\/div>\n<\/div>\n<\/div>\n<\/article>\n<div class=\"pointer-events-none h-px w-px\" aria-hidden=\"true\" data-edge=\"true\"><\/div>\n","protected":false},"excerpt":{"rendered":"<p>Ein Sanduhr-Tattoo symbolisiert den Fluss der Zeit, die Zerbrechlichkeit des Lebens und das Bewusstsein der Verg\u00e4nglichkeit. Es erinnert daran, dass jeder Moment kostbar und unwiederbringlich ist. Es kann auch eine Reflexion \u00fcber den Tod, Ver\u00e4nderungen oder die Notwendigkeit ausdr\u00fccken, die gegebene Zeit weise zu nutzen. F\u00fcr viele ist es ein Zeichen, im Hier und Jetzt&#8230;<\/p>\n","protected":false},"featured_media":20762,"template":"","meta":{"_monsterinsights_skip_tracking":false,"_monsterinsights_sitenote_active":false,"_monsterinsights_sitenote_note":"","_monsterinsights_sitenote_category":0,"_kadence_starter_templates_imported_post":false,"_kad_post_transparent":"","_kad_post_title":"","_kad_post_layout":"","_kad_post_sidebar_id":"","_kad_post_content_style":"","_kad_post_vertical_padding":"","_kad_post_feature":"","_kad_post_feature_position":"","_kad_post_header":false,"_kad_post_footer":false,"_kad_post_classname":""},"product_brand":[],"product_cat":[78,82],"product_tag":[],"class_list":{"0":"post-20761","1":"product","2":"type-product","3":"status-publish","4":"has-post-thumbnail","6":"product_cat-alles","7":"product_cat-volle-tattoos","9":"first","10":"instock","11":"taxable","12":"shipping-taxable","13":"purchasable","14":"product-type-simple","15":"entry","16":"content-bg","17":"loop-entry"},"jetpack_sharing_enabled":true,"_links":{"self":[{"href":"https:\/\/herbaltattoo.eu\/de\/wp-json\/wp\/v2\/product\/20761","targetHints":{"allow":["GET"]}}],"collection":[{"href":"https:\/\/herbaltattoo.eu\/de\/wp-json\/wp\/v2\/product"}],"about":[{"href":"https:\/\/herbaltattoo.eu\/de\/wp-json\/wp\/v2\/types\/product"}],"wp:featuredmedia":[{"embeddable":true,"href":"https:\/\/herbaltattoo.eu\/de\/wp-json\/wp\/v2\/media\/20762"}],"wp:attachment":[{"href":"https:\/\/herbaltattoo.eu\/de\/wp-json\/wp\/v2\/media?parent=20761"}],"wp:term":[{"taxonomy":"product_brand","embeddable":true,"href":"https:\/\/herbaltattoo.eu\/de\/wp-json\/wp\/v2\/product_brand?post=20761"},{"taxonomy":"product_cat","embeddable":true,"href":"https:\/\/herbaltattoo.eu\/de\/wp-json\/wp\/v2\/product_cat?post=20761"},{"taxonomy":"product_tag","embeddable":true,"href":"https:\/\/herbaltattoo.eu\/de\/wp-json\/wp\/v2\/product_tag?post=20761"}],"curies":[{"name":"wp","href":"https:\/\/api.w.org\/{rel}","templated":true}]}}