{"id":20604,"date":"2025-07-26T21:50:07","date_gmt":"2025-07-26T19:50:07","guid":{"rendered":"https:\/\/herbaltattoo.eu\/produkt\/magischer-aermel\/"},"modified":"2026-02-15T18:06:50","modified_gmt":"2026-02-15T17:06:50","slug":"magischer-aermel","status":"publish","type":"product","link":"https:\/\/herbaltattoo.eu\/de\/produkt\/magischer-aermel\/","title":{"rendered":"Magischer \u00c4RMEL"},"content":{"rendered":"<article class=\"text-token-text-primary w-full focus:outline-none scroll-mt-[calc(var(--header-height)+min(200px,max(70px,20svh)))]\" dir=\"auto\" tabindex=\"-1\" data-testid=\"conversation-turn-8\" data-scroll-anchor=\"true\" data-turn=\"assistant\">\n<div class=\"text-base my-auto mx-auto pb-10 [--thread-content-margin:--spacing(4)] @[37rem]:[--thread-content-margin:--spacing(6)] @[72rem]:[--thread-content-margin:--spacing(16)] px-(--thread-content-margin)\">\n<div class=\"[--thread-content-max-width:32rem] @[34rem]:[--thread-content-max-width:40rem] @[64rem]:[--thread-content-max-width:48rem] mx-auto max-w-(--thread-content-max-width) flex-1 group\/turn-messages focus-visible:outline-hidden relative flex w-full min-w-0 flex-col agent-turn\" tabindex=\"-1\">\n<div class=\"flex max-w-full flex-col grow\">\n<div class=\"min-h-8 text-message relative flex w-full flex-col items-end gap-2 text-start break-words whitespace-normal [.text-message+&amp;]:mt-5\" dir=\"auto\" data-message-author-role=\"assistant\" data-message-id=\"fd3daf50-1351-42c9-be37-9fdd8bfca9c7\" data-message-model-slug=\"gpt-4o\">\n<div class=\"flex w-full flex-col gap-1 empty:hidden first:pt-[3px]\">\n<div class=\"markdown prose dark:prose-invert w-full break-words light\">\n<p data-start=\"0\" data-end=\"426\" data-is-last-node=\"\" data-is-only-node=\"\">Ein Tattoo-Sleeve mit Vogelmotiven symbolisiert Freiheit, Spiritualit\u00e4t und das Streben nach h\u00f6heren Zielen. Verschiedene Arten tragen unterschiedliche Bedeutungen \u2013 Schwalben stehen f\u00fcr Loyalit\u00e4t und Heimkehr, w\u00e4hrend Adler St\u00e4rke und Unabh\u00e4ngigkeit symbolisieren. Ein solches Design kann auch den Wunsch widerspiegeln, Einschr\u00e4nkungen zu entfliehen oder ein Leben nach eigenen Regeln zu f\u00fchren. Ein Vogel-Sleeve ist oft eine pers\u00f6nliche Geschichte \u00fcber Reisen, Tr\u00e4ume und die Sehnsucht nach Weite.<\/p>\n<\/div>\n<\/div>\n<\/div>\n<\/div>\n<\/div>\n<\/div>\n<\/article>\n","protected":false},"excerpt":{"rendered":"<p>Ein Tattoo-Sleeve mit Vogelmotiven symbolisiert Freiheit, Spiritualit\u00e4t und das Streben nach h\u00f6heren Zielen. Verschiedene Arten tragen unterschiedliche Bedeutungen \u2013 Schwalben stehen f\u00fcr Loyalit\u00e4t und Heimkehr, w\u00e4hrend Adler St\u00e4rke und Unabh\u00e4ngigkeit symbolisieren. Ein solches Design kann auch den Wunsch widerspiegeln, Einschr\u00e4nkungen zu entfliehen oder ein Leben nach eigenen Regeln zu f\u00fchren. Ein Vogel-Sleeve ist oft eine&#8230;<\/p>\n","protected":false},"featured_media":20605,"template":"","meta":{"_monsterinsights_skip_tracking":false,"_monsterinsights_sitenote_active":false,"_monsterinsights_sitenote_note":"","_monsterinsights_sitenote_category":0,"_kadence_starter_templates_imported_post":false,"_kad_post_transparent":"","_kad_post_title":"","_kad_post_layout":"","_kad_post_sidebar_id":"","_kad_post_content_style":"","_kad_post_vertical_padding":"","_kad_post_feature":"","_kad_post_feature_position":"","_kad_post_header":false,"_kad_post_footer":false,"_kad_post_classname":""},"product_brand":[],"product_cat":[78,87],"product_tag":[],"class_list":{"0":"post-20604","1":"product","2":"type-product","3":"status-publish","4":"has-post-thumbnail","6":"product_cat-alles","7":"product_cat-sleeves","9":"first","10":"outofstock","11":"taxable","12":"shipping-taxable","13":"purchasable","14":"product-type-simple","15":"entry","16":"content-bg","17":"loop-entry"},"jetpack_sharing_enabled":true,"_links":{"self":[{"href":"https:\/\/herbaltattoo.eu\/de\/wp-json\/wp\/v2\/product\/20604","targetHints":{"allow":["GET"]}}],"collection":[{"href":"https:\/\/herbaltattoo.eu\/de\/wp-json\/wp\/v2\/product"}],"about":[{"href":"https:\/\/herbaltattoo.eu\/de\/wp-json\/wp\/v2\/types\/product"}],"wp:featuredmedia":[{"embeddable":true,"href":"https:\/\/herbaltattoo.eu\/de\/wp-json\/wp\/v2\/media\/20605"}],"wp:attachment":[{"href":"https:\/\/herbaltattoo.eu\/de\/wp-json\/wp\/v2\/media?parent=20604"}],"wp:term":[{"taxonomy":"product_brand","embeddable":true,"href":"https:\/\/herbaltattoo.eu\/de\/wp-json\/wp\/v2\/product_brand?post=20604"},{"taxonomy":"product_cat","embeddable":true,"href":"https:\/\/herbaltattoo.eu\/de\/wp-json\/wp\/v2\/product_cat?post=20604"},{"taxonomy":"product_tag","embeddable":true,"href":"https:\/\/herbaltattoo.eu\/de\/wp-json\/wp\/v2\/product_tag?post=20604"}],"curies":[{"name":"wp","href":"https:\/\/api.w.org\/{rel}","templated":true}]}}