{"id":20572,"date":"2025-07-01T21:47:37","date_gmt":"2025-07-01T19:47:37","guid":{"rendered":"https:\/\/herbaltattoo.eu\/produkt\/hunde-unendlichkeit\/"},"modified":"2026-02-15T18:06:51","modified_gmt":"2026-02-15T17:06:51","slug":"hunde-unendlichkeit","status":"publish","type":"product","link":"https:\/\/herbaltattoo.eu\/de\/produkt\/hunde-unendlichkeit\/","title":{"rendered":"Hunde-Unendlichkeit"},"content":{"rendered":"<div class=\"relative flex-col gap-1 md:gap-3\">\n<div class=\"flex max-w-full flex-col grow\">\n<div class=\"min-h-8 text-message relative flex w-full flex-col items-end gap-2 text-start break-words whitespace-normal [.text-message+&amp;]:mt-5\" dir=\"auto\" data-message-author-role=\"assistant\" data-message-id=\"65b99ee2-9d69-45c0-a708-cd3ea0f9b52c\" data-message-model-slug=\"gpt-4-1-mini\">\n<div class=\"flex w-full flex-col gap-1 empty:hidden first:pt-[3px]\">\n<div class=\"markdown prose dark:prose-invert w-full break-words light\">\n<p data-start=\"40\" data-end=\"328\">Ein Unendlichkeits-Tattoo mit Hundepfote ist Ausdruck einer tiefen Verbundenheit zwischen Mensch und seinem vierbeinigen Freund. <span class=\"relative -mx-px my-[-0.2rem] rounded px-px py-[0.2rem] transition-colors duration-100 ease-in-out\">Die Unendlichkeit symbolisiert ewige Liebe und Loyalit\u00e4t, w\u00e4hrend der Pfotenabdruck des Hundes eine pers\u00f6nliche Erinnerung an ein geliebtes Haustier darstellt.<\/span> <span class=\"relative -mx-px my-[-0.2rem] rounded px-px py-[0.2rem] transition-colors duration-100 ease-in-out\">Ein solches Motiv wird oft von Personen gew\u00e4hlt, die die Erinnerung an einen verstorbenen Hund ehren oder eine dauerhafte Bindung zu einem lebenden Begleiter ausdr\u00fccken m\u00f6chten.<\/span> <span class=\"relative -mx-px my-[-0.2rem] rounded px-px py-[0.2rem] transition-colors duration-100 ease-in-out\">Der Tattoo-Stil kann minimalistisch sein, mit feinen Linien, oder verspielter, mit zus\u00e4tzlichen Elementen wie einem Herz oder dem Namen des Tieres.<\/span><\/p>\n<\/div>\n<\/div>\n<\/div>\n<\/div>\n<\/div>\n","protected":false},"excerpt":{"rendered":"<p>Ein Unendlichkeits-Tattoo mit Hundepfote ist Ausdruck einer tiefen Verbundenheit zwischen Mensch und seinem vierbeinigen Freund. Die Unendlichkeit symbolisiert ewige Liebe und Loyalit\u00e4t, w\u00e4hrend der Pfotenabdruck des Hundes eine pers\u00f6nliche Erinnerung an ein geliebtes Haustier darstellt. Ein solches Motiv wird oft von Personen gew\u00e4hlt, die die Erinnerung an einen verstorbenen Hund ehren oder eine dauerhafte Bindung&#8230;<\/p>\n","protected":false},"featured_media":20573,"template":"","meta":{"_monsterinsights_skip_tracking":false,"_monsterinsights_sitenote_active":false,"_monsterinsights_sitenote_note":"","_monsterinsights_sitenote_category":0,"_kadence_starter_templates_imported_post":false,"_kad_post_transparent":"","_kad_post_title":"","_kad_post_layout":"","_kad_post_sidebar_id":"","_kad_post_content_style":"","_kad_post_vertical_padding":"","_kad_post_feature":"","_kad_post_feature_position":"","_kad_post_header":false,"_kad_post_footer":false,"_kad_post_classname":""},"product_brand":[],"product_cat":[78,83],"product_tag":[],"class_list":{"0":"post-20572","1":"product","2":"type-product","3":"status-publish","4":"has-post-thumbnail","6":"product_cat-alles","7":"product_cat-minimalistisch","9":"first","10":"instock","11":"featured","12":"taxable","13":"shipping-taxable","14":"purchasable","15":"product-type-simple","16":"entry","17":"content-bg","18":"loop-entry"},"jetpack_sharing_enabled":true,"_links":{"self":[{"href":"https:\/\/herbaltattoo.eu\/de\/wp-json\/wp\/v2\/product\/20572","targetHints":{"allow":["GET"]}}],"collection":[{"href":"https:\/\/herbaltattoo.eu\/de\/wp-json\/wp\/v2\/product"}],"about":[{"href":"https:\/\/herbaltattoo.eu\/de\/wp-json\/wp\/v2\/types\/product"}],"wp:featuredmedia":[{"embeddable":true,"href":"https:\/\/herbaltattoo.eu\/de\/wp-json\/wp\/v2\/media\/20573"}],"wp:attachment":[{"href":"https:\/\/herbaltattoo.eu\/de\/wp-json\/wp\/v2\/media?parent=20572"}],"wp:term":[{"taxonomy":"product_brand","embeddable":true,"href":"https:\/\/herbaltattoo.eu\/de\/wp-json\/wp\/v2\/product_brand?post=20572"},{"taxonomy":"product_cat","embeddable":true,"href":"https:\/\/herbaltattoo.eu\/de\/wp-json\/wp\/v2\/product_cat?post=20572"},{"taxonomy":"product_tag","embeddable":true,"href":"https:\/\/herbaltattoo.eu\/de\/wp-json\/wp\/v2\/product_tag?post=20572"}],"curies":[{"name":"wp","href":"https:\/\/api.w.org\/{rel}","templated":true}]}}