{"id":20522,"date":"2025-07-01T21:36:59","date_gmt":"2025-07-01T19:36:59","guid":{"rendered":"https:\/\/herbaltattoo.eu\/produkt\/rasierklinge\/"},"modified":"2026-02-15T18:06:51","modified_gmt":"2026-02-15T17:06:51","slug":"rasierklinge","status":"publish","type":"product","link":"https:\/\/herbaltattoo.eu\/de\/produkt\/rasierklinge\/","title":{"rendered":"Rasierklinge"},"content":{"rendered":"<div class=\"relative flex-col gap-1 md:gap-3\">\n<div class=\"flex max-w-full flex-col grow\">\n<div class=\"min-h-8 text-message relative flex w-full flex-col items-end gap-2 text-start break-words whitespace-normal [.text-message+&amp;]:mt-5\" dir=\"auto\" data-message-author-role=\"assistant\" data-message-id=\"e8178d2b-82b4-4f72-b8a1-b6b389b527e1\" data-message-model-slug=\"gpt-4-1-mini\">\n<div class=\"flex w-full flex-col gap-1 empty:hidden first:pt-[3px]\">\n<div class=\"markdown prose dark:prose-invert w-full break-words light\">\n<p data-start=\"40\" data-end=\"232\"><span class=\"relative -mx-px my-[-0.2rem] rounded px-px py-[0.2rem] transition-colors duration-100 ease-in-out\">Ein Rasierklingen-Tattoo kann St\u00e4rke und Ausdauer angesichts von Schwierigkeiten symbolisieren und die F\u00e4higkeit darstellen, Lebenshindernisse zu \u00fcberwinden.<\/span> <span class=\"relative -mx-px my-[-0.2rem] rounded px-px py-[0.2rem] transition-colors duration-100 ease-in-out\">Oft ist es auch Ausdruck einer pers\u00f6nlichen Transformation, die das Abschneiden von vergangenen, negativen Erfahrungen und den Beginn eines neuen Lebenskapitels bedeutet.<\/span> <span class=\"relative -mx-px my-[-0.2rem] rounded px-px py-[0.2rem] transition-colors duration-100 ease-in-out\">In manchen F\u00e4llen kann eine Rasierklinge im Tattoo auf vergangene K\u00e4mpfe mit emotionalen Problemen wie Depressionen oder S\u00fcchten hinweisen und symbolisieren, dass diese Schwierigkeiten \u00fcberwunden wurden.<\/span> <span class=\"relative -mx-px my-[-0.2rem] rounded px-px py-[0.2rem] transition-colors duration-100 ease-in-out\">Zudem kann die Rasierklinge als Erinnerung an die Balance zwischen Sch\u00f6nheit und Gefahr gesehen werden, die zu Vorsicht und Reflexion \u00fcber die eigenen Entscheidungen anregt.<\/span><\/p>\n<\/div>\n<\/div>\n<\/div>\n<\/div>\n<\/div>\n","protected":false},"excerpt":{"rendered":"<p>Ein Rasierklingen-Tattoo kann St\u00e4rke und Ausdauer angesichts von Schwierigkeiten symbolisieren und die F\u00e4higkeit darstellen, Lebenshindernisse zu \u00fcberwinden. Oft ist es auch Ausdruck einer pers\u00f6nlichen Transformation, die das Abschneiden von vergangenen, negativen Erfahrungen und den Beginn eines neuen Lebenskapitels bedeutet. In manchen F\u00e4llen kann eine Rasierklinge im Tattoo auf vergangene K\u00e4mpfe mit emotionalen Problemen wie Depressionen&#8230;<\/p>\n","protected":false},"featured_media":20523,"template":"","meta":{"_monsterinsights_skip_tracking":false,"_monsterinsights_sitenote_active":false,"_monsterinsights_sitenote_note":"","_monsterinsights_sitenote_category":0,"_kadence_starter_templates_imported_post":false,"_kad_post_transparent":"","_kad_post_title":"","_kad_post_layout":"","_kad_post_sidebar_id":"","_kad_post_content_style":"","_kad_post_vertical_padding":"","_kad_post_feature":"","_kad_post_feature_position":"","_kad_post_header":false,"_kad_post_footer":false,"_kad_post_classname":""},"product_brand":[],"product_cat":[78,83],"product_tag":[],"class_list":{"0":"post-20522","1":"product","2":"type-product","3":"status-publish","4":"has-post-thumbnail","6":"product_cat-alles","7":"product_cat-minimalistisch","9":"first","10":"instock","11":"taxable","12":"shipping-taxable","13":"purchasable","14":"product-type-simple","15":"entry","16":"content-bg","17":"loop-entry"},"jetpack_sharing_enabled":true,"_links":{"self":[{"href":"https:\/\/herbaltattoo.eu\/de\/wp-json\/wp\/v2\/product\/20522","targetHints":{"allow":["GET"]}}],"collection":[{"href":"https:\/\/herbaltattoo.eu\/de\/wp-json\/wp\/v2\/product"}],"about":[{"href":"https:\/\/herbaltattoo.eu\/de\/wp-json\/wp\/v2\/types\/product"}],"wp:featuredmedia":[{"embeddable":true,"href":"https:\/\/herbaltattoo.eu\/de\/wp-json\/wp\/v2\/media\/20523"}],"wp:attachment":[{"href":"https:\/\/herbaltattoo.eu\/de\/wp-json\/wp\/v2\/media?parent=20522"}],"wp:term":[{"taxonomy":"product_brand","embeddable":true,"href":"https:\/\/herbaltattoo.eu\/de\/wp-json\/wp\/v2\/product_brand?post=20522"},{"taxonomy":"product_cat","embeddable":true,"href":"https:\/\/herbaltattoo.eu\/de\/wp-json\/wp\/v2\/product_cat?post=20522"},{"taxonomy":"product_tag","embeddable":true,"href":"https:\/\/herbaltattoo.eu\/de\/wp-json\/wp\/v2\/product_tag?post=20522"}],"curies":[{"name":"wp","href":"https:\/\/api.w.org\/{rel}","templated":true}]}}