{"id":21400,"date":"2025-01-15T16:53:21","date_gmt":"2025-01-15T15:53:21","guid":{"rendered":"https:\/\/herbaltattoo.eu\/rueckgaberecht\/"},"modified":"2026-02-25T18:38:52","modified_gmt":"2026-02-25T17:38:52","slug":"rueckgaberecht","status":"publish","type":"page","link":"https:\/\/herbaltattoo.eu\/de\/rueckgaberecht\/","title":{"rendered":"R\u00fcckgaberecht"},"content":{"rendered":"\n<h1 class=\"wp-block-heading\">R\u00fcckgaben, R\u00fccktritt vom Vertrag und Reklamationen<\/h1>\n\n<h2 class=\"wp-block-heading\">Widerrufsrecht<\/h2>\n\n<p>Gem\u00e4\u00df dem Verbraucherschutzgesetz hat der Verbraucher das Recht, innerhalb von <strong>14 Kalendertagen<\/strong> ohne Angabe von Gr\u00fcnden von einem Fernabsatzvertrag (z. B. \u00fcber das Internet) zur\u00fcckzutreten.<\/p>\n\n<p>Die Frist beginnt an dem Tag, an dem der Verbraucher oder eine von ihm benannte Person (au\u00dfer dem Bef\u00f6rderer) das Produkt in Besitz genommen hat.<\/p>\n\n<h2 class=\"wp-block-heading\">Wie Sie Ihr Widerrufsrecht aus\u00fcben k\u00f6nnen<\/h2>\n\n<p>Um von seinem Widerrufsrecht Gebrauch zu machen, muss der Verbraucher:<\/p>\n\n<ol class=\"wp-block-list\">\n<li>Eine Widerrufserkl\u00e4rung einreichen (z. B. per E-Mail an: <a><strong>kontakt@herbaltattoo.eu<\/strong><\/a>), <\/li>\n\n\n\n<li>Senden Sie das Produkt an folgende Adresse zur\u00fcck:<br\/>TATUA\u017bE ZIO\u0141OWE PATRYK BARTKIEWICZ (Kr\u00e4utertattoos)<br\/>ul. Tysi\u0105clecia Pa\u0144stwa Polskiego 29<br\/>72-500 Mi\u0119dzyzdroje, Polen <\/li>\n<\/ol>\n\n<p>Die R\u00fccksendung der Ware sollte sp\u00e4testens 14 Tage nach Abgabe der Widerrufserkl\u00e4rung erfolgen.<\/p>\n\n<h2 class=\"wp-block-heading\">R\u00fcckgabekosten<\/h2>\n\n<ul class=\"wp-block-list\">\n<li>Die Kosten f\u00fcr die R\u00fccksendung des Produkts tr\u00e4gt der Verbraucher, es sei denn, das Gesch\u00e4ft erkl\u00e4rt sich ausdr\u00fccklich bereit, diese Kosten zu \u00fcbernehmen.<\/li>\n\n\n\n<li>Der Shop erstattet alle vom Verbraucher erhaltenen Zahlungen, einschlie\u00dflich der Versandkosten, bis zur H\u00f6he der g\u00fcnstigsten angebotenen Versandart.<\/li>\n<\/ul>\n\n<h2 class=\"wp-block-heading\">R\u00fcckerstattung von Geldern<\/h2>\n\n<p>Die R\u00fcckzahlung erfolgt sp\u00e4testens 14 Tage nach Erhalt der Widerrufserkl\u00e4rung. Der Shop kann die R\u00fcckzahlung bis zum Erhalt der Ware oder des Nachweises ihrer R\u00fccksendung zur\u00fcckhalten. <\/p>\n\n<p>Die R\u00fcckerstattung erfolgt \u00fcber dieselbe Zahlungsmethode, die der Verbraucher verwendet hat, es sei denn, er stimmt einer anderen Methode zu.<\/p>\n\n<h2 class=\"wp-block-heading\">R\u00fcckgabebedingungen<\/h2>\n\n<p>Das zur\u00fcckgesandte Produkt sollte:<\/p>\n\n<ul class=\"wp-block-list\">\n<li>in einwandfreiem Zustand sein, ohne Gebrauchsspuren,<\/li>\n\n\n\n<li>sich in der Originalverpackung befinden (falls zutreffend),<\/li>\n\n\n\n<li>alle Zubeh\u00f6rteile und Elemente des Sets enthalten (sofern diese beigelegt waren).<\/li>\n<\/ul>\n\n<h2 class=\"wp-block-heading\">Produkte, die vom R\u00fcckgaberecht ausgeschlossen sind<\/h2>\n\n<p>Das Widerrufsrecht besteht unter anderem nicht in folgenden F\u00e4llen: <\/p>\n\n<ul class=\"wp-block-list\">\n<li>Produkte, die nach Kundenspezifikationen angefertigt oder eindeutig personalisiert sind,<\/li>\n\n\n\n<li>Produkte, die schnell verderben oder eine kurze Haltbarkeit haben,<\/li>\n\n\n\n<li>versiegelte Waren, die aus Gr\u00fcnden des Gesundheitsschutzes oder der Hygiene nach dem \u00d6ffnen nicht zur\u00fcckgegeben werden k\u00f6nnen (z. B. Unterw\u00e4sche, Kosmetika),<\/li>\n\n\n\n<li>Audio- und Videoaufnahmen oder Computerprogramme in versiegelter Verpackung, wenn diese nach der Lieferung ge\u00f6ffnet wurde.<\/li>\n<\/ul>\n\n<h2 class=\"wp-block-heading\">Reklamationen<\/h2>\n\n<p>Wenn das Produkt fehlerhaft ist, hat der Verbraucher das Recht, innerhalb von zwei Jahren ab Kaufdatum eine Reklamation im Rahmen der Gew\u00e4hrleistung geltend zu machen.<\/p>\n\n<p>Reklamace lze zas\u00edlat na adresu: <strong><a>kontakt@herbaltattoo.eu<\/a><\/strong> nebo p\u00edsemn\u011b na adresu obchodu.<\/p>\n\n<p>Reklamationen werden innerhalb von 14 Kalendertagen nach Eingang bearbeitet.<\/p>\n\n<h2 class=\"wp-block-heading\">Kontakt f\u00fcr R\u00fccksendungen und Reklamationen<\/h2>\n\n<ul class=\"wp-block-list\">\n<li>e-mail: <strong><a>kontakt@herbaltattoo.eu<\/a><\/strong><\/li>\n\n\n\n<li>telefon: +49 15231646377<\/li>\n<\/ul>\n\n<hr class=\"wp-block-separator has-alpha-channel-opacity\"\/>\n\n<h1 class=\"wp-block-heading\">Anhang \u2013 Formular f\u00fcr den R\u00fccktritt vom Vertrag<\/h1>\n\n<p>(Das Formular muss nur ausgef\u00fcllt und zur\u00fcckgeschickt werden, wenn Sie vom Vertrag zur\u00fccktreten m\u00f6chten.)<\/p>\n\n<p>Adressat:<br\/><strong><strong><strong>TATUA\u017bE ZIO\u0141OWE PATRYK BARTKIEWICZ (Kr\u00e4utertattoos)<\/strong><\/strong><\/strong><br\/>ul. Tysi\u0105clecia Pa\u0144stwa Polskiego 29<br\/>72-500 Mi\u0119dzyzdroje, Polen<br\/>e-mail: <strong><a>kontakt@herbaltattoo.eu<\/a><\/strong> <\/p>\n\n<hr class=\"wp-block-separator has-alpha-channel-opacity\"\/>\n\n<p><strong>FORMULAR<\/strong><\/p>\n\n<p>Ich\/Wir &#8230;&#8230;&#8230;&#8230;&#8230;&#8230;&#8230;&#8230;&#8230;&#8230;&#8230;&#8230;&#8230;&#8230;&#8230;&#8230;&#8230;&#8230;&#8230;&#8230;&#8230;&#8230;&#8230;&#8230;&#8230;&#8230;&#8230;&#8230;&#8230;&#8230;&#8230;&#8230; &#8230;&#8230;&#8230;&#8230;.<br\/>hiermit teile\/teilen ich\/wir meinen\/unseren R\u00fccktritt vom Kaufvertrag \u00fcber folgende Waren mit:<\/p>\n\n<p>&#8230;&#8230;&#8230;&#8230;&#8230;&#8230;&#8230;&#8230;&#8230;&#8230;&#8230;&#8230;&#8230;&#8230;&#8230;&#8230;&#8230;&#8230;&#8230;&#8230;&#8230;&#8230;&#8230;&#8230;&#8230;&#8230;&#8230;&#8230;&#8230;&#8230;&#8230;&#8230;&#8230;. &#8230;&#8230;&#8230;&#8230;&#8230;..<br\/>(Bezeichnung der Ware, Beschreibung, Kaufdatum)<\/p>\n\n<p>Datum des Vertragsabschlusses\/der Abnahme&#8230;&#8230;&#8230;&#8230;&#8230;&#8230;&#8230;&#8230;&#8230;&#8230;&#8230;&#8230;&#8230;&#8230;&#8230;&#8230;..<\/p>\n\n<p>Name und Vorname des Verbrauchers\/der Verbraucher &#8230;&#8230;&#8230;&#8230;&#8230;&#8230;&#8230;&#8230;&#8230;&#8230;&#8230;&#8230;&#8230;&#8230;&#8230;&#8230;..<\/p>\n\n<p>Anschrift des Verbrauchers\/der Verbraucher &#8230;&#8230;&#8230;&#8230;&#8230;&#8230;&#8230;&#8230;&#8230;&#8230;&#8230;&#8230;&#8230;&#8230;&#8230;&#8230;&#8230;&#8230;&#8230;&#8230;&#8230;..<\/p>\n\n<p>Unterschrift des Verbrauchers\/der Verbraucher (nur bei Papierformular)<\/p>\n\n<p>Datum &#8230;&#8230;&#8230;&#8230;&#8230;&#8230;&#8230;&#8230;&#8230;&#8230;&#8230;&#8230;&#8230;&#8230;&#8230;&#8230;&#8230;&#8230;&#8230;&#8230;&#8230;..<\/p>\n\n<p>(*) Unzutreffendes bitte streichen.<\/p>\n","protected":false},"excerpt":{"rendered":"<p>R\u00fcckgaben, R\u00fccktritt vom Vertrag und Reklamationen Widerrufsrecht Gem\u00e4\u00df dem Verbraucherschutzgesetz hat der Verbraucher das Recht, innerhalb von 14 Kalendertagen ohne Angabe von Gr\u00fcnden von einem Fernabsatzvertrag (z. B. \u00fcber das Internet) zur\u00fcckzutreten. Die Frist beginnt an dem Tag, an dem der Verbraucher oder eine von ihm benannte Person (au\u00dfer dem Bef\u00f6rderer) das Produkt in Besitz&#8230;<\/p>\n","protected":false},"author":1,"featured_media":0,"parent":0,"menu_order":0,"comment_status":"closed","ping_status":"closed","template":"","meta":{"_monsterinsights_skip_tracking":false,"_monsterinsights_sitenote_active":false,"_monsterinsights_sitenote_note":"","_monsterinsights_sitenote_category":0,"_kadence_starter_templates_imported_post":false,"_kad_post_transparent":"","_kad_post_title":"","_kad_post_layout":"","_kad_post_sidebar_id":"","_kad_post_content_style":"","_kad_post_vertical_padding":"","_kad_post_feature":"","_kad_post_feature_position":"","_kad_post_header":false,"_kad_post_footer":false,"_kad_post_classname":"","footnotes":""},"class_list":["post-21400","page","type-page","status-publish","hentry"],"jetpack_sharing_enabled":true,"_links":{"self":[{"href":"https:\/\/herbaltattoo.eu\/de\/wp-json\/wp\/v2\/pages\/21400","targetHints":{"allow":["GET"]}}],"collection":[{"href":"https:\/\/herbaltattoo.eu\/de\/wp-json\/wp\/v2\/pages"}],"about":[{"href":"https:\/\/herbaltattoo.eu\/de\/wp-json\/wp\/v2\/types\/page"}],"author":[{"embeddable":true,"href":"https:\/\/herbaltattoo.eu\/de\/wp-json\/wp\/v2\/users\/1"}],"replies":[{"embeddable":true,"href":"https:\/\/herbaltattoo.eu\/de\/wp-json\/wp\/v2\/comments?post=21400"}],"version-history":[{"count":3,"href":"https:\/\/herbaltattoo.eu\/de\/wp-json\/wp\/v2\/pages\/21400\/revisions"}],"predecessor-version":[{"id":22203,"href":"https:\/\/herbaltattoo.eu\/de\/wp-json\/wp\/v2\/pages\/21400\/revisions\/22203"}],"wp:attachment":[{"href":"https:\/\/herbaltattoo.eu\/de\/wp-json\/wp\/v2\/media?parent=21400"}],"curies":[{"name":"wp","href":"https:\/\/api.w.org\/{rel}","templated":true}]}}