{"id":21102,"date":"2025-01-15T17:53:36","date_gmt":"2025-01-15T16:53:36","guid":{"rendered":"https:\/\/herbaltattoo.eu\/versandbedingungen\/"},"modified":"2026-01-24T18:35:18","modified_gmt":"2026-01-24T17:35:18","slug":"versandbedingungen","status":"publish","type":"page","link":"https:\/\/herbaltattoo.eu\/de\/versandbedingungen\/","title":{"rendered":"Versandbedingungen"},"content":{"rendered":"\t\t<div data-elementor-type=\"wp-page\" data-elementor-id=\"21102\" class=\"elementor elementor-21102 elementor-2199\">\n\t\t\t\t<div class=\"elementor-element elementor-element-17220f78 e-flex e-con-boxed e-con e-parent\" data-id=\"17220f78\" data-element_type=\"container\" data-e-type=\"container\">\n\t\t\t\t\t<div class=\"e-con-inner\">\n\t\t\t\t<div class=\"elementor-element elementor-element-50cab4e6 elementor-widget elementor-widget-text-editor\" data-id=\"50cab4e6\" data-element_type=\"widget\" data-e-type=\"widget\" data-widget_type=\"text-editor.default\">\n\t\t\t\t<div class=\"elementor-widget-container\">\n\t\t\t\t\t\t\t\t\t<h1 data-start=\"258\" data-end=\"289\">Versandbedingungen<\/h1><div><br><\/div>\n<h2 data-start=\"291\" data-end=\"322\">Lieferzeit<\/h2>\n<p data-start=\"323\" data-end=\"474\">Bestellungen werden innerhalb von <strong data-start=\"357\" data-end=\"378\">1\u20133 Werktagen nach<\/strong> dem Kauf bearbeitet, sofern alle Produkte der Bestellung vorr\u00e4tig sind.<\/p>\n<p data-start=\"476\" data-end=\"722\">Bei Bestellungen, die Sonderanfertigungen umfassen, oder in F\u00e4llen, in denen die Lieferung von Faktoren abh\u00e4ngt, die au\u00dferhalb der Kontrolle des Shops liegen, kann sich die Lieferzeit verl\u00e4ngern. Der Kunde wird unverz\u00fcglich \u00fcber etwaige Verz\u00f6gerungen informiert. <\/p>\n<h2 data-start=\"724\" data-end=\"743\">Versandmethoden<\/h2>\n<p data-start=\"744\" data-end=\"827\">Wir bieten folgende Versandoptionen an (die Lieferzeit betr\u00e4gt in der Regel 1\u20133 Werktage):<\/p>\n<ul data-start=\"828\" data-end=\"901\">\n<li data-start=\"828\" data-end=\"846\">\n<p data-start=\"830\" data-end=\"846\">InPost-Kurier,<\/p>\n<\/li>\n<li data-start=\"847\" data-end=\"869\">\n<p data-start=\"849\" data-end=\"869\">InPost-Paketautomaten,<\/p>\n<\/li>\n<li data-start=\"870\" data-end=\"885\">\n<p data-start=\"872\" data-end=\"885\">DPD Pickup,<\/p>\n<\/li>\n<li data-start=\"886\" data-end=\"901\">\n<p data-start=\"888\" data-end=\"901\">DPD Kurier.<\/p>\n<\/li>\n<\/ul>\n<h2 data-start=\"903\" data-end=\"922\">Versandkosten<\/h2>\n<p data-start=\"923\" data-end=\"1117\">Die Versandkosten h\u00e4ngen vom Gewicht und Umfang der Bestellung sowie von der gew\u00e4hlten Versandart ab. Die vollst\u00e4ndigen Informationen zu den Kosten werden w\u00e4hrend des Bestellvorgangs angezeigt \u2013 <strong data-start=\"1084\" data-end=\"1114\">vor der Zahlung.<\/strong> <\/p>\n<h2 data-start=\"1119\" data-end=\"1145\">Lieferverz\u00f6gerungen<\/h2>\n<p data-start=\"1146\" data-end=\"1456\">Wir bem\u00fchen uns, Bestellungen termingerecht auszuf\u00fchren. Wir \u00fcbernehmen jedoch keine Verantwortung f\u00fcr Lieferverz\u00f6gerungen, die auf Gr\u00fcnde zur\u00fcckzuf\u00fchren sind, die bei den Transportunternehmen (z. B. Kurierdienste, Post) oder anderen von uns unabh\u00e4ngigen Umst\u00e4nden (z. B. Wetterbedingungen, Zollprobleme) liegen. <\/p>\n<h2 data-start=\"1458\" data-end=\"1481\">Probleme mit der Lieferung<\/h2>\n<p data-start=\"1482\" data-end=\"1775\">Wenn das Paket nicht innerhalb der voraussichtlichen Lieferzeit ankommt oder sichtbare \u00e4u\u00dfere Besch\u00e4digungen aufweist, sollte sich der Kunde unverz\u00fcglich unter der Adresse <strong data-start=\"1655\" data-end=\"1684\"><a class=\"cursor-pointer\" rel=\"noopener\" data-start=\"1657\" data-end=\"1682\">kontakt@herbaltattoo.eu<\/a><\/strong> mit dem Shop in Verbindung setzen. Der Shop wird alle erforderlichen Ma\u00dfnahmen ergreifen, um das Problem in Zusammenarbeit mit dem Transportunternehmen zu l\u00f6sen. <\/p>\n<h2 data-start=\"1777\" data-end=\"1803\">Abholtermin f\u00fcr das Paket<\/h2>\n<p data-start=\"1804\" data-end=\"2109\">Der Kunde ist verpflichtet, das Paket innerhalb der vom Spediteur festgelegten Frist abzuholen. Wird die Sendung nicht abgeholt und an den Shop zur\u00fcckgeschickt, gilt die Bestellung als <strong data-start=\"1977\" data-end=\"1995\">nicht zugestellt<\/strong>. Der Shop wird sich mit dem Kunden in Verbindung setzen, um das weitere Vorgehen zu kl\u00e4ren (erneuter Versand oder R\u00fcckerstattung des Kaufpreises).  <\/p>\n<p data-start=\"2111\" data-end=\"2198\"><img decoding=\"async\" draggable=\"false\" role=\"img\" class=\"emoji\" alt=\"\ud83d\udc49\" src=\"https:\/\/s.w.org\/images\/core\/emoji\/16.0.1\/svg\/1f449.svg\"> <strong data-start=\"2114\" data-end=\"2196\">Der Shop berechnet keine zus\u00e4tzlichen Kosten f\u00fcr nicht abgeholte Sendungen.<\/strong><\/p>\n<h2 data-start=\"2200\" data-end=\"2237\">Verantwortung des Kunden f\u00fcr Daten<\/h2>\n<p data-start=\"2238\" data-end=\"2461\">Der Kunde ist verpflichtet, korrekte Kontaktdaten anzugeben (Lieferadresse, E-Mail-Adresse, Telefonnummer). Der Shop haftet nicht f\u00fcr die Nichtzustellung der Sendung aufgrund falsch eingegebener Daten. <\/p>\n<h2 data-start=\"2463\" data-end=\"2488\">Reklamationen und Ausnahmen<\/h2>\n<p data-start=\"2489\" data-end=\"2700\">Bei Problemen mit der Zustellung des Pakets (z. B. Verlust, Besch\u00e4digung der Sendung) hat der Kunde das Recht, eine Reklamation einzureichen. Reklamationen werden innerhalb von <strong data-start=\"2654\" data-end=\"2679\">14 <strong data-start=\"2654\" data-end=\"2679\"><\/strong> <\/strong>nach Eingang bearbeitet. <\/p>\n<p data-start=\"2702\" data-end=\"2845\">Die Kosten f\u00fcr die Reklamation und die eventuelle R\u00fccksendung der Sendung gehen nicht zu Lasten des Kunden, sofern das Problem auf ein Verschulden des Shops oder des Kurierdienstes zur\u00fcckzuf\u00fchren ist.<\/p>\n<p data-start=\"2900\" data-end=\"3254\">\n<\/p><p><\/p>\n<p><\/p>\t\t\t\t\t\t\t\t<\/div>\n\t\t\t\t<\/div>\n\t\t\t\t\t<\/div>\n\t\t\t\t<\/div>\n\t\t\t\t<\/div>\n\t\t","protected":false},"excerpt":{"rendered":"<p>Versandbedingungen Lieferzeit Bestellungen werden innerhalb von 1\u20133 Werktagen nach dem Kauf bearbeitet, sofern alle Produkte der Bestellung vorr\u00e4tig sind. Bei Bestellungen, die Sonderanfertigungen umfassen, oder in F\u00e4llen, in denen die Lieferung von Faktoren abh\u00e4ngt, die au\u00dferhalb der Kontrolle des Shops liegen, kann sich die Lieferzeit verl\u00e4ngern. Der Kunde wird unverz\u00fcglich \u00fcber etwaige Verz\u00f6gerungen informiert. Versandmethoden&#8230;<\/p>\n","protected":false},"author":1,"featured_media":0,"parent":0,"menu_order":0,"comment_status":"closed","ping_status":"closed","template":"","meta":{"_monsterinsights_skip_tracking":false,"_monsterinsights_sitenote_active":false,"_monsterinsights_sitenote_note":"","_monsterinsights_sitenote_category":0,"_kadence_starter_templates_imported_post":false,"_kad_post_transparent":"","_kad_post_title":"","_kad_post_layout":"","_kad_post_sidebar_id":"","_kad_post_content_style":"","_kad_post_vertical_padding":"","_kad_post_feature":"","_kad_post_feature_position":"","_kad_post_header":false,"_kad_post_footer":false,"_kad_post_classname":"","footnotes":""},"class_list":["post-21102","page","type-page","status-publish","hentry"],"jetpack_sharing_enabled":true,"_links":{"self":[{"href":"https:\/\/herbaltattoo.eu\/de\/wp-json\/wp\/v2\/pages\/21102","targetHints":{"allow":["GET"]}}],"collection":[{"href":"https:\/\/herbaltattoo.eu\/de\/wp-json\/wp\/v2\/pages"}],"about":[{"href":"https:\/\/herbaltattoo.eu\/de\/wp-json\/wp\/v2\/types\/page"}],"author":[{"embeddable":true,"href":"https:\/\/herbaltattoo.eu\/de\/wp-json\/wp\/v2\/users\/1"}],"replies":[{"embeddable":true,"href":"https:\/\/herbaltattoo.eu\/de\/wp-json\/wp\/v2\/comments?post=21102"}],"version-history":[{"count":1,"href":"https:\/\/herbaltattoo.eu\/de\/wp-json\/wp\/v2\/pages\/21102\/revisions"}],"predecessor-version":[{"id":21103,"href":"https:\/\/herbaltattoo.eu\/de\/wp-json\/wp\/v2\/pages\/21102\/revisions\/21103"}],"wp:attachment":[{"href":"https:\/\/herbaltattoo.eu\/de\/wp-json\/wp\/v2\/media?parent=21102"}],"curies":[{"name":"wp","href":"https:\/\/api.w.org\/{rel}","templated":true}]}}