{"id":21071,"date":"2024-12-31T21:23:21","date_gmt":"2024-12-31T20:23:21","guid":{"rendered":"https:\/\/herbaltattoo.eu\/datenschutzerklaerung\/"},"modified":"2026-02-25T18:33:03","modified_gmt":"2026-02-25T17:33:03","slug":"datenschutzerklaerung","status":"publish","type":"page","link":"https:\/\/herbaltattoo.eu\/de\/datenschutzerklaerung\/","title":{"rendered":"Datenschutzerkl\u00e4rung"},"content":{"rendered":"\n<p class=\"has-text-align-center\"><\/p>\n\n<h2 class=\"wp-block-heading\">Verantwortlicher f\u00fcr personenbezogene Daten<\/h2>\n\n<p>Der Verantwortliche f\u00fcr Ihre personenbezogenen Daten ist das Unternehmen: <strong><strong><strong>TATUA\u017bE ZIO\u0141OWE PATRYK BARTKIEWICZ<\/strong><\/strong><\/strong>,<br\/>Polen, Mi\u0119dzyzdroje 72-500<br\/>ul. Tysi\u0105clecia Pa\u0144stwa Polskiego 29<br\/>NIP: 9860265300, REGON: 541045794.<br\/>Telefonnummer: <strong>+49 15231646377<\/strong>, E-Mail-Adresse: <strong><a>kontakt@herbaltattoo.eu<\/a><\/strong>.<\/p>\n\n<h2 class=\"wp-block-heading\">Umfang der erhobenen personenbezogenen Daten<\/h2>\n\n<p>Im Rahmen des Online-Shops sammeln wir folgende personenbezogene Daten:<\/p>\n\n<ul class=\"wp-block-list\">\n<li>Vor- und Nachname,<\/li>\n\n\n\n<li>E-Mail-Adresse,<\/li>\n\n\n\n<li>Postanschrift,<\/li>\n\n\n\n<li>Telefonnummer,<\/li>\n\n\n\n<li>Rechnungsdaten (falls zutreffend),<\/li>\n\n\n\n<li>Transaktionsdaten (Informationen zu Eink\u00e4ufen, Zahlungen).<\/li>\n<\/ul>\n\n<h2 class=\"wp-block-heading\">Zweck der Verarbeitung personenbezogener Daten<\/h2>\n\n<p>Personenbezogene Daten werden zu folgenden Zwecken verarbeitet:<\/p>\n\n<ul class=\"wp-block-list\">\n<li>Auftragsabwicklung (einschlie\u00dflich Versand der Ware),<\/li>\n\n\n\n<li>Kundenkontakt (Bestellstatus, \u00c4nderungen, Reklamationen),<\/li>\n\n\n\n<li>Erf\u00fcllung der sich aus den gesetzlichen Bestimmungen (z. B. Steuergesetzen) ergebenden Pflichten,<\/li>\n\n\n\n<li>Eigenmarketing (auf Grundlage einer Einwilligung),<\/li>\n\n\n\n<li>Versand des Newsletters (auf Grundlage Ihrer Einwilligung).<\/li>\n<\/ul>\n\n<h2 class=\"wp-block-heading\">Rechtsgrundlage f\u00fcr die Datenverarbeitung<\/h2>\n\n<p>Personenbezogene Daten werden auf folgender Grundlage verarbeitet:<\/p>\n\n<ul class=\"wp-block-list\">\n<li>Einwilligung des Nutzers (Art. 6 Abs. 1 Buchstabe a DSGVO) \u2013 z. B. Newsletter,<\/li>\n\n\n\n<li>Vertrag zwischen dem Nutzer und dem Shop (Art. 6 Abs. 1 Buchstabe b DSGVO),<\/li>\n\n\n\n<li>die dem Verantwortlichen obliegenden rechtlichen Verpflichtungen (Art. 6 Abs. 1 Buchstabe c DSGVO).<\/li>\n<\/ul>\n\n<h2 class=\"wp-block-heading\">Freiwilligkeit der Datenangabe<\/h2>\n\n<p>Die Angabe personenbezogener Daten ist <strong>freiwillig<\/strong>, jedoch f\u00fcr die Ausf\u00fchrung der Bestellung <strong>erforderlich<\/strong>. Werden diese Daten nicht angegeben, kann dies den Abschluss und die Abwicklung des Kaufvertrags unm\u00f6glich machen. <\/p>\n\n<h2 class=\"wp-block-heading\">Aufbewahrungsfrist f\u00fcr Daten<\/h2>\n\n<p>Personenbezogene Daten werden gespeichert:<\/p>\n\n<ul class=\"wp-block-list\">\n<li>f\u00fcr den zur Ausf\u00fchrung des Auftrags erforderlichen Zeitraum,<\/li>\n\n\n\n<li>f\u00fcr den gesetzlich vorgeschriebenen Zeitraum (z. B. 5 Jahre f\u00fcr Steuerdaten),<\/li>\n\n\n\n<li>im Falle der Datenverarbeitung auf der Grundlage einer Einwilligung \u2013 bis zum Widerruf dieser Einwilligung.<\/li>\n<\/ul>\n\n<h2 class=\"wp-block-heading\">Daten\u00fcbermittlung<\/h2>\n\n<p>Personenbezogene Daten k\u00f6nnen an folgende Stellen weitergegeben werden:<\/p>\n\n<ul class=\"wp-block-list\">\n<li>Online-Zahlungsdienstleistern (z. B. <strong>Przelewy24\/PayPro, VISA<\/strong>),<\/li>\n\n\n\n<li>Kurier- und Postunternehmen \u2013 zum Zweck der Lieferung von Bestellungen,<\/li>\n\n\n\n<li>IT- und Hosting-Dienstleister (einschlie\u00dflich Anbieter von E-Commerce-Plattformen und Mailing-Systemen).<\/li>\n<\/ul>\n\n<h2 class=\"wp-block-heading\">Rechte der Nutzer in Bezug auf personenbezogene Daten<\/h2>\n\n<p>Jeder Nutzer hat das Recht auf:<\/p>\n\n<ul class=\"wp-block-list\">\n<li>Zugriff auf Ihre personenbezogenen Daten,<\/li>\n\n\n\n<li>Berichtigung personenbezogener Daten,<\/li>\n\n\n\n<li>L\u00f6schung der Daten (\u201eRecht auf Vergessenwerden\u201c),<\/li>\n\n\n\n<li>Verarbeitungsbeschr\u00e4nkungen,<\/li>\n\n\n\n<li>die \u00dcbertragung von Daten an einen anderen Verantwortlichen,<\/li>\n\n\n\n<li>Widerspruch gegen die Verarbeitung von Daten zu Marketingzwecken oder im Rahmen der berechtigten Interessen des Verantwortlichen einzulegen,<\/li>\n\n\n\n<li>jederzeit die Einwilligung zur Datenverarbeitung widerrufen (was die Rechtm\u00e4\u00dfigkeit der Verarbeitung vor dem Widerruf nicht beeintr\u00e4chtigt),<\/li>\n\n\n\n<li>eine Beschwerde bei der Aufsichtsbeh\u00f6rde \u2013 <strong>dem Pr\u00e4sidenten des Amtes f\u00fcr den Schutz personenbezogener Daten (PUODO<\/strong>) \u2013 einzureichen.<\/li>\n<\/ul>\n\n<h2 class=\"wp-block-heading\">Profiling und automatisierte Entscheidungsfindung<\/h2>\n\n<p>Personenbezogene Daten werden <strong>nicht f\u00fcr automatisierte Entscheidungsfindungen oder Profiling verwendet.<\/strong><\/p>\n\n<h2 class=\"wp-block-heading\">Sicherheit personenbezogener Daten<\/h2>\n\n<p>Die Daten werden durch geeignete technische und organisatorische Ma\u00dfnahmen gesch\u00fctzt, darunter die Verschl\u00fcsselung der \u00dcbertragung (SSL). Zugriff auf die Daten haben ausschlie\u00dflich vom Administrator autorisierte Personen. <\/p>\n\n<h2 class=\"wp-block-heading\">Cookies<\/h2>\n\n<p>Der Online-Shop verwendet Cookies, die das ordnungsgem\u00e4\u00dfe Funktionieren der Website erm\u00f6glichen und Informationen \u00fcber die Nutzung der Website sammeln, um die Qualit\u00e4t der Dienstleistungen zu analysieren und zu verbessern. Der Benutzer kann Cookies jederzeit in den Einstellungen seines Browsers verwalten.<br\/>Wenn im Shop zus\u00e4tzliche Tools (z. B. Google Analytics, Facebook Pixel) verwendet werden, sollte deren Funktionsweise in einer separaten Cookie-Richtlinie beschrieben werden. <\/p>\n\n<h2 class=\"wp-block-heading\">Kontakt in Sachen Datenschutz<\/h2>\n\n<p>In Fragen zum Datenschutz wenden Sie sich bitte an:<\/p>\n\n<ul class=\"wp-block-list\">\n<li>e-mail: <strong><a>kontakt@herbaltattoo.eu<\/a><\/strong><\/li>\n\n\n\n<li>Telefonnummer: <strong>+49 15231646377<\/strong><\/li>\n<\/ul>\n\n<h2 class=\"wp-block-heading\">\u00c4nderungen der Datenschutzerkl\u00e4rung<\/h2>\n\n<p class=\"has-text-align-center\">Wir behalten uns das Recht vor, \u00c4nderungen an der Datenschutzerkl\u00e4rung vorzunehmen. \u00c4nderungen werden auf dieser Seite ver\u00f6ffentlicht, und im Falle wesentlicher \u00c4nderungen werden die Nutzer durch einen entsprechenden Hinweis auf der Website des Shops informiert. <\/p>\n","protected":false},"excerpt":{"rendered":"<p>Verantwortlicher f\u00fcr personenbezogene Daten Der Verantwortliche f\u00fcr Ihre personenbezogenen Daten ist das Unternehmen: TATUA\u017bE ZIO\u0141OWE PATRYK BARTKIEWICZ,Polen, Mi\u0119dzyzdroje 72-500ul. Tysi\u0105clecia Pa\u0144stwa Polskiego 29NIP: 9860265300, REGON: 541045794.Telefonnummer: +49 15231646377, E-Mail-Adresse: kontakt@herbaltattoo.eu. Umfang der erhobenen personenbezogenen Daten Im Rahmen des Online-Shops sammeln wir folgende personenbezogene Daten: Zweck der Verarbeitung personenbezogener Daten Personenbezogene Daten werden zu folgenden Zwecken&#8230;<\/p>\n","protected":false},"author":1,"featured_media":0,"parent":0,"menu_order":0,"comment_status":"closed","ping_status":"open","template":"","meta":{"_monsterinsights_skip_tracking":false,"_monsterinsights_sitenote_active":false,"_monsterinsights_sitenote_note":"","_monsterinsights_sitenote_category":0,"_kadence_starter_templates_imported_post":false,"_kad_post_transparent":"","_kad_post_title":"","_kad_post_layout":"","_kad_post_sidebar_id":"","_kad_post_content_style":"","_kad_post_vertical_padding":"","_kad_post_feature":"","_kad_post_feature_position":"","_kad_post_header":false,"_kad_post_footer":false,"_kad_post_classname":"","footnotes":""},"class_list":["post-21071","page","type-page","status-publish","hentry"],"jetpack_sharing_enabled":true,"_links":{"self":[{"href":"https:\/\/herbaltattoo.eu\/de\/wp-json\/wp\/v2\/pages\/21071","targetHints":{"allow":["GET"]}}],"collection":[{"href":"https:\/\/herbaltattoo.eu\/de\/wp-json\/wp\/v2\/pages"}],"about":[{"href":"https:\/\/herbaltattoo.eu\/de\/wp-json\/wp\/v2\/types\/page"}],"author":[{"embeddable":true,"href":"https:\/\/herbaltattoo.eu\/de\/wp-json\/wp\/v2\/users\/1"}],"replies":[{"embeddable":true,"href":"https:\/\/herbaltattoo.eu\/de\/wp-json\/wp\/v2\/comments?post=21071"}],"version-history":[{"count":3,"href":"https:\/\/herbaltattoo.eu\/de\/wp-json\/wp\/v2\/pages\/21071\/revisions"}],"predecessor-version":[{"id":22193,"href":"https:\/\/herbaltattoo.eu\/de\/wp-json\/wp\/v2\/pages\/21071\/revisions\/22193"}],"wp:attachment":[{"href":"https:\/\/herbaltattoo.eu\/de\/wp-json\/wp\/v2\/media?parent=21071"}],"curies":[{"name":"wp","href":"https:\/\/api.w.org\/{rel}","templated":true}]}}