{"id":21041,"date":"2020-10-26T11:38:49","date_gmt":"2020-10-26T10:38:49","guid":{"rendered":"https:\/\/herbaltattoo.eu\/ueber-uns\/"},"modified":"2026-01-24T17:45:02","modified_gmt":"2026-01-24T16:45:02","slug":"ueber-uns","status":"publish","type":"page","link":"https:\/\/herbaltattoo.eu\/de\/ueber-uns\/","title":{"rendered":"\u00dcber uns"},"content":{"rendered":"\t\t<div data-elementor-type=\"wp-page\" data-elementor-id=\"21041\" class=\"elementor elementor-21041 elementor-492\">\n\t\t\t\t\t\t<section class=\"elementor-section elementor-top-section elementor-element elementor-element-447bb11 elementor-section-content-middle elementor-section-boxed elementor-section-height-default elementor-section-height-default\" data-id=\"447bb11\" data-element_type=\"section\" data-e-type=\"section\" data-settings=\"{&quot;background_background&quot;:&quot;classic&quot;}\">\n\t\t\t\t\t\t\t<div class=\"elementor-background-overlay\"><\/div>\n\t\t\t\t\t\t\t<div class=\"elementor-container elementor-column-gap-default\">\n\t\t\t\t\t<div class=\"elementor-column elementor-col-100 elementor-top-column elementor-element elementor-element-01b2a2e\" data-id=\"01b2a2e\" data-element_type=\"column\" data-e-type=\"column\">\n\t\t\t<div class=\"elementor-widget-wrap elementor-element-populated\">\n\t\t\t\t\t\t<div class=\"elementor-element elementor-element-5cf34b4 elementor-widget elementor-widget-heading\" data-id=\"5cf34b4\" data-element_type=\"widget\" data-e-type=\"widget\" data-widget_type=\"heading.default\">\n\t\t\t\t<div class=\"elementor-widget-container\">\n\t\t\t\t\t<h2 class=\"elementor-heading-title elementor-size-default\">T\u00e4towierungen<br>halbpermanent<br>auf der Haut zwei Wochen lang!<\/h2>\t\t\t\t<\/div>\n\t\t\t\t<\/div>\n\t\t\t\t\t<\/div>\n\t\t<\/div>\n\t\t\t\t\t<\/div>\n\t\t<\/section>\n\t\t\t\t<section class=\"elementor-section elementor-top-section elementor-element elementor-element-f4ff7ab elementor-section-boxed elementor-section-height-default elementor-section-height-default\" data-id=\"f4ff7ab\" data-element_type=\"section\" data-e-type=\"section\">\n\t\t\t\t\t\t<div class=\"elementor-container elementor-column-gap-default\">\n\t\t\t\t\t<div class=\"elementor-column elementor-col-50 elementor-top-column elementor-element elementor-element-44539d7\" data-id=\"44539d7\" data-element_type=\"column\" data-e-type=\"column\">\n\t\t\t<div class=\"elementor-widget-wrap elementor-element-populated\">\n\t\t\t\t\t\t<div class=\"elementor-element elementor-element-59203da elementor-widget elementor-widget-heading\" data-id=\"59203da\" data-element_type=\"widget\" data-e-type=\"widget\" data-widget_type=\"heading.default\">\n\t\t\t\t<div class=\"elementor-widget-container\">\n\t\t\t\t\t<h3 class=\"elementor-heading-title elementor-size-default\">Kr\u00e4utertattoos<\/h3>\t\t\t\t<\/div>\n\t\t\t\t<\/div>\n\t\t\t\t<div class=\"elementor-element elementor-element-2583fa7 elementor-widget elementor-widget-text-editor\" data-id=\"2583fa7\" data-element_type=\"widget\" data-e-type=\"widget\" data-widget_type=\"text-editor.default\">\n\t\t\t\t<div class=\"elementor-widget-container\">\n\t\t\t\t\t\t\t\t\t<h5 data-start=\"182\" data-end=\"457\">Hey! Hier ist herbaltattoo.eu \u2013 ein Ort f\u00fcr alle, die sich gerne von anderen abheben, ver\u00e4ndern und mit ihrem Stil spielen. Wir erstellen <strong data-start=\"299\" data-end=\"320\">semipermanente Tattoos<\/strong>, die wie echte aussehen und etwa <strong data-start=\"378\" data-end=\"394\">zwei Wochen<\/strong> lang halten. Keine Schmerzen, kein Stress \u2013 nur Spa\u00df und Kreativit\u00e4t!   <\/h5><h5 data-start=\"459\" data-end=\"696\">Unsere Tattoos <strong data-start=\"476\" data-end=\"500\">sind hautvertr\u00e4glich<\/strong>, <strong data-start=\"502\" data-end=\"533\">dermatologisch getestet<\/strong> und <strong data-start=\"541\" data-end=\"566\">verf\u00fcgen \u00fcber einen Sicherheitsbericht <\/strong>sowie eine <strong data-start=\"572\" data-end=\"594\">Registrierung bei der CPNP<\/strong>. So kannst du sicher sein, dass sie nicht nur toll aussehen, sondern auch absolut sicher sind. <\/h5><h5 data-start=\"698\" data-end=\"870\">Sie sind sanft und auch<strong data-start=\"731\" data-end=\"761\"> f\u00fcr Kinder ab 3 Jahren <\/strong>(unter Aufsicht von Erwachsenen) geeignet \u2013 somit eignen sie sich sowohl f\u00fcr Partys, Urlaub als auch f\u00fcr Familienspa\u00df.<\/h5><h5 data-start=\"872\" data-end=\"1093\">Wir bei herbaltattoo.eu glauben, dass ein Tattoo eine M\u00f6glichkeit ist, sich selbst zu zeigen \u2013 heute kannst du ein K\u00fcnstler sein, morgen ein Minimalist. \u00c4ndere deinen Stil so oft du willst. Wir sorgen daf\u00fcr, dass du dich immer wohl in deiner Haut f\u00fchlst. \u2728<\/h5>\t\t\t\t\t\t\t\t<\/div>\n\t\t\t\t<\/div>\n\t\t\t\t\t<\/div>\n\t\t<\/div>\n\t\t\t\t<div class=\"elementor-column elementor-col-50 elementor-top-column elementor-element elementor-element-6d4acba\" data-id=\"6d4acba\" data-element_type=\"column\" data-e-type=\"column\">\n\t\t\t<div class=\"elementor-widget-wrap elementor-element-populated\">\n\t\t\t\t\t\t<div class=\"elementor-element elementor-element-07f52d4 elementor-widget elementor-widget-image\" data-id=\"07f52d4\" data-element_type=\"widget\" data-e-type=\"widget\" data-widget_type=\"image.default\">\n\t\t\t\t<div class=\"elementor-widget-container\">\n\t\t\t\t\t\t\t\t\t\t\t\t\t\t\t<img decoding=\"async\" src=\"https:\/\/herbaltattoo.eu\/wp-content\/uploads\/2025\/03\/19.webp\" title=\"19\" alt=\"19\" loading=\"lazy\" \/>\t\t\t\t\t\t\t\t\t\t\t\t\t\t\t<\/div>\n\t\t\t\t<\/div>\n\t\t\t\t\t<\/div>\n\t\t<\/div>\n\t\t\t\t\t<\/div>\n\t\t<\/section>\n\t\t\t\t<\/div>\n\t\t","protected":false},"excerpt":{"rendered":"<p>T\u00e4towierungenhalbpermanentauf der Haut zwei Wochen lang! Kr\u00e4utertattoos Hey! Hier ist herbaltattoo.eu \u2013 ein Ort f\u00fcr alle, die sich gerne von anderen abheben, ver\u00e4ndern und mit ihrem Stil spielen. Wir erstellen semipermanente Tattoos, die wie echte aussehen und etwa zwei Wochen lang halten. Keine Schmerzen, kein Stress \u2013 nur Spa\u00df und Kreativit\u00e4t! Unsere Tattoos sind hautvertr\u00e4glich,&#8230;<\/p>\n","protected":false},"author":1,"featured_media":0,"parent":0,"menu_order":0,"comment_status":"closed","ping_status":"closed","template":"","meta":{"_monsterinsights_skip_tracking":false,"_monsterinsights_sitenote_active":false,"_monsterinsights_sitenote_note":"","_monsterinsights_sitenote_category":0,"_kadence_starter_templates_imported_post":false,"_kad_post_transparent":"","_kad_post_title":"","_kad_post_layout":"","_kad_post_sidebar_id":"","_kad_post_content_style":"","_kad_post_vertical_padding":"","_kad_post_feature":"","_kad_post_feature_position":"","_kad_post_header":false,"_kad_post_footer":false,"_kad_post_classname":"","footnotes":""},"class_list":["post-21041","page","type-page","status-publish","hentry"],"jetpack_sharing_enabled":true,"_links":{"self":[{"href":"https:\/\/herbaltattoo.eu\/de\/wp-json\/wp\/v2\/pages\/21041","targetHints":{"allow":["GET"]}}],"collection":[{"href":"https:\/\/herbaltattoo.eu\/de\/wp-json\/wp\/v2\/pages"}],"about":[{"href":"https:\/\/herbaltattoo.eu\/de\/wp-json\/wp\/v2\/types\/page"}],"author":[{"embeddable":true,"href":"https:\/\/herbaltattoo.eu\/de\/wp-json\/wp\/v2\/users\/1"}],"replies":[{"embeddable":true,"href":"https:\/\/herbaltattoo.eu\/de\/wp-json\/wp\/v2\/comments?post=21041"}],"version-history":[{"count":1,"href":"https:\/\/herbaltattoo.eu\/de\/wp-json\/wp\/v2\/pages\/21041\/revisions"}],"predecessor-version":[{"id":21042,"href":"https:\/\/herbaltattoo.eu\/de\/wp-json\/wp\/v2\/pages\/21041\/revisions\/21042"}],"wp:attachment":[{"href":"https:\/\/herbaltattoo.eu\/de\/wp-json\/wp\/v2\/media?parent=21041"}],"curies":[{"name":"wp","href":"https:\/\/api.w.org\/{rel}","templated":true}]}}