{"id":21035,"date":"2025-01-15T18:01:00","date_gmt":"2025-01-15T17:01:00","guid":{"rendered":"https:\/\/herbaltattoo.eu\/rechtlicher-hinweis\/"},"modified":"2026-01-24T17:38:11","modified_gmt":"2026-01-24T16:38:11","slug":"rechtlicher-hinweis","status":"publish","type":"page","link":"https:\/\/herbaltattoo.eu\/de\/rechtlicher-hinweis\/","title":{"rendered":"Rechtlicher Hinweis"},"content":{"rendered":"\n<p class=\"has-text-align-center\">Rechtliche Hinweise \u2013 Online-Shop f\u00fcr Kr\u00e4utertattoos<\/p>\n\n<h2 class=\"wp-block-heading\">Shop owner<\/h2>\n\n<p>Der Online-Shop <a class=\"\" href=\"http:\/\/herbaltattoo.eu\">herbaltattoo.eu<\/a> wird betrieben von:<br\/><strong><strong>TATUA\u017bE ZIO\u0141OWE PATRYK BARTKIEWICZ<\/strong><\/strong>,<br\/>ul. Tysi\u0105clecia Pa\u0144stwa Polskiego 29,<br\/>72-500 Mi\u0119dzyzdroje,<br\/>NIP: 9860265300, REGON: 541045794.<br\/>Kontakt: <strong><a>kontakt@herbaltattoo.eu<\/a><\/strong>, tel. <strong>+48 669 778 397<\/strong>. <\/p>\n\n<h2 class=\"wp-block-heading\"> <\/h2>\n\n<h2 class=\"wp-block-heading\">Verantwortung f\u00fcr Inhalte<\/h2>\n\n<p>Der Shop bem\u00fcht sich, dass die Informationen \u00fcber die Produkte wahrheitsgem\u00e4\u00df und aktuell sind. Es k\u00f6nnen jedoch geringf\u00fcgige Ungenauigkeiten oder Fehler auftreten, die keinen Grund f\u00fcr Anspr\u00fcche darstellen, wenn sie keinen Einfluss auf die grundlegenden Eigenschaften des Produkts haben. <\/p>\n\n<h2 class=\"wp-block-heading\">Regeln f\u00fcr die Verwendung von Tattoos zum Aufkleben<\/h2>\n\n<ul class=\"wp-block-list\">\n<li>Die im Shop erh\u00e4ltlichen Tattoos sind ausschlie\u00dflich f\u00fcr den \u00e4u\u00dferlichen Gebrauch bestimmt.<\/li>\n\n\n\n<li>Der Kunde ist verpflichtet, die Gebrauchsanweisung zu befolgen.<\/li>\n\n\n\n<li>Die Produkte sind nicht f\u00fcr Personen mit Hautallergien geeignet \u2013 wir empfehlen, vor der Anwendung einen Patch-Test durchzuf\u00fchren.<\/li>\n\n\n\n<li>Der Shop haftet nicht f\u00fcr Folgen, die sich aus einer nicht bestimmungsgem\u00e4\u00dfen Verwendung des Produkts ergeben.<\/li>\n<\/ul>\n\n<h2 class=\"wp-block-heading\">Verbot der illegalen Verwendung von Produkten<\/h2>\n\n<p>Der Kunde verpflichtet sich, die Produkte nicht in einer Weise zu verwenden, die die Rechte Dritter (z. B. Urheberrechte, Markenrechte) verletzt. Im Falle einer Rechtsverletzung tr\u00e4gt der Kunde die volle Verantwortung. <\/p>\n\n<h2 class=\"wp-block-heading\">Schutz personenbezogener Daten<\/h2>\n\n<p>Der Administrator der personenbezogenen Daten der Kunden ist die Firma <strong>TATUA\u017bE ZIO\u0141OWE PATRYK BARTKIEWICZ<\/strong>. Detaillierte Informationen finden Sie in der <strong>Datenschutzerkl\u00e4rung.<\/strong> <\/p>\n\n<h2 class=\"wp-block-heading\">\u00c4nderungen im rechtlichen Hinweis<\/h2>\n\n<p>Der Shop beh\u00e4lt sich das Recht vor, diese rechtlichen Hinweise zu \u00e4ndern. Die \u00c4nderungen treten mit ihrer Ver\u00f6ffentlichung auf der Website des Shops in Kraft. <\/p>\n\n<h2 class=\"wp-block-heading\">Anwendbares Recht und Gerichtsbarkeit<\/h2>\n\n<p class=\"has-text-align-center\">Dieser rechtliche Hinweis unterliegt polnischem Recht. Streitigkeiten im Zusammenhang mit der Nutzung des Shops werden durch das zust\u00e4ndige Gericht gem\u00e4\u00df den gesetzlichen Bestimmungen entschieden. <\/p>\n\n<p><\/p>\n","protected":false},"excerpt":{"rendered":"<p>Rechtliche Hinweise \u2013 Online-Shop f\u00fcr Kr\u00e4utertattoos Shop owner Der Online-Shop herbaltattoo.eu wird betrieben von:TATUA\u017bE ZIO\u0141OWE PATRYK BARTKIEWICZ,ul. Tysi\u0105clecia Pa\u0144stwa Polskiego 29,72-500 Mi\u0119dzyzdroje,NIP: 9860265300, REGON: 541045794.Kontakt: kontakt@herbaltattoo.eu, tel. +48 669 778 397. Verantwortung f\u00fcr Inhalte Der Shop bem\u00fcht sich, dass die Informationen \u00fcber die Produkte wahrheitsgem\u00e4\u00df und aktuell sind. Es k\u00f6nnen jedoch geringf\u00fcgige Ungenauigkeiten oder Fehler&#8230;<\/p>\n","protected":false},"author":1,"featured_media":0,"parent":0,"menu_order":0,"comment_status":"closed","ping_status":"closed","template":"","meta":{"_monsterinsights_skip_tracking":false,"_monsterinsights_sitenote_active":false,"_monsterinsights_sitenote_note":"","_monsterinsights_sitenote_category":0,"_kadence_starter_templates_imported_post":false,"_kad_post_transparent":"","_kad_post_title":"","_kad_post_layout":"","_kad_post_sidebar_id":"","_kad_post_content_style":"","_kad_post_vertical_padding":"","_kad_post_feature":"","_kad_post_feature_position":"","_kad_post_header":false,"_kad_post_footer":false,"_kad_post_classname":"","footnotes":""},"class_list":["post-21035","page","type-page","status-publish","hentry"],"jetpack_sharing_enabled":true,"_links":{"self":[{"href":"https:\/\/herbaltattoo.eu\/de\/wp-json\/wp\/v2\/pages\/21035","targetHints":{"allow":["GET"]}}],"collection":[{"href":"https:\/\/herbaltattoo.eu\/de\/wp-json\/wp\/v2\/pages"}],"about":[{"href":"https:\/\/herbaltattoo.eu\/de\/wp-json\/wp\/v2\/types\/page"}],"author":[{"embeddable":true,"href":"https:\/\/herbaltattoo.eu\/de\/wp-json\/wp\/v2\/users\/1"}],"replies":[{"embeddable":true,"href":"https:\/\/herbaltattoo.eu\/de\/wp-json\/wp\/v2\/comments?post=21035"}],"version-history":[{"count":1,"href":"https:\/\/herbaltattoo.eu\/de\/wp-json\/wp\/v2\/pages\/21035\/revisions"}],"predecessor-version":[{"id":21036,"href":"https:\/\/herbaltattoo.eu\/de\/wp-json\/wp\/v2\/pages\/21035\/revisions\/21036"}],"wp:attachment":[{"href":"https:\/\/herbaltattoo.eu\/de\/wp-json\/wp\/v2\/media?parent=21035"}],"curies":[{"name":"wp","href":"https:\/\/api.w.org\/{rel}","templated":true}]}}