{"id":21019,"date":"2025-03-05T21:10:28","date_gmt":"2025-03-05T20:10:28","guid":{"rendered":"https:\/\/herbaltattoo.eu\/anleitung\/"},"modified":"2026-01-24T17:10:18","modified_gmt":"2026-01-24T16:10:18","slug":"anleitung","status":"publish","type":"page","link":"https:\/\/herbaltattoo.eu\/de\/anleitung\/","title":{"rendered":"Anleitung"},"content":{"rendered":"\t\t<div data-elementor-type=\"wp-page\" data-elementor-id=\"21019\" class=\"elementor elementor-21019 elementor-3571\">\n\t\t\t\t<div class=\"elementor-element elementor-element-5e6369d e-grid e-con-boxed e-con e-parent\" data-id=\"5e6369d\" data-element_type=\"container\" data-e-type=\"container\">\n\t\t\t\t\t<div class=\"e-con-inner\">\n\t\t\t\t<div class=\"elementor-element elementor-element-1167ab3 elementor-widget elementor-widget-image\" data-id=\"1167ab3\" data-element_type=\"widget\" data-e-type=\"widget\" data-widget_type=\"image.default\">\n\t\t\t\t<div class=\"elementor-widget-container\">\n\t\t\t\t\t\t\t\t\t\t\t\t\t\t\t<img fetchpriority=\"high\" decoding=\"async\" width=\"200\" height=\"300\" src=\"https:\/\/herbaltattoo.eu\/wp-content\/uploads\/2025\/03\/1.webp\" class=\"attachment-full size-full wp-image-21013\" alt=\"\" \/>\t\t\t\t\t\t\t\t\t\t\t\t\t\t\t<\/div>\n\t\t\t\t<\/div>\n\t\t\t\t<div class=\"elementor-element elementor-element-2101c7b elementor-widget elementor-widget-text-editor\" data-id=\"2101c7b\" data-element_type=\"widget\" data-e-type=\"widget\" data-widget_type=\"text-editor.default\">\n\t\t\t\t<div class=\"elementor-widget-container\">\n\t\t\t\t\t\t\t\t\t<h3 style=\"text-align: center;\" data-start=\"113\" data-end=\"139\"><strong>VORBEREITUNG DER HAUT:<\/strong><\/h3><h6> <\/h6><ul data-start=\"143\" data-end=\"416\"><li data-start=\"99\" data-end=\"186\"><strong>Waschen Sie die Anwendungsstelle mit Wasser und Seife, um Schmutz, \u00d6le und Kosmetikr\u00fcckst\u00e4nde zu entfernen.<\/strong><\/li><li data-start=\"187\" data-end=\"222\"><strong>Trocknen Sie die Haut mit einem sauberen Handtuch ab.<\/strong><\/li><li data-start=\"223\" data-end=\"303\"><strong>W\u00e4hlen Sie eine glatte, unbehaarte Hautstelle oder rasieren Sie die Anwendungsstelle vorsichtig.<\/strong><\/li><\/ul>\t\t\t\t\t\t\t\t<\/div>\n\t\t\t\t<\/div>\n\t\t\t\t<div class=\"elementor-element elementor-element-16ff04f elementor-widget elementor-widget-image\" data-id=\"16ff04f\" data-element_type=\"widget\" data-e-type=\"widget\" data-widget_type=\"image.default\">\n\t\t\t\t<div class=\"elementor-widget-container\">\n\t\t\t\t\t\t\t\t\t\t\t\t\t\t\t<img decoding=\"async\" width=\"200\" height=\"300\" src=\"https:\/\/herbaltattoo.eu\/wp-content\/uploads\/2025\/03\/2.webp\" class=\"attachment-full size-full wp-image-21014\" alt=\"\" \/>\t\t\t\t\t\t\t\t\t\t\t\t\t\t\t<\/div>\n\t\t\t\t<\/div>\n\t\t\t\t<div class=\"elementor-element elementor-element-f909832 elementor-widget elementor-widget-text-editor\" data-id=\"f909832\" data-element_type=\"widget\" data-e-type=\"widget\" data-widget_type=\"text-editor.default\">\n\t\t\t\t<div class=\"elementor-widget-container\">\n\t\t\t\t\t\t\t\t\t<h3 style=\"text-align: center;\" data-start=\"113\" data-end=\"139\"><strong>VORBEREITUNG DES TATTOOS:<\/strong><\/h3><h6> <\/h6><ul data-start=\"143\" data-end=\"416\"><li data-start=\"35\" data-end=\"92\"><p><strong>\u00d6ffnen Sie vorsichtig die Verpackung mit dem fertigen Kr\u00e4utertattoo.<\/strong><\/p><\/li><li data-start=\"93\" data-end=\"172\" data-is-only-node=\"\"><p><strong>Entfernen Sie vorsichtig die durchsichtige Schutzfolie, um die Seite mit dem Motiv freizulegen (kleben Sie die Folie nicht wieder auf das Tattoo).<\/strong><\/p><\/li><li data-start=\"173\" data-end=\"235\" data-is-last-node=\"\"><p><strong>Achten Sie darauf, das Muster nicht zu ber\u00fchren, um Besch\u00e4digungen zu vermeiden.<\/strong><\/p><\/li><\/ul>\t\t\t\t\t\t\t\t<\/div>\n\t\t\t\t<\/div>\n\t\t\t\t<div class=\"elementor-element elementor-element-5f46bee elementor-widget elementor-widget-image\" data-id=\"5f46bee\" data-element_type=\"widget\" data-e-type=\"widget\" data-widget_type=\"image.default\">\n\t\t\t\t<div class=\"elementor-widget-container\">\n\t\t\t\t\t\t\t\t\t\t\t\t\t\t\t<img decoding=\"async\" width=\"200\" height=\"300\" src=\"https:\/\/herbaltattoo.eu\/wp-content\/uploads\/2025\/03\/3.webp\" class=\"attachment-full size-full wp-image-21015\" alt=\"\" \/>\t\t\t\t\t\t\t\t\t\t\t\t\t\t\t<\/div>\n\t\t\t\t<\/div>\n\t\t\t\t<div class=\"elementor-element elementor-element-862bada elementor-widget elementor-widget-text-editor\" data-id=\"862bada\" data-element_type=\"widget\" data-e-type=\"widget\" data-widget_type=\"text-editor.default\">\n\t\t\t\t<div class=\"elementor-widget-container\">\n\t\t\t\t\t\t\t\t\t<h3 style=\"text-align: center;\" data-start=\"113\" data-end=\"139\"><strong>TATTOO-AUFKLEBEN:<\/strong><\/h3><h6> <\/h6><ul data-start=\"143\" data-end=\"416\"><li data-start=\"99\" data-end=\"186\"><strong>Positionieren Sie das Tattoo pr\u00e4zise \u00fcber der ausgew\u00e4hlten Stelle und achten Sie dabei auf die richtige Ausrichtung und Ausrichtung des Musters.<\/strong><\/li><li data-start=\"959\" data-end=\"1076\" data-is-only-node=\"\"><strong>Befeuchten Sie ein Papiertuch oder einen Schwamm mit Wasser und dr\u00fccken Sie es\/ihn vorsichtig auf das Tattoo. Halten Sie den Druck etwa 30 Sekunden lang aufrecht. <\/strong><\/li><\/ul>\t\t\t\t\t\t\t\t<\/div>\n\t\t\t\t<\/div>\n\t\t\t\t<div class=\"elementor-element elementor-element-24d05da elementor-widget elementor-widget-image\" data-id=\"24d05da\" data-element_type=\"widget\" data-e-type=\"widget\" data-widget_type=\"image.default\">\n\t\t\t\t<div class=\"elementor-widget-container\">\n\t\t\t\t\t\t\t\t\t\t\t\t\t\t\t<img loading=\"lazy\" decoding=\"async\" width=\"200\" height=\"300\" src=\"https:\/\/herbaltattoo.eu\/wp-content\/uploads\/2025\/03\/4.webp\" class=\"attachment-full size-full wp-image-21016\" alt=\"\" \/>\t\t\t\t\t\t\t\t\t\t\t\t\t\t\t<\/div>\n\t\t\t\t<\/div>\n\t\t\t\t<div class=\"elementor-element elementor-element-b09ae00 elementor-widget elementor-widget-text-editor\" data-id=\"b09ae00\" data-element_type=\"widget\" data-e-type=\"widget\" data-widget_type=\"text-editor.default\">\n\t\t\t\t<div class=\"elementor-widget-container\">\n\t\t\t\t\t\t\t\t\t<h3 style=\"text-align: center;\" data-start=\"113\" data-end=\"139\"><strong>ENTFERNEN EINES TATTOOS:<\/strong><\/h3><p data-start=\"0\" data-end=\"31\"> <\/p><ul><li style=\"list-style-type: none;\"><ul data-start=\"32\" data-end=\"307\" data-is-last-node=\"\" data-is-only-node=\"\"><li data-start=\"32\" data-end=\"138\"><p><strong>Nachdem Sie das Tattoo auf die Haut gedr\u00fcckt haben, entfernen Sie vorsichtig die Papierunterlage, beginnend an einer Ecke.<\/strong><\/p><\/li><li data-start=\"139\" data-end=\"259\" data-is-only-node=\"\"><p><strong>Vergewissern Sie sich, dass das Muster auf der Haut geblieben ist. Wenn etwas nicht \u00fcbertragen wurde, dr\u00fccken Sie das Tattoo leicht an und entfernen Sie die Unterlage erneut. <\/strong><\/p><\/li><li data-start=\"260\" data-end=\"307\" data-is-last-node=\"\"><p><strong>Machen Sie dies langsam, um ein Verwischen des Musters zu vermeiden.<\/strong><\/p><\/li><\/ul><\/li><\/ul>\t\t\t\t\t\t\t\t<\/div>\n\t\t\t\t<\/div>\n\t\t\t\t<div class=\"elementor-element elementor-element-999d511 elementor-widget elementor-widget-image\" data-id=\"999d511\" data-element_type=\"widget\" data-e-type=\"widget\" data-widget_type=\"image.default\">\n\t\t\t\t<div class=\"elementor-widget-container\">\n\t\t\t\t\t\t\t\t\t\t\t\t\t\t\t<img loading=\"lazy\" decoding=\"async\" width=\"200\" height=\"300\" src=\"https:\/\/herbaltattoo.eu\/wp-content\/uploads\/2025\/03\/5.webp\" class=\"attachment-full size-full wp-image-21017\" alt=\"\" \/>\t\t\t\t\t\t\t\t\t\t\t\t\t\t\t<\/div>\n\t\t\t\t<\/div>\n\t\t\t\t<div class=\"elementor-element elementor-element-b43c822 elementor-widget elementor-widget-text-editor\" data-id=\"b43c822\" data-element_type=\"widget\" data-e-type=\"widget\" data-widget_type=\"text-editor.default\">\n\t\t\t\t<div class=\"elementor-widget-container\">\n\t\t\t\t\t\t\t\t\t<h3 style=\"text-align: center;\" data-start=\"113\" data-end=\"139\"><strong>TATTOO ENTF\u00c4RBUNG:<\/strong><\/h3><h6> <\/h6><ul><li data-start=\"33\" data-end=\"113\"><strong>Nach dem Entfernen der Papierunterlage kann das Tattoo zun\u00e4chst blass aussehen.<\/strong><\/li><li data-start=\"114\" data-end=\"244\"><strong>Das Muster beginnt innerhalb von 24 bis 48 Stunden dunkler zu werden und seine volle Farbe anzunehmen, bis es schlie\u00dflich einen dunkelblauen oder schwarzen Farbton erreicht.<\/strong><\/li><li data-start=\"245\" data-end=\"323\"><strong>Der F\u00e4rbungsprozess h\u00e4ngt von den individuellen Eigenschaften der Haut und ihrer Pflege ab.<\/strong><\/li><\/ul>\t\t\t\t\t\t\t\t<\/div>\n\t\t\t\t<\/div>\n\t\t\t\t<div class=\"elementor-element elementor-element-7f01697 elementor-widget elementor-widget-image\" data-id=\"7f01697\" data-element_type=\"widget\" data-e-type=\"widget\" data-widget_type=\"image.default\">\n\t\t\t\t<div class=\"elementor-widget-container\">\n\t\t\t\t\t\t\t\t\t\t\t\t\t\t\t<img loading=\"lazy\" decoding=\"async\" width=\"200\" height=\"300\" src=\"https:\/\/herbaltattoo.eu\/wp-content\/uploads\/2025\/03\/6-1.webp\" class=\"attachment-large size-large wp-image-21018\" alt=\"\" \/>\t\t\t\t\t\t\t\t\t\t\t\t\t\t\t<\/div>\n\t\t\t\t<\/div>\n\t\t\t\t<div class=\"elementor-element elementor-element-2a37e82 elementor-widget elementor-widget-text-editor\" data-id=\"2a37e82\" data-element_type=\"widget\" data-e-type=\"widget\" data-widget_type=\"text-editor.default\">\n\t\t\t\t<div class=\"elementor-widget-container\">\n\t\t\t\t\t\t\t\t\t<h3 style=\"text-align: center;\" data-start=\"113\" data-end=\"139\"><strong>WARNUNGEN:<\/strong><\/h3>\n<h6 style=\"text-align: left;\">&nbsp;<\/h6>\n<ul>\n<li style=\"list-style-type: none;\">\n<ul style=\"text-align: left;\" data-start=\"292\" data-end=\"716\">\n<li data-start=\"292\" data-end=\"384\"><strong>Bedecken Sie das Tattoo nachts mit lockerer, luftiger Kleidung, um ein Abf\u00e4rben der Farbe zu vermeiden.<\/strong><\/li>\n<li data-start=\"385\" data-end=\"442\"><strong>Vermeiden Sie in den ersten 24 Stunden den Kontakt mit Wasser.<\/strong><\/li>\n<li data-start=\"443\" data-end=\"485\"><strong>Reiben oder kratzen Sie nicht an der T\u00e4towierung.<\/strong><\/li>\n<li data-start=\"486\" data-end=\"554\" data-is-only-node=\"\"><strong>Vermeiden Sie in den ersten Tagen Schwei\u00dfbildung und \u00fcberm\u00e4\u00dfige Reibung.<\/strong><\/li>\n<li data-start=\"555\" data-end=\"636\"><strong>Seien Sie nach dem F\u00e4rben vorsichtig und verwenden Sie milde Reinigungsmittel.<\/strong><\/li>\n<li data-start=\"555\" data-end=\"636\"><strong>Nachdem Sie die Folie entfernt haben, kleben Sie sie nicht wieder auf das Tattoo.<\/strong><\/li>\n<li data-start=\"555\" data-end=\"636\"><strong>Semipermanente Tattoos k\u00f6nnen allergische Reaktionen auf der Haut hervorrufen. Wenn Sie allergisch sind, empfehlen wir Ihnen Vorsicht. Nicht verwenden, wenn Sie gegen einen der Inhaltsstoffe des Produkts allergisch sind.  <\/strong><\/li>\n<li data-start=\"555\" data-end=\"636\"><strong>Nicht bei Kindern unter 3 Jahren anwenden!<\/strong><\/li>\n<\/ul>\n<\/li>\n<\/ul>\t\t\t\t\t\t\t\t<\/div>\n\t\t\t\t<\/div>\n\t\t\t\t\t<\/div>\n\t\t\t\t<\/div>\n\t\t<div class=\"elementor-element elementor-element-a6e5494 e-flex e-con-boxed e-con e-parent\" data-id=\"a6e5494\" data-element_type=\"container\" data-e-type=\"container\">\n\t\t\t\t\t<div class=\"e-con-inner\">\n\t\t<div class=\"elementor-element elementor-element-80ba82b e-con-full e-flex e-con e-child\" data-id=\"80ba82b\" data-element_type=\"container\" data-e-type=\"container\">\n\t\t<div class=\"elementor-element elementor-element-8951964 e-con-full e-flex e-con e-child\" data-id=\"8951964\" data-element_type=\"container\" data-e-type=\"container\">\n\t\t\t\t<div class=\"elementor-element elementor-element-b2c7fcd elementor-widget elementor-widget-video\" data-id=\"b2c7fcd\" data-element_type=\"widget\" data-e-type=\"widget\" data-settings=\"{&quot;youtube_url&quot;:&quot;https:\\\/\\\/youtu.be\\\/KRqLT0VWX-o&quot;,&quot;video_type&quot;:&quot;youtube&quot;,&quot;controls&quot;:&quot;yes&quot;}\" data-widget_type=\"video.default\">\n\t\t\t\t<div class=\"elementor-widget-container\">\n\t\t\t\t\t\t\t<div class=\"elementor-wrapper elementor-open-inline\">\n\t\t\t<div class=\"elementor-video\"><\/div>\t\t<\/div>\n\t\t\t\t\t\t<\/div>\n\t\t\t\t<\/div>\n\t\t\t\t<\/div>\n\t\t\t\t<div class=\"elementor-element elementor-element-6779149 elementor-widget elementor-widget-text-editor\" data-id=\"6779149\" data-element_type=\"widget\" data-e-type=\"widget\" data-widget_type=\"text-editor.default\">\n\t\t\t\t<div class=\"elementor-widget-container\">\n\t\t\t\t\t\t\t\t\t<p> <\/p><h3 style=\"text-align: center;\"><strong>ZUTATEN:<\/strong><\/h3><p style=\"text-align: center;\"><strong>Acrylates Copolymer \u2013 Acrylat-Copolymer \u2013 88,02 %<\/strong><br data-start=\"119\" data-end=\"122\" data-is-only-node=\"\"><strong>Celluloseacetatbutyrat \u2013 Celluloseacetatbutyrat \u2013 9,10 %<\/strong><br data-start=\"184\" data-end=\"187\"><strong>Sucrose Acetate Isobutyrate \u2013 Saccharoseacetatisobutyrat \u2013 1,04 %<\/strong><br data-start=\"255\" data-end=\"258\"><strong>Dipropylenglykoldibenzoat \u2013 0,68 %<\/strong><br data-start=\"337\" data-end=\"340\"><strong>Polyvinylbutyral \u2013 Polyvinylbutyral \u2013 0,65 %<\/strong><br data-start=\"390\" data-end=\"393\"><strong>Rosin Acrylate \u2013 Kolophoniumacrylat \u2013 0,17 %<\/strong><br data-start=\"439\" data-end=\"442\"><strong>Paraffinum Liquidum \/ Mineral Oil \u2013 fl\u00fcssiges Paraffin \/ Mineral\u00f6l \u2013 0,10 %<\/strong><br data-start=\"522\" data-end=\"525\"><strong>Glycine Soja (Soybean) Oil \u2013 Soja\u00f6l (Glycine soja) \u2013 0,10 %<\/strong><br data-start=\"592\" data-end=\"595\"><strong>Synthetic Wax \u2013 synthetisches Wachs \u2013 0,08 %<\/strong><br data-start=\"639\" data-end=\"642\"><strong>Genipin \u2013 Genipin \u2013 0,04 %<\/strong><br data-start=\"672\" data-end=\"675\"><strong>Polyoxymethylenmelamin \u2013 0,02 %<\/strong><\/p>\t\t\t\t\t\t\t\t<\/div>\n\t\t\t\t<\/div>\n\t\t\t\t<\/div>\n\t\t\t\t\t<\/div>\n\t\t\t\t<\/div>\n\t\t\t\t<\/div>\n\t\t","protected":false},"excerpt":{"rendered":"<p>VORBEREITUNG DER HAUT: Waschen Sie die Anwendungsstelle mit Wasser und Seife, um Schmutz, \u00d6le und Kosmetikr\u00fcckst\u00e4nde zu entfernen. Trocknen Sie die Haut mit einem sauberen Handtuch ab. W\u00e4hlen Sie eine glatte, unbehaarte Hautstelle oder rasieren Sie die Anwendungsstelle vorsichtig. VORBEREITUNG DES TATTOOS: \u00d6ffnen Sie vorsichtig die Verpackung mit dem fertigen Kr\u00e4utertattoo. Entfernen Sie vorsichtig die&#8230;<\/p>\n","protected":false},"author":1,"featured_media":0,"parent":0,"menu_order":0,"comment_status":"closed","ping_status":"closed","template":"","meta":{"_monsterinsights_skip_tracking":false,"_monsterinsights_sitenote_active":false,"_monsterinsights_sitenote_note":"","_monsterinsights_sitenote_category":0,"_kadence_starter_templates_imported_post":false,"_kad_post_transparent":"","_kad_post_title":"","_kad_post_layout":"","_kad_post_sidebar_id":"","_kad_post_content_style":"","_kad_post_vertical_padding":"","_kad_post_feature":"","_kad_post_feature_position":"","_kad_post_header":false,"_kad_post_footer":false,"_kad_post_classname":"","footnotes":""},"class_list":["post-21019","page","type-page","status-publish","hentry"],"jetpack_sharing_enabled":true,"_links":{"self":[{"href":"https:\/\/herbaltattoo.eu\/de\/wp-json\/wp\/v2\/pages\/21019","targetHints":{"allow":["GET"]}}],"collection":[{"href":"https:\/\/herbaltattoo.eu\/de\/wp-json\/wp\/v2\/pages"}],"about":[{"href":"https:\/\/herbaltattoo.eu\/de\/wp-json\/wp\/v2\/types\/page"}],"author":[{"embeddable":true,"href":"https:\/\/herbaltattoo.eu\/de\/wp-json\/wp\/v2\/users\/1"}],"replies":[{"embeddable":true,"href":"https:\/\/herbaltattoo.eu\/de\/wp-json\/wp\/v2\/comments?post=21019"}],"version-history":[{"count":1,"href":"https:\/\/herbaltattoo.eu\/de\/wp-json\/wp\/v2\/pages\/21019\/revisions"}],"predecessor-version":[{"id":21021,"href":"https:\/\/herbaltattoo.eu\/de\/wp-json\/wp\/v2\/pages\/21019\/revisions\/21021"}],"wp:attachment":[{"href":"https:\/\/herbaltattoo.eu\/de\/wp-json\/wp\/v2\/media?parent=21019"}],"curies":[{"name":"wp","href":"https:\/\/api.w.org\/{rel}","templated":true}]}}