{"id":22635,"date":"2026-03-09T16:30:22","date_gmt":"2026-03-09T15:30:22","guid":{"rendered":"https:\/\/herbaltattoo.eu\/produkt\/stin-plamene\/"},"modified":"2026-03-09T16:30:22","modified_gmt":"2026-03-09T15:30:22","slug":"stin-plamene","status":"publish","type":"product","link":"https:\/\/herbaltattoo.eu\/cs\/produkt\/stin-plamene\/","title":{"rendered":"St\u00edn Plamene"},"content":{"rendered":"<p>Tetov\u00e1n\u00ed p\u0159ipom\u00edn\u00e1 plamen nebo roztr\u017een\u00ed vytvo\u0159en\u00e9 tahy \u010dern\u00e9ho inkoustu, symbolizuj\u00edc\u00ed <strong data-start=\"266\" data-end=\"302\">energii, v\u00e1\u0161e\u0148 a vnit\u0159n\u00ed s\u00edlu<\/strong>. Dynamick\u00e9 linie znamenaj\u00ed pohyb, svobodu a vyman\u011bn\u00ed se ze stereotyp\u016f. Je to znamen\u00ed pro ty, kdo v sob\u011b maj\u00ed ohe\u0148, nez\u00e1vislost a charakter, kter\u00fd nelze zastavit.  <\/p>\n","protected":false},"excerpt":{"rendered":"<p>Tetov\u00e1n\u00ed p\u0159ipom\u00edn\u00e1 plamen nebo roztr\u017een\u00ed vytvo\u0159en\u00e9 tahy \u010dern\u00e9ho inkoustu, symbolizuj\u00edc\u00ed energii, v\u00e1\u0161e\u0148 a vnit\u0159n\u00ed s\u00edlu. Dynamick\u00e9 linie znamenaj\u00ed pohyb, svobodu a vyman\u011bn\u00ed se ze stereotyp\u016f. Je to znamen\u00ed pro ty, kdo v sob\u011b maj\u00ed ohe\u0148, nez\u00e1vislost a charakter, kter\u00fd nelze zastavit.<\/p>\n","protected":false},"featured_media":22363,"template":"","meta":{"_monsterinsights_skip_tracking":false,"_monsterinsights_sitenote_active":false,"_monsterinsights_sitenote_note":"","_monsterinsights_sitenote_category":0,"_kadence_starter_templates_imported_post":false,"_kad_post_transparent":"","_kad_post_title":"","_kad_post_layout":"","_kad_post_sidebar_id":"","_kad_post_content_style":"","_kad_post_vertical_padding":"","_kad_post_feature":"","_kad_post_feature_position":"","_kad_post_header":false,"_kad_post_footer":false,"_kad_post_classname":""},"product_brand":[],"product_cat":[80,77],"product_tag":[],"class_list":{"0":"post-22635","1":"product","2":"type-product","3":"status-publish","4":"has-post-thumbnail","6":"product_cat-plne-tetovani","7":"product_cat-vse","9":"first","10":"instock","11":"taxable","12":"shipping-taxable","13":"purchasable","14":"product-type-simple","15":"entry","16":"content-bg","17":"loop-entry"},"jetpack_sharing_enabled":true,"_links":{"self":[{"href":"https:\/\/herbaltattoo.eu\/cs\/wp-json\/wp\/v2\/product\/22635","targetHints":{"allow":["GET"]}}],"collection":[{"href":"https:\/\/herbaltattoo.eu\/cs\/wp-json\/wp\/v2\/product"}],"about":[{"href":"https:\/\/herbaltattoo.eu\/cs\/wp-json\/wp\/v2\/types\/product"}],"wp:featuredmedia":[{"embeddable":true,"href":"https:\/\/herbaltattoo.eu\/cs\/wp-json\/wp\/v2\/media\/22363"}],"wp:attachment":[{"href":"https:\/\/herbaltattoo.eu\/cs\/wp-json\/wp\/v2\/media?parent=22635"}],"wp:term":[{"taxonomy":"product_brand","embeddable":true,"href":"https:\/\/herbaltattoo.eu\/cs\/wp-json\/wp\/v2\/product_brand?post=22635"},{"taxonomy":"product_cat","embeddable":true,"href":"https:\/\/herbaltattoo.eu\/cs\/wp-json\/wp\/v2\/product_cat?post=22635"},{"taxonomy":"product_tag","embeddable":true,"href":"https:\/\/herbaltattoo.eu\/cs\/wp-json\/wp\/v2\/product_tag?post=22635"}],"curies":[{"name":"wp","href":"https:\/\/api.w.org\/{rel}","templated":true}]}}