{"id":22633,"date":"2026-03-09T16:30:15","date_gmt":"2026-03-09T15:30:15","guid":{"rendered":"https:\/\/herbaltattoo.eu\/produkt\/sigil-mesicni-sily\/"},"modified":"2026-03-09T16:30:15","modified_gmt":"2026-03-09T15:30:15","slug":"sigil-mesicni-sily","status":"publish","type":"product","link":"https:\/\/herbaltattoo.eu\/cs\/produkt\/sigil-mesicni-sily\/","title":{"rendered":"Sigil M\u011bs\u00ed\u010dn\u00ed S\u00edly"},"content":{"rendered":"<p>Tetov\u00e1n\u00ed zobrazuje abstraktn\u00ed znak s p\u016flm\u011bs\u00edcem naho\u0159e, symbolizuj\u00edc\u00ed <strong data-start=\"268\" data-end=\"307\">intuici, tajemstv\u00ed a no\u010dn\u00ed energii<\/strong>. Geometrick\u00e9, runov\u00e9 formy znamenaj\u00ed <strong data-start=\"348\" data-end=\"403\">ochranu, vnit\u0159n\u00ed s\u00edlu a duchovn\u00ed transformaci<\/strong>. Celek p\u0159ipom\u00edn\u00e1 magick\u00fd sigil \u2013 znak osoby, kter\u00e1 jde svou vlastn\u00ed cestou a \u010derp\u00e1 s\u00edlu z ticha, temnoty a symbol\u016f.  <\/p>\n","protected":false},"excerpt":{"rendered":"<p>Tetov\u00e1n\u00ed zobrazuje abstraktn\u00ed znak s p\u016flm\u011bs\u00edcem naho\u0159e, symbolizuj\u00edc\u00ed intuici, tajemstv\u00ed a no\u010dn\u00ed energii. Geometrick\u00e9, runov\u00e9 formy znamenaj\u00ed ochranu, vnit\u0159n\u00ed s\u00edlu a duchovn\u00ed transformaci. Celek p\u0159ipom\u00edn\u00e1 magick\u00fd sigil \u2013 znak osoby, kter\u00e1 jde svou vlastn\u00ed cestou a \u010derp\u00e1 s\u00edlu z ticha, temnoty a symbol\u016f.<\/p>\n","protected":false},"featured_media":22359,"template":"","meta":{"_monsterinsights_skip_tracking":false,"_monsterinsights_sitenote_active":false,"_monsterinsights_sitenote_note":"","_monsterinsights_sitenote_category":0,"_kadence_starter_templates_imported_post":false,"_kad_post_transparent":"","_kad_post_title":"","_kad_post_layout":"","_kad_post_sidebar_id":"","_kad_post_content_style":"","_kad_post_vertical_padding":"","_kad_post_feature":"","_kad_post_feature_position":"","_kad_post_header":false,"_kad_post_footer":false,"_kad_post_classname":""},"product_brand":[],"product_cat":[80,77],"product_tag":[],"class_list":{"0":"post-22633","1":"product","2":"type-product","3":"status-publish","4":"has-post-thumbnail","6":"product_cat-plne-tetovani","7":"product_cat-vse","9":"first","10":"instock","11":"taxable","12":"shipping-taxable","13":"purchasable","14":"product-type-simple","15":"entry","16":"content-bg","17":"loop-entry"},"jetpack_sharing_enabled":true,"_links":{"self":[{"href":"https:\/\/herbaltattoo.eu\/cs\/wp-json\/wp\/v2\/product\/22633","targetHints":{"allow":["GET"]}}],"collection":[{"href":"https:\/\/herbaltattoo.eu\/cs\/wp-json\/wp\/v2\/product"}],"about":[{"href":"https:\/\/herbaltattoo.eu\/cs\/wp-json\/wp\/v2\/types\/product"}],"wp:featuredmedia":[{"embeddable":true,"href":"https:\/\/herbaltattoo.eu\/cs\/wp-json\/wp\/v2\/media\/22359"}],"wp:attachment":[{"href":"https:\/\/herbaltattoo.eu\/cs\/wp-json\/wp\/v2\/media?parent=22633"}],"wp:term":[{"taxonomy":"product_brand","embeddable":true,"href":"https:\/\/herbaltattoo.eu\/cs\/wp-json\/wp\/v2\/product_brand?post=22633"},{"taxonomy":"product_cat","embeddable":true,"href":"https:\/\/herbaltattoo.eu\/cs\/wp-json\/wp\/v2\/product_cat?post=22633"},{"taxonomy":"product_tag","embeddable":true,"href":"https:\/\/herbaltattoo.eu\/cs\/wp-json\/wp\/v2\/product_tag?post=22633"}],"curies":[{"name":"wp","href":"https:\/\/api.w.org\/{rel}","templated":true}]}}